{"id":20568,"date":"2025-10-26T12:41:18","date_gmt":"2025-10-26T04:41:18","guid":{"rendered":"https:\/\/balisoultrips.com\/product\/excursion-gili-trawangan-2-jours-depuis-bali\/"},"modified":"2026-05-09T18:00:41","modified_gmt":"2026-05-09T10:00:41","slug":"excursion-gili-trawangan-2-jours-depuis-bali","status":"publish","type":"product","link":"https:\/\/balisoultrips.com\/fr\/produit\/excursion-gili-trawangan-2-jours-depuis-bali\/","title":{"rendered":"Excursion de 2 jours \u00e0 Gili Trawangan depuis Bali \u2014 snorkeling et plage"},"content":{"rendered":"<h6 class=\"p1\"><strong>Langues<\/strong> : anglais, indon\u00e9sien<\/h6>\n<h2>Aper\u00e7u<\/h2>\n<p class=\"p1\">Les \u00eeles Gili sont un v\u00e9ritable paradis pour les voyageurs en Indon\u00e9sie, aussi appel\u00e9es les \u00ab \u00eeles aux Tortues \u00bb. Si vous r\u00eavez d&rsquo;une escapade tropicale et d&rsquo;une coupure totale avec le quotidien, ne manquez pas l&rsquo;occasion de visiter Gili Trawangan \u2014 la plus grande et la plus pittoresque des \u00eeles. <\/p>\n<p class=\"p1\">Ici, pas de circulation motoris\u00e9e bruyante ni de sites touristiques bond\u00e9s. Vous d\u00e9couvrirez en revanche des plages pr\u00e9serv\u00e9es, une vie sous-marine foisonnante et des soir\u00e9es anim\u00e9es en musique dans les bars locaux. Gili Trawangan plaira aussi bien \u00e0 ceux qui recherchent un s\u00e9jour baln\u00e9aire paisible et de superbes d\u00e9cors pour leurs photos qu&rsquo;aux amateurs d&rsquo;aventure. Snorkeling, observation de tortues marines rares, stand-up paddle ou wakeboard \u2014 tout est possible ici. Vous pouvez aussi louer un v\u00e9lo et faire le tour complet de l&rsquo;\u00eele en quelques heures, en vous impr\u00e9gnant de son atmosph\u00e8re unique et de ses paysages magnifiques.    <\/p>\n<h3 class=\"p1\">Nous proposons plusieurs options d\u2019h\u00e9bergement :<\/h3>\n<ul>\n<li><strong>Abdi Hotel &amp; Bungalow 3*<\/strong> (<a href=\"https:\/\/maps.app.goo.gl\/tLNKrduAD8Yw8Ect7\" target=\"_blank\" rel=\"noopener\">Google Maps<\/a>)<\/li>\n<li><strong>Pesona Beach Resort &amp; Spa (Adults Only) 3*<\/strong>(<a href=\"https:\/\/maps.app.goo.gl\/aJfALZAGMGbh76oa8\" target=\"_blank\" rel=\"noopener\">Google Maps<\/a>)<\/li>\n<li><strong>Manta Dive Gili Trawangan 3*<\/strong>(<a href=\"https:\/\/maps.app.goo.gl\/4Em24qaDR9hdesp29\" target=\"_blank\" rel=\"noopener\">Google Maps<\/a>)<\/li>\n<\/ul>\n<h3>Informations importantes<\/h3>\n<ul>\n<li>R\u00e9servation avec paiement int\u00e9gral \u00e0 l\u2019avance.<\/li>\n<li class=\"p1\">Pendant la haute saison touristique, du 16 juin au 15 octobre et du 16 d\u00e9cembre au 15 janvier, un suppl\u00e9ment de 600 000 IDR (environ 37 USD) s&rsquo;applique.<\/li>\n<li class=\"p1\">Les enfants de moins de 2 ans ne n\u00e9cessitent pas de billet.<\/li>\n<li class=\"p1\">Au port, avant l&rsquo;arriv\u00e9e \u00e0 Gili et au retour avant l&#8217;embarquement pour Bali, une taxe gouvernementale est per\u00e7ue : 10 000 IDR par personne avant le d\u00e9part vers les \u00eeles Gili et 20 000 IDR par personne au retour (soit un total de 30 000 IDR par personne pour l&rsquo;aller-retour). Les taxes ne sont pas incluses dans le prix du billet et sont pay\u00e9es s\u00e9par\u00e9ment<\/li>\n<li class=\"p1\">Le transfert de retour peut \u00eatre plus complexe \u00e0 organiser et durer environ 4 \u00e0 5 heures. La dur\u00e9e du trajet d\u00e9pend de la circulation, des \u00e9ventuels retards de bateau et de l&rsquo;\u00e9loignement de votre h\u00f4tel ; merci de votre patience. <\/li>\n<li class=\"p1\">La soci\u00e9t\u00e9 Ostina ne garantit pas le transfert retour directement \u00e0 votre h\u00f4tel, mais uniquement vers un point central de la zone.<\/li>\n<li class=\"p1\">En raison de conditions m\u00e9t\u00e9orologiques d\u00e9favorables dans le d\u00e9troit de Lombok, et pour des raisons de s\u00e9curit\u00e9, la compagnie de bateau peut vous transf\u00e9rer sur un ferry pour la travers\u00e9e des \u00eeles Gili \u00e0 Bali ou inversement (cas de force majeure).<\/li>\n<li class=\"p1\">Nous vous d\u00e9conseillons de planifier des excursions vers d&rsquo;autres \u00eeles s&rsquo;il vous reste moins de deux jours avant votre vol au d\u00e9part de Bali.<\/li>\n<li class=\"p1\">La compagnie de bateau se r\u00e9serve le droit de vous transf\u00e9rer sur le bateau d&rsquo;une autre compagnie si moins de 50 % des places ont \u00e9t\u00e9 vendues.<\/li>\n<li>Nous agissons en tant que service de r\u00e9servation et interm\u00e9diaire entre le client et le prestataire de services en Indon\u00e9sie.<\/li>\n<li>Nous garantissons des tarifs publics transparents et des conditions claires, sans frais cach\u00e9s.<\/li>\n<li>Nous s\u00e9lectionnons soigneusement les meilleurs prestataires et travaillons en continu \u00e0 l\u2019am\u00e9lioration de la qualit\u00e9 de notre service.<\/li>\n<\/ul>\n","protected":false},"excerpt":{"rendered":"<p>Langues : anglais, indon\u00e9sien Aper\u00e7u Les \u00eeles Gili sont un v\u00e9ritable paradis pour les voyageurs en Indon\u00e9sie, aussi appel\u00e9es les \u00ab \u00eeles aux Tortues \u00bb. Si vous r\u00eavez d&rsquo;une escapade tropicale et d&rsquo;une coupure totale avec le quotidien, ne manquez pas l&rsquo;occasion de visiter Gili Trawangan \u2014 la plus grande et la plus pittoresque des [&hellip;]<\/p>\n","protected":false},"featured_media":11775,"comment_status":"open","ping_status":"closed","template":"","meta":{"_acf_changed":false},"product_brand":[],"product_cat":[520,551],"product_tag":[],"class_list":{"0":"post-20568","1":"product","2":"type-product","3":"status-publish","4":"has-post-thumbnail","6":"brw_tour_types-visite-privee","7":"brw_parent_child-child","8":"product_cat-iles","9":"product_cat-snorkeling","11":"first","12":"instock","13":"shipping-taxable","14":"purchasable","15":"product-type-ovabrw_car_rental"},"acf":[],"_links":{"self":[{"href":"https:\/\/balisoultrips.com\/fr\/wp-json\/wp\/v2\/product\/20568","targetHints":{"allow":["GET"]}}],"collection":[{"href":"https:\/\/balisoultrips.com\/fr\/wp-json\/wp\/v2\/product"}],"about":[{"href":"https:\/\/balisoultrips.com\/fr\/wp-json\/wp\/v2\/types\/product"}],"replies":[{"embeddable":true,"href":"https:\/\/balisoultrips.com\/fr\/wp-json\/wp\/v2\/comments?post=20568"}],"wp:featuredmedia":[{"embeddable":true,"href":"https:\/\/balisoultrips.com\/fr\/wp-json\/wp\/v2\/media\/11775"}],"wp:attachment":[{"href":"https:\/\/balisoultrips.com\/fr\/wp-json\/wp\/v2\/media?parent=20568"}],"wp:term":[{"taxonomy":"product_brand","embeddable":true,"href":"https:\/\/balisoultrips.com\/fr\/wp-json\/wp\/v2\/product_brand?post=20568"},{"taxonomy":"product_cat","embeddable":true,"href":"https:\/\/balisoultrips.com\/fr\/wp-json\/wp\/v2\/product_cat?post=20568"},{"taxonomy":"product_tag","embeddable":true,"href":"https:\/\/balisoultrips.com\/fr\/wp-json\/wp\/v2\/product_tag?post=20568"}],"curies":[{"name":"wp","href":"https:\/\/api.w.org\/{rel}","templated":true}]}}