{"id":20439,"date":"2025-10-26T13:28:32","date_gmt":"2025-10-26T05:28:32","guid":{"rendered":"https:\/\/balisoultrips.com\/product\/excursion-gili-air-2-jours-depuis-bali\/"},"modified":"2026-05-09T11:49:28","modified_gmt":"2026-05-09T03:49:28","slug":"excursion-gili-air-2-jours-depuis-bali","status":"publish","type":"product","link":"https:\/\/balisoultrips.com\/fr\/produit\/excursion-gili-air-2-jours-depuis-bali\/","title":{"rendered":"Excursion de 2 jours \u00e0 Gili Air depuis Bali \u2014 plages, snorkeling et tortues"},"content":{"rendered":"<h6 class=\"p1\"><strong>Langues<\/strong> : anglais, indon\u00e9sien<\/h6>\n<h2>Aper\u00e7u<\/h2>\n<p class=\"p1\">Gili Air n&rsquo;est pas seulement une \u00eele aux plages de sable blanc et aux paysages idylliques, c&rsquo;est aussi un v\u00e9ritable aquarium \u00e0 ciel ouvert. Ses eaux abritent de nombreuses cr\u00e9atures fascinantes : de grandes tortues qui nagent \u00e0 port\u00e9e de main et une multitude de poissons color\u00e9s, offrant une exp\u00e9rience sous-marine \u00e9clatante.<\/p>\n<p class=\"p1\">Le snorkeling \u00e0 Gili Air vous permet non seulement d&rsquo;admirer des statues sous-marines et des coraux \u00e9clatants, mais aussi de mieux comprendre le monde qui s&rsquo;\u00e9tend sous vos pieds. C&rsquo;est un univers de beaut\u00e9 silencieuse et de d\u00e9couvertes \u00e9tonnantes, qui attend tous ceux qui osent plonger dans ses eaux.<\/p>\n<h3 class=\"p1\">Nous proposons plusieurs options d\u2019h\u00e9bergement :<\/h3>\n<ul>\n<li><strong>Royal Regantris Villa Karang 3*<\/strong> (<a href=\"https:\/\/maps.app.goo.gl\/SByEE5RPNyXEqmRt5\" target=\"_blank\" rel=\"noopener\">Google Maps<\/a>)<\/li>\n<li class=\"p1\"><strong>Oceans 5 Gili Air 3*<\/strong> (<a href=\"https:\/\/maps.app.goo.gl\/QcR8chDiMjsRqCa2A\" target=\"_blank\" rel=\"noopener\">Google Maps<\/a>)<\/li>\n<\/ul>\n<h3>Informations importantes<\/h3>\n<ul>\n<li>R\u00e9servation avec paiement int\u00e9gral \u00e0 l\u2019avance.<\/li>\n<li class=\"p1\">Pendant la haute saison touristique, du 16 juin au 15 octobre et du 16 d\u00e9cembre au 15 janvier, un suppl\u00e9ment de 600 000 IDR (environ 37 USD) s&rsquo;applique.<\/li>\n<li class=\"p1\">Les enfants de moins de 2 ans ne n\u00e9cessitent pas de billet.<\/li>\n<li class=\"p1\">Au port, avant l&rsquo;arriv\u00e9e \u00e0 Gili et au retour avant l&#8217;embarquement pour Bali, une taxe gouvernementale est per\u00e7ue : 10 000 IDR par personne avant le d\u00e9part vers les \u00eeles Gili et 20 000 IDR par personne au retour (soit un total de 30 000 IDR par personne pour l&rsquo;aller-retour). Les taxes ne sont pas incluses dans le prix du billet et sont pay\u00e9es s\u00e9par\u00e9ment<\/li>\n<li class=\"p1\">Le transfert de retour peut \u00eatre plus complexe \u00e0 organiser et durer environ 4 \u00e0 5 heures. La dur\u00e9e du trajet d\u00e9pend de la circulation, des \u00e9ventuels retards de bateau et de l&rsquo;\u00e9loignement de votre h\u00f4tel ; merci de votre patience.<\/li>\n<li class=\"p1\">La soci\u00e9t\u00e9 Ostina ne garantit pas le transfert retour directement \u00e0 votre h\u00f4tel, mais uniquement vers un point central de la zone.<\/li>\n<li class=\"p1\">En raison de conditions m\u00e9t\u00e9orologiques d\u00e9favorables dans le d\u00e9troit de Lombok, et pour des raisons de s\u00e9curit\u00e9, la compagnie de bateau peut vous transf\u00e9rer sur un ferry pour la travers\u00e9e des \u00eeles Gili \u00e0 Bali ou inversement (cas de force majeure).<\/li>\n<li class=\"p1\">Nous vous d\u00e9conseillons de planifier des excursions vers d&rsquo;autres \u00eeles s&rsquo;il vous reste moins de deux jours avant votre vol au d\u00e9part de Bali.<\/li>\n<li class=\"p1\">La compagnie de bateau se r\u00e9serve le droit de vous transf\u00e9rer sur le bateau d&rsquo;une autre compagnie si moins de 50 % des places ont \u00e9t\u00e9 vendues.<\/li>\n<li>Nous agissons en tant que service de r\u00e9servation et interm\u00e9diaire entre le client et le prestataire de services en Indon\u00e9sie.<\/li>\n<li>Nous garantissons des tarifs publics transparents et des conditions claires, sans frais cach\u00e9s.<\/li>\n<li>Nous s\u00e9lectionnons soigneusement les meilleurs prestataires et travaillons en continu \u00e0 l\u2019am\u00e9lioration de la qualit\u00e9 de notre service.<\/li>\n<\/ul>\n","protected":false},"excerpt":{"rendered":"<p>Langues : anglais, indon\u00e9sien Aper\u00e7u Gili Air n&rsquo;est pas seulement une \u00eele aux plages de sable blanc et aux paysages idylliques, c&rsquo;est aussi un v\u00e9ritable aquarium \u00e0 ciel ouvert. Ses eaux abritent de nombreuses cr\u00e9atures fascinantes : de grandes tortues qui nagent \u00e0 port\u00e9e de main et une multitude de poissons color\u00e9s, offrant une exp\u00e9rience [&hellip;]<\/p>\n","protected":false},"featured_media":20433,"comment_status":"open","ping_status":"closed","template":"","meta":{"_acf_changed":false},"product_brand":[],"product_cat":[520,551],"product_tag":[],"class_list":{"0":"post-20439","1":"product","2":"type-product","3":"status-publish","4":"has-post-thumbnail","6":"brw_tour_types-visite-privee","7":"product_cat-iles","8":"product_cat-snorkeling","10":"first","11":"instock","12":"shipping-taxable","13":"purchasable","14":"product-type-ovabrw_car_rental"},"acf":[],"_links":{"self":[{"href":"https:\/\/balisoultrips.com\/fr\/wp-json\/wp\/v2\/product\/20439","targetHints":{"allow":["GET"]}}],"collection":[{"href":"https:\/\/balisoultrips.com\/fr\/wp-json\/wp\/v2\/product"}],"about":[{"href":"https:\/\/balisoultrips.com\/fr\/wp-json\/wp\/v2\/types\/product"}],"replies":[{"embeddable":true,"href":"https:\/\/balisoultrips.com\/fr\/wp-json\/wp\/v2\/comments?post=20439"}],"wp:featuredmedia":[{"embeddable":true,"href":"https:\/\/balisoultrips.com\/fr\/wp-json\/wp\/v2\/media\/20433"}],"wp:attachment":[{"href":"https:\/\/balisoultrips.com\/fr\/wp-json\/wp\/v2\/media?parent=20439"}],"wp:term":[{"taxonomy":"product_brand","embeddable":true,"href":"https:\/\/balisoultrips.com\/fr\/wp-json\/wp\/v2\/product_brand?post=20439"},{"taxonomy":"product_cat","embeddable":true,"href":"https:\/\/balisoultrips.com\/fr\/wp-json\/wp\/v2\/product_cat?post=20439"},{"taxonomy":"product_tag","embeddable":true,"href":"https:\/\/balisoultrips.com\/fr\/wp-json\/wp\/v2\/product_tag?post=20439"}],"curies":[{"name":"wp","href":"https:\/\/api.w.org\/{rel}","templated":true}]}}