{"id":20400,"date":"2025-10-25T17:31:38","date_gmt":"2025-10-25T09:31:38","guid":{"rendered":"https:\/\/balisoultrips.com\/product\/location-voiture-avec-chauffeur-nusa-penida\/"},"modified":"2026-05-08T15:57:33","modified_gmt":"2026-05-08T07:57:33","slug":"location-voiture-avec-chauffeur-nusa-penida","status":"publish","type":"product","link":"https:\/\/balisoultrips.com\/fr\/produit\/location-voiture-avec-chauffeur-nusa-penida\/","title":{"rendered":"Location de voiture priv\u00e9e avec chauffeur \u00e0 Nusa Penida"},"content":{"rendered":"<h6 class=\"p1\"><strong>Langues<\/strong> : anglais, indon\u00e9sien<\/h6>\n<h2>Aper\u00e7u<\/h2>\n<p class=\"p1\">Vous souhaitez explorer Nusa Penida sans contrainte de temps ni d&rsquo;itin\u00e9raire ? Louer une voiture avec chauffeur est la solution id\u00e9ale pour voyager \u00e0 votre rythme, en toute libert\u00e9 et dans un grand confort. Les chauffeurs locaux indon\u00e9siens, qui connaissent parfaitement l&rsquo;\u00eele, vous aideront \u00e0 choisir le meilleur itin\u00e9raire pour rendre votre voyage aussi pratique et enrichissant que possible.<\/p>\n<p class=\"p1\">Planifiez votre voyage comme vous le souhaitez \u2014 arr\u00eatez-vous o\u00f9 bon vous semble et restez aussi longtemps que vous le voulez. Profitez de la nature unique de Nusa Penida sans vous presser et explorez l&rsquo;\u00eele \u00e0 votre propre rythme !<\/p>\n<h3 class=\"p1\">Nous proposons 2 formules :<\/h3>\n<h5>6 heures<\/h5>\n<ul>\n<li class=\"p1\">Avec la dur\u00e9e minimale de location (6 heures), vous ne pouvez explorer que la partie ouest ou la partie est de l&rsquo;\u00eele. Si vous disposez de plus de temps, nous vous recommandons de r\u00e9partir votre d\u00e9couverte de Nusa Penida sur deux journ\u00e9es.<\/li>\n<li class=\"p1\">Chaque heure suppl\u00e9mentaire co\u00fbte 75 000 IDR.<\/li>\n<li class=\"p1\">Si votre itin\u00e9raire couvre \u00e0 la fois la partie ouest et la partie est de l&rsquo;\u00eele, un suppl\u00e9ment de 200 000 IDR s&rsquo;applique.<\/li>\n<li class=\"p1\">Si votre point de d\u00e9part se trouve \u00e0 l&rsquo;ouest et que votre itin\u00e9raire vous m\u00e8ne \u00e0 l&rsquo;est (ou inversement), un suppl\u00e9ment de 200 000 IDR s&rsquo;applique.<\/li>\n<li class=\"p1\">Les frais suppl\u00e9mentaires se r\u00e8glent directement aupr\u00e8s du chauffeur en esp\u00e8ces (en roupies indon\u00e9siennes).<\/li>\n<li class=\"p1\">\u00c0 noter : les chemins menant aux plages et aux sites naturels de Nusa Penida ne sont pas \u00e9clair\u00e9s. Nous vous recommandons de terminer vos visites et de rentrer \u00e0 votre h\u00f4tel d\u00e8s le coucher du soleil.<\/li>\n<\/ul>\n<h5>10 heures<\/h5>\n<ul>\n<li class=\"p1\">Chaque heure suppl\u00e9mentaire co\u00fbte 75 000 IDR.<\/li>\n<li class=\"p1\">Les frais suppl\u00e9mentaires se r\u00e8glent directement aupr\u00e8s du chauffeur en esp\u00e8ces (en roupies indon\u00e9siennes).<\/li>\n<li class=\"p1\">\u00c0 noter : les chemins menant aux plages et aux sites naturels de Nusa Penida ne sont pas \u00e9clair\u00e9s. Nous vous recommandons de terminer vos visites et de rentrer \u00e0 votre h\u00f4tel d\u00e8s le coucher du soleil.<\/li>\n<\/ul>\n<h3>Informations importantes<\/h3>\n<ul>\n<li>R\u00e9servation avec paiement int\u00e9gral \u00e0 l\u2019avance.<\/li>\n<li class=\"p1\">Capacit\u00e9 du v\u00e9hicule : jusqu&rsquo;\u00e0 4 personnes avec bagages.<\/li>\n<li class=\"p1\">Si vous voyagez avec un enfant qui n&rsquo;occupe pas un si\u00e8ge s\u00e9par\u00e9, il n&rsquo;est pas n\u00e9cessaire de l&rsquo;inclure dans le formulaire de r\u00e9servation.<\/li>\n<li class=\"p1\">Si vous souhaitez un mod\u00e8le de voiture pr\u00e9cis, veuillez v\u00e9rifier sa disponibilit\u00e9 aupr\u00e8s de votre conseiller.<\/li>\n<li class=\"p1\">Les chauffeurs en Indon\u00e9sie ne parlent pas toujours anglais : vous pourriez avoir besoin d&rsquo;utiliser un traducteur ou d&rsquo;organiser l&rsquo;itin\u00e9raire \u00e0 l&rsquo;avance via votre conseiller.<\/li>\n<li class=\"p1\">Heure suppl\u00e9mentaire \u2014 75 000 IDR.<\/li>\n<li class=\"p1\">Un suppl\u00e9ment de 200 000 IDR s&rsquo;applique en cas de changement d&rsquo;itin\u00e9raire de l&rsquo;ouest vers l&rsquo;est ou inversement (pour les locations de 6 heures).<\/li>\n<li class=\"p1\">Tous les frais suppl\u00e9mentaires se r\u00e8glent directement aupr\u00e8s du chauffeur en esp\u00e8ces (en roupies indon\u00e9siennes).<\/li>\n<li class=\"p1\">Il est recommand\u00e9 de retirer des esp\u00e8ces \u00e0 l&rsquo;avance pour vos d\u00e9penses sur place, car les distributeurs automatiques ne sont pas toujours disponibles \u00e0 Nusa Penida.<\/li>\n<li>Nous agissons en tant que service de r\u00e9servation et interm\u00e9diaire entre le client et le prestataire de services en Indon\u00e9sie.<\/li>\n<li>Nous garantissons des tarifs publics transparents et des conditions claires, sans frais cach\u00e9s.<\/li>\n<li>Nous s\u00e9lectionnons soigneusement les meilleurs prestataires et travaillons en continu \u00e0 l\u2019am\u00e9lioration de la qualit\u00e9 de notre service.<\/li>\n<\/ul>\n","protected":false},"excerpt":{"rendered":"<p>Langues : anglais, indon\u00e9sien Aper\u00e7u Vous souhaitez explorer Nusa Penida sans contrainte de temps ni d&rsquo;itin\u00e9raire ? Louer une voiture avec chauffeur est la solution id\u00e9ale pour voyager \u00e0 votre rythme, en toute libert\u00e9 et dans un grand confort. Les chauffeurs locaux indon\u00e9siens, qui connaissent parfaitement l&rsquo;\u00eele, vous aideront \u00e0 choisir le meilleur itin\u00e9raire pour [&hellip;]<\/p>\n","protected":false},"featured_media":20397,"comment_status":"open","ping_status":"closed","template":"","meta":{"_acf_changed":false},"product_brand":[],"product_cat":[520,567],"product_tag":[],"class_list":{"0":"post-20400","1":"product","2":"type-product","3":"status-publish","4":"has-post-thumbnail","6":"brw_tour_types-visite-privee","7":"product_cat-iles","8":"product_cat-location-de-transport","10":"first","11":"instock","12":"shipping-taxable","13":"purchasable","14":"product-type-ovabrw_car_rental"},"acf":[],"_links":{"self":[{"href":"https:\/\/balisoultrips.com\/fr\/wp-json\/wp\/v2\/product\/20400","targetHints":{"allow":["GET"]}}],"collection":[{"href":"https:\/\/balisoultrips.com\/fr\/wp-json\/wp\/v2\/product"}],"about":[{"href":"https:\/\/balisoultrips.com\/fr\/wp-json\/wp\/v2\/types\/product"}],"replies":[{"embeddable":true,"href":"https:\/\/balisoultrips.com\/fr\/wp-json\/wp\/v2\/comments?post=20400"}],"wp:featuredmedia":[{"embeddable":true,"href":"https:\/\/balisoultrips.com\/fr\/wp-json\/wp\/v2\/media\/20397"}],"wp:attachment":[{"href":"https:\/\/balisoultrips.com\/fr\/wp-json\/wp\/v2\/media?parent=20400"}],"wp:term":[{"taxonomy":"product_brand","embeddable":true,"href":"https:\/\/balisoultrips.com\/fr\/wp-json\/wp\/v2\/product_brand?post=20400"},{"taxonomy":"product_cat","embeddable":true,"href":"https:\/\/balisoultrips.com\/fr\/wp-json\/wp\/v2\/product_cat?post=20400"},{"taxonomy":"product_tag","embeddable":true,"href":"https:\/\/balisoultrips.com\/fr\/wp-json\/wp\/v2\/product_tag?post=20400"}],"curies":[{"name":"wp","href":"https:\/\/api.w.org\/{rel}","templated":true}]}}