{"id":20182,"date":"2025-10-03T12:04:31","date_gmt":"2025-10-03T04:04:31","guid":{"rendered":"https:\/\/balisoultrips.com\/product\/tickets-to-the-gili-islands-ostina-fastboat\/"},"modified":"2025-10-03T12:04:31","modified_gmt":"2025-10-03T04:04:31","slug":"tickets-to-the-gili-islands-ostina-fastboat","status":"publish","type":"product","link":"https:\/\/balisoultrips.com\/fr\/produit\/tickets-to-the-gili-islands-ostina-fastboat\/","title":{"rendered":"Billets pour les \u00eeles Gili \u2013 Ostina Fastboat"},"content":{"rendered":"<h2>Aper\u00e7u<\/h2>\n<p class=\"p1\">Partez pour un voyage inoubliable vers les paradisiaques \u00eeles Gili \u00e0 bord de nos bateaux rapides ! D\u00e9couvrez des plages infinies de sable blanc, plongez dans des eaux cristallines et profitez du chaud soleil tropical <\/p>\n<p><strong>Le bateau rapide part du port de Padang Bai \u00e0 Bali <a href=\"https:\/\/maps.app.goo.gl\/AJe3hqw78ZYMKsxLA\" target=\"_blank\" rel=\"noopener\">(Google Maps)<\/a>. Dur\u00e9e du trajet&nbsp;: 2,5&nbsp;heures <\/strong><\/p>\n<p class=\"p1\">Ostina Fastboat propose :<\/p>\n<ul>\n<li class=\"p1\">S\u00e9curit\u00e9 et confort : nos bateaux rapides modernes assurent des transferts rapides et s\u00fbrs entre les \u00eeles<\/li>\n<li class=\"p1\">Service professionnel : des capitaines exp\u00e9riment\u00e9s et un personnel attentionn\u00e9 garantissent un voyage confortable<\/li>\n<li class=\"p1\">Flexibilit\u00e9 : des horaires pratiques avec des heures et lieux de d\u00e9part qui vous conviennent<\/li>\n<\/ul>\n<h3 class=\"p1\">Horaires du bateau :<\/h3>\n<ul>\n<li>De Bali (port de Padang Bai) vers Gili Trawangan, Gili Air, Lombok (port de Bangsal) : 09:00, 12:30<\/li>\n<\/ul>\n<h3 class=\"p1\">Horaires de retour :<\/h3>\n<ul>\n<li class=\"p1\">De Lombok (port de Bangsal) vers Bali (port de Padang Bai) : 13:00<\/li>\n<li class=\"p1\">De Gili Air vers Bali (port de Padang Bai) : 12:30<\/li>\n<li class=\"p1\">De Gili Trawangan vers Bali (port de Padang Bai) : 12:00<\/li>\n<\/ul>\n<h3>Informations importantes<\/h3>\n<ul>\n<li class=\"p1\">R\u00e9servation avec paiement int\u00e9gral \u00e0 l\u2019avance.<\/li>\n<li class=\"p1\">Enfants de moins de 5 ans \u2014 billet gratuit<\/li>\n<li class=\"p1\">Les informations concernant les billets pr\u00e9sent\u00e9es sur le site sont donn\u00e9es \u00e0 titre indicatif uniquement. La disponibilit\u00e9 des billets pour une date et une heure pr\u00e9cises doit \u00eatre confirm\u00e9e aupr\u00e8s du manager <\/li>\n<li class=\"p1\">Les taxes ne sont pas incluses dans le prix du billet et sont pay\u00e9es s\u00e9par\u00e9ment<\/li>\n<li class=\"p1\">Si vous ne vous enregistrez pas au bureau de la compagnie avant le d\u00e9part depuis les \u00eeles Gili, le co\u00fbt du bateau local utilis\u00e9 \u00e0 mar\u00e9e basse pour rejoindre le rivage depuis le speedboat peut varier<\/li>\n<li class=\"p1\">En raison du mauvais temps dans le d\u00e9troit de Lombok, et pour des raisons de s\u00e9curit\u00e9, la compagnie maritime se r\u00e9serve le droit de vous transf\u00e9rer sur un ferry pour la travers\u00e9e des \u00eeles Gili vers Bali ou de Bali vers les \u00eeles Gili<\/li>\n<li class=\"p1\">La compagnie maritime se r\u00e9serve le droit de vous transf\u00e9rer sur le bateau d\u2019une autre compagnie si moins de 50% des places ont \u00e9t\u00e9 vendues<\/li>\n<li class=\"p1\">Le transport d\u2019animaux \u00e0 bord des speedboats vers les \u00eeles Gili \/ Lombok est interdit par la loi indon\u00e9sienne<\/li>\n<li class=\"p1\">Important : nous ne recommandons pas de pr\u00e9voir des voyages vers d\u2019autres \u00eeles s\u2019il reste moins de deux jours avant votre d\u00e9part de Bali<\/li>\n<li>Nous agissons en tant que service de r\u00e9servation et interm\u00e9diaire entre le client et le prestataire de services en Indon\u00e9sie.<\/li>\n<li>Nous garantissons des tarifs publics transparents et des conditions claires, sans frais cach\u00e9s.<\/li>\n<li>Nous s\u00e9lectionnons soigneusement les meilleurs prestataires et travaillons en continu \u00e0 l\u2019am\u00e9lioration de la qualit\u00e9 de notre service.<\/li>\n<\/ul>\n","protected":false},"excerpt":{"rendered":"<p>Aper\u00e7u Partez pour un voyage inoubliable vers les paradisiaques \u00eeles Gili \u00e0 bord de nos bateaux rapides ! D\u00e9couvrez des plages infinies de sable blanc, plongez dans des eaux cristallines et profitez du chaud soleil tropical Le bateau rapide part du port de Padang Bai \u00e0 Bali (Google Maps). Dur\u00e9e du trajet&nbsp;: 2,5&nbsp;heures Ostina Fastboat [&hellip;]<\/p>\n","protected":false},"featured_media":11166,"comment_status":"open","ping_status":"closed","template":"","meta":{"_acf_changed":false},"product_brand":[],"product_cat":[559,520],"product_tag":[],"class_list":{"0":"post-20182","1":"product","2":"type-product","3":"status-publish","4":"has-post-thumbnail","6":"brw_tour_types-visite-en-groupe","7":"product_cat-billets-de-speedboat","8":"product_cat-iles","10":"first","11":"instock","12":"shipping-taxable","13":"purchasable","14":"product-type-ovabrw_car_rental"},"acf":[],"_links":{"self":[{"href":"https:\/\/balisoultrips.com\/fr\/wp-json\/wp\/v2\/product\/20182","targetHints":{"allow":["GET"]}}],"collection":[{"href":"https:\/\/balisoultrips.com\/fr\/wp-json\/wp\/v2\/product"}],"about":[{"href":"https:\/\/balisoultrips.com\/fr\/wp-json\/wp\/v2\/types\/product"}],"replies":[{"embeddable":true,"href":"https:\/\/balisoultrips.com\/fr\/wp-json\/wp\/v2\/comments?post=20182"}],"wp:featuredmedia":[{"embeddable":true,"href":"https:\/\/balisoultrips.com\/fr\/wp-json\/wp\/v2\/media\/11166"}],"wp:attachment":[{"href":"https:\/\/balisoultrips.com\/fr\/wp-json\/wp\/v2\/media?parent=20182"}],"wp:term":[{"taxonomy":"product_brand","embeddable":true,"href":"https:\/\/balisoultrips.com\/fr\/wp-json\/wp\/v2\/product_brand?post=20182"},{"taxonomy":"product_cat","embeddable":true,"href":"https:\/\/balisoultrips.com\/fr\/wp-json\/wp\/v2\/product_cat?post=20182"},{"taxonomy":"product_tag","embeddable":true,"href":"https:\/\/balisoultrips.com\/fr\/wp-json\/wp\/v2\/product_tag?post=20182"}],"curies":[{"name":"wp","href":"https:\/\/api.w.org\/{rel}","templated":true}]}}