{"id":20058,"date":"2026-03-27T14:21:35","date_gmt":"2026-03-27T06:21:35","guid":{"rendered":"https:\/\/balisoultrips.com\/?post_type=product&#038;p=20058"},"modified":"2026-03-27T15:11:35","modified_gmt":"2026-03-27T07:11:35","slug":"tickets-to-the-gili-islands-gili-gili-fastboat","status":"publish","type":"product","link":"https:\/\/balisoultrips.com\/fr\/produit\/tickets-to-the-gili-islands-gili-gili-fastboat\/","title":{"rendered":"Billets pour les \u00eeles Gili \u2013 Gili Gili Fastboat"},"content":{"rendered":"<h2>Aper\u00e7u<\/h2>\n<p class=\"p1\">Gili Gili Fast Boat propose des transferts maritimes confortables et fiables vers les \u00eeles Gili, Lombok et Nusa Penida \u2014 parmi les destinations les plus populaires aupr\u00e8s des voyageurs locaux et internationaux<\/p>\n<p class=\"p1\">Les \u00eeles Gili sont particuli\u00e8rement appr\u00e9ci\u00e9es pour leurs belles plages, leurs magnifiques couchers et levers de soleil, leur atmosph\u00e8re anim\u00e9e, ainsi que leurs excellentes possibilit\u00e9s de snorkeling et de plong\u00e9e sous-marine. Gili Trawangan est surtout connue pour sa vie nocturne dynamique et son ambiance de vacances <\/p>\n<p class=\"p1\">Gili Gili Fast Boat est un bateau moderne et confortable, con\u00e7u pour offrir une travers\u00e9e s\u00fbre et agr\u00e9able. Le bateau est \u00e9quip\u00e9 de toutes les commodit\u00e9s \u00e0 bord et propose un service aux standards internationaux, garantissant un voyage confortable du d\u00e9but \u00e0 la fin <\/p>\n<p class=\"p1\">Profitez de votre voyage vers les \u00eeles Gili, Lombok et Nusa Penida avec Gili Gili Fast Boat<\/p>\n<p class=\"p1\"><strong>Le bateau rapide part du port de Padang Bai \u00e0 Bali <a href=\"https:\/\/maps.app.goo.gl\/AJe3hqw78ZYMKsxLA\" target=\"_blank\" rel=\"noopener\">(Google Maps)<\/a>. Dur\u00e9e du trajet&nbsp;: 2,5&nbsp;heures <\/strong><\/p>\n<h3 class=\"p1\">Horaires du bateau :<\/h3>\n<ul>\n<li>De Bali (port de Padang Bai) vers Gili Trawangan, Gili Air, Lombok (port de Bangsal) : 10:00<\/li>\n<\/ul>\n<h3 class=\"p1\">Horaires de retour :<\/h3>\n<ul>\n<li class=\"p1\">De Lombok (port de Bangsal) vers Bali (port de Padang Bai) : 12:45<\/li>\n<li class=\"p1\">De Gili Air vers Bali (port de Padang Bai) : 12:30<\/li>\n<li>De Gili Meno vers Bali (port de Padang Bai) : 12:15<\/li>\n<li class=\"p1\">De Gili Trawangan vers Bali (port de Padang Bai) : 12:00<\/li>\n<\/ul>\n<h3>Informations importantes<\/h3>\n<ul>\n<li class=\"p1\">R\u00e9servation avec paiement int\u00e9gral \u00e0 l\u2019avance.<\/li>\n<li class=\"p1\">Enfants de 3 \u00e0 11 ans \u2014 billet enfant ; enfants de moins de 3 ans \u2014 billet gratuit<\/li>\n<li class=\"p1\">Les informations concernant les billets pr\u00e9sent\u00e9es sur le site sont donn\u00e9es \u00e0 titre indicatif uniquement. La disponibilit\u00e9 des billets pour une date et une heure pr\u00e9cises doit \u00eatre confirm\u00e9e aupr\u00e8s du manager <\/li>\n<li class=\"p1\">Les taxes ne sont pas incluses dans le prix du billet et sont pay\u00e9es s\u00e9par\u00e9ment<\/li>\n<li class=\"p1\">Si vous ne vous enregistrez pas au bureau de la compagnie avant le d\u00e9part depuis les \u00eeles Gili, le co\u00fbt du bateau local utilis\u00e9 \u00e0 mar\u00e9e basse pour rejoindre le rivage depuis le speedboat peut varier<\/li>\n<li class=\"p1\">En raison du mauvais temps dans le d\u00e9troit de Lombok, et pour des raisons de s\u00e9curit\u00e9, la compagnie maritime se r\u00e9serve le droit de vous transf\u00e9rer sur un ferry pour la travers\u00e9e des \u00eeles Gili vers Bali ou de Bali vers les \u00eeles Gili<\/li>\n<li class=\"p1\">La compagnie maritime se r\u00e9serve le droit de vous transf\u00e9rer sur le bateau d\u2019une autre compagnie si moins de 50% des places ont \u00e9t\u00e9 vendues<\/li>\n<li class=\"p1\">Le transport d\u2019animaux \u00e0 bord des speedboats vers les \u00eeles Gili \/ Lombok est interdit par la loi indon\u00e9sienne<\/li>\n<li class=\"p1\">Important : nous ne recommandons pas de pr\u00e9voir des voyages vers d\u2019autres \u00eeles s\u2019il reste moins de deux jours avant votre d\u00e9part de Bali<\/li>\n<li>Nous agissons en tant que service de r\u00e9servation et interm\u00e9diaire entre le client et le prestataire de services en Indon\u00e9sie.<\/li>\n<li>Nous garantissons des tarifs publics transparents et des conditions claires, sans frais cach\u00e9s.<\/li>\n<li>Nous s\u00e9lectionnons soigneusement les meilleurs prestataires et travaillons en continu \u00e0 l\u2019am\u00e9lioration de la qualit\u00e9 de notre service.<\/li>\n<\/ul>\n","protected":false},"excerpt":{"rendered":"<p>Aper\u00e7u Gili Gili Fast Boat propose des transferts maritimes confortables et fiables vers les \u00eeles Gili, Lombok et Nusa Penida \u2014 parmi les destinations les plus populaires aupr\u00e8s des voyageurs locaux et internationaux Les \u00eeles Gili sont particuli\u00e8rement appr\u00e9ci\u00e9es pour leurs belles plages, leurs magnifiques couchers et levers de soleil, leur atmosph\u00e8re anim\u00e9e, ainsi que [&hellip;]<\/p>\n","protected":false},"featured_media":20070,"comment_status":"open","ping_status":"closed","template":"","meta":{"_acf_changed":false},"product_brand":[],"product_cat":[559,520],"product_tag":[],"class_list":{"0":"post-20058","1":"product","2":"type-product","3":"status-publish","4":"has-post-thumbnail","6":"product_cat-billets-de-speedboat","7":"product_cat-iles","9":"first","10":"instock","11":"featured","12":"shipping-taxable","13":"purchasable","14":"product-type-ovabrw_car_rental"},"acf":[],"_links":{"self":[{"href":"https:\/\/balisoultrips.com\/fr\/wp-json\/wp\/v2\/product\/20058","targetHints":{"allow":["GET"]}}],"collection":[{"href":"https:\/\/balisoultrips.com\/fr\/wp-json\/wp\/v2\/product"}],"about":[{"href":"https:\/\/balisoultrips.com\/fr\/wp-json\/wp\/v2\/types\/product"}],"replies":[{"embeddable":true,"href":"https:\/\/balisoultrips.com\/fr\/wp-json\/wp\/v2\/comments?post=20058"}],"wp:featuredmedia":[{"embeddable":true,"href":"https:\/\/balisoultrips.com\/fr\/wp-json\/wp\/v2\/media\/20070"}],"wp:attachment":[{"href":"https:\/\/balisoultrips.com\/fr\/wp-json\/wp\/v2\/media?parent=20058"}],"wp:term":[{"taxonomy":"product_brand","embeddable":true,"href":"https:\/\/balisoultrips.com\/fr\/wp-json\/wp\/v2\/product_brand?post=20058"},{"taxonomy":"product_cat","embeddable":true,"href":"https:\/\/balisoultrips.com\/fr\/wp-json\/wp\/v2\/product_cat?post=20058"},{"taxonomy":"product_tag","embeddable":true,"href":"https:\/\/balisoultrips.com\/fr\/wp-json\/wp\/v2\/product_tag?post=20058"}],"curies":[{"name":"wp","href":"https:\/\/api.w.org\/{rel}","templated":true}]}}