{"id":20036,"date":"2026-03-27T13:43:03","date_gmt":"2026-03-27T05:43:03","guid":{"rendered":"https:\/\/balisoultrips.com\/?post_type=product&#038;p=20036"},"modified":"2026-03-27T15:43:40","modified_gmt":"2026-03-27T07:43:40","slug":"tickets-to-the-gili-islands-eka-jaya","status":"publish","type":"product","link":"https:\/\/balisoultrips.com\/fr\/produit\/tickets-to-the-gili-islands-eka-jaya\/","title":{"rendered":"Billets pour les \u00eeles Gili \u2013 Eka Jaya"},"content":{"rendered":"<h2>Aper\u00e7u<\/h2>\n<p class=\"p1\">Eka Jaya Fast Ferry est l\u2019un des op\u00e9rateurs de fast boat les plus fiables de Bali, assurant des transferts maritimes fiables entre Bali, les \u00eeles Gili et Lombok<\/p>\n<p class=\"p1\">Fond\u00e9e en 1999, la compagnie b\u00e9n\u00e9ficie de nombreuses ann\u00e9es d\u2019exp\u00e9rience dans le transport maritime et les services touristiques. En plus des travers\u00e9es en ferry, Eka Jaya aide \u00e9galement les voyageurs dans l\u2019organisation de leurs d\u00e9placements et de leur h\u00e9bergement <\/p>\n<p class=\"p1\">Tous les navires sont des ferries en aluminium de 34 m\u00e8tres, \u00e9quip\u00e9s de 4 moteurs neufs Volvo D16 de 750 HP, garantissant s\u00e9curit\u00e9 et performance fiable. Con\u00e7us pour transporter confortablement jusqu\u2019\u00e0 210 passagers, les ferries naviguent \u00e0 une vitesse pouvant atteindre 35 n\u0153uds et sont \u00e9quip\u00e9s de tout le mat\u00e9riel de s\u00e9curit\u00e9 n\u00e9cessaire <\/p>\n<p class=\"p1\"><strong>Le bateau rapide part du port de Padang Bai \u00e0 Bali <a href=\"https:\/\/maps.app.goo.gl\/AJe3hqw78ZYMKsxLA\" target=\"_blank\" rel=\"noopener\">(Google Maps)<\/a>. Dur\u00e9e du trajet&nbsp;: 2,5&nbsp;heures <\/strong><\/p>\n<h3 class=\"p1\">Horaires du bateau :<\/h3>\n<ul>\n<li>De Bali (port de Padang Bai) vers Gili Trawangan, Gili Air, Lombok (port de Bangsal) : 09:00<\/li>\n<\/ul>\n<h3 class=\"p1\">Horaires de retour :<\/h3>\n<ul>\n<li class=\"p1\">De Lombok (port de Bangsal) vers Bali (port de Padang Bai) : 08:00<\/li>\n<li class=\"p1\">De Gili Air vers Bali (port de Padang Bai) : 08:15<\/li>\n<li>De Gili Meno vers Bali (port de Padang Bai) : 08:30<\/li>\n<li class=\"p1\">De Gili Trawangan vers Bali (port de Padang Bai) : 09:00, 10:00, 15:00<\/li>\n<\/ul>\n<h3>Informations importantes<\/h3>\n<ul>\n<li class=\"p1\">R\u00e9servation avec paiement int\u00e9gral \u00e0 l\u2019avance.<\/li>\n<li class=\"p1\">Enfants de moins de 3 ans \u2014 billet gratuit<\/li>\n<li class=\"p1\">Les informations concernant les billets pr\u00e9sent\u00e9es sur le site sont donn\u00e9es \u00e0 titre indicatif uniquement. La disponibilit\u00e9 des billets pour une date et une heure pr\u00e9cises doit \u00eatre confirm\u00e9e aupr\u00e8s du manager <\/li>\n<li class=\"p1\">Si vous ne vous enregistrez pas au bureau de la compagnie avant le d\u00e9part depuis les \u00eeles Gili, le co\u00fbt du bateau local utilis\u00e9 \u00e0 mar\u00e9e basse pour rejoindre le rivage depuis le speedboat peut varier<\/li>\n<li class=\"p1\">En raison du mauvais temps dans le d\u00e9troit de Lombok, et pour des raisons de s\u00e9curit\u00e9, la compagnie maritime se r\u00e9serve le droit de vous transf\u00e9rer sur un ferry pour la travers\u00e9e des \u00eeles Gili vers Bali ou de Bali vers les \u00eeles Gili<\/li>\n<li class=\"p1\">La compagnie maritime se r\u00e9serve le droit de vous transf\u00e9rer sur le bateau d\u2019une autre compagnie si moins de 50% des places ont \u00e9t\u00e9 vendues<\/li>\n<li class=\"p1\">Le transport d\u2019animaux \u00e0 bord des speedboats vers les \u00eeles Gili \/ Lombok est interdit par la loi indon\u00e9sienne<\/li>\n<li class=\"p1\">Important : nous ne recommandons pas de pr\u00e9voir des voyages vers d\u2019autres \u00eeles s\u2019il reste moins de deux jours avant votre d\u00e9part de Bali<\/li>\n<li>Nous agissons en tant que service de r\u00e9servation et interm\u00e9diaire entre le client et le prestataire de services en Indon\u00e9sie.<\/li>\n<li>Nous garantissons des tarifs publics transparents et des conditions claires, sans frais cach\u00e9s.<\/li>\n<li>Nous s\u00e9lectionnons soigneusement les meilleurs prestataires et travaillons en continu \u00e0 l\u2019am\u00e9lioration de la qualit\u00e9 de notre service.<\/li>\n<\/ul>\n","protected":false},"excerpt":{"rendered":"<p>Aper\u00e7u Eka Jaya Fast Ferry est l\u2019un des op\u00e9rateurs de fast boat les plus fiables de Bali, assurant des transferts maritimes fiables entre Bali, les \u00eeles Gili et Lombok Fond\u00e9e en 1999, la compagnie b\u00e9n\u00e9ficie de nombreuses ann\u00e9es d\u2019exp\u00e9rience dans le transport maritime et les services touristiques. En plus des travers\u00e9es en ferry, Eka Jaya [&hellip;]<\/p>\n","protected":false},"featured_media":20048,"comment_status":"open","ping_status":"closed","template":"","meta":{"_acf_changed":false},"product_brand":[],"product_cat":[559,520],"product_tag":[],"class_list":{"0":"post-20036","1":"product","2":"type-product","3":"status-publish","4":"has-post-thumbnail","6":"product_cat-billets-de-speedboat","7":"product_cat-iles","9":"first","10":"instock","11":"featured","12":"shipping-taxable","13":"purchasable","14":"product-type-ovabrw_car_rental"},"acf":[],"_links":{"self":[{"href":"https:\/\/balisoultrips.com\/fr\/wp-json\/wp\/v2\/product\/20036","targetHints":{"allow":["GET"]}}],"collection":[{"href":"https:\/\/balisoultrips.com\/fr\/wp-json\/wp\/v2\/product"}],"about":[{"href":"https:\/\/balisoultrips.com\/fr\/wp-json\/wp\/v2\/types\/product"}],"replies":[{"embeddable":true,"href":"https:\/\/balisoultrips.com\/fr\/wp-json\/wp\/v2\/comments?post=20036"}],"wp:featuredmedia":[{"embeddable":true,"href":"https:\/\/balisoultrips.com\/fr\/wp-json\/wp\/v2\/media\/20048"}],"wp:attachment":[{"href":"https:\/\/balisoultrips.com\/fr\/wp-json\/wp\/v2\/media?parent=20036"}],"wp:term":[{"taxonomy":"product_brand","embeddable":true,"href":"https:\/\/balisoultrips.com\/fr\/wp-json\/wp\/v2\/product_brand?post=20036"},{"taxonomy":"product_cat","embeddable":true,"href":"https:\/\/balisoultrips.com\/fr\/wp-json\/wp\/v2\/product_cat?post=20036"},{"taxonomy":"product_tag","embeddable":true,"href":"https:\/\/balisoultrips.com\/fr\/wp-json\/wp\/v2\/product_tag?post=20036"}],"curies":[{"name":"wp","href":"https:\/\/api.w.org\/{rel}","templated":true}]}}