{"id":20001,"date":"2025-08-25T15:31:23","date_gmt":"2025-08-25T07:31:23","guid":{"rendered":"https:\/\/balisoultrips.com\/product\/tickets-to-the-gili-islands-golden-queen\/"},"modified":"2026-03-27T13:36:06","modified_gmt":"2026-03-27T05:36:06","slug":"tickets-to-the-gili-islands-golden-queen","status":"publish","type":"product","link":"https:\/\/balisoultrips.com\/fr\/produit\/tickets-to-the-gili-islands-golden-queen\/","title":{"rendered":"Billets pour les \u00eeles Gili \u2013 Golden Queen"},"content":{"rendered":"<h2>Aper\u00e7u<\/h2>\n<p class=\"p1\">Un transfert maritime rapide et pratique pour ceux qui souhaitent voyager au-del\u00e0 de Bali. Golden Queen Fast Boat propose une travers\u00e9e s\u00fbre, confortable et fiable vers les \u00eeles Gili et Lombok. C\u2019est l\u2019un des moyens les plus pratiques et efficaces pour rejoindre les paradis tropicaux d\u2019Indon\u00e9sie  <\/p>\n<p class=\"p1\">Le bateau rapide moderne est enti\u00e8rement \u00e9quip\u00e9 pour un voyage agr\u00e9able, tandis que l\u2019\u00e9quipage attentionn\u00e9 est toujours pr\u00eat \u00e0 vous aider afin que votre trajet se d\u00e9roule en toute s\u00e9r\u00e9nit\u00e9<\/p>\n<p class=\"p1\">Golden Queen Fast Boat \u2013 votre acc\u00e8s confortable aux \u00eeles Gili et \u00e0 Lombok<\/p>\n<p class=\"p1\"><strong>Le bateau rapide part du port de Padang Bai \u00e0 Bali <a href=\"https:\/\/maps.app.goo.gl\/AJe3hqw78ZYMKsxLA\" target=\"_blank\" rel=\"noopener\">(Google Maps)<\/a>. Dur\u00e9e du trajet&nbsp;: 2,5&nbsp;heures <\/strong><\/p>\n<h3 class=\"p1\">Horaires du bateau :<\/h3>\n<ul>\n<li>De Bali (port de Padang Bai) vers Gili Trawangan, Gili Air, Lombok (port de Bangsal) : 09:00<\/li>\n<\/ul>\n<h3 class=\"p1\">Horaires de retour :<\/h3>\n<ul>\n<li class=\"p1\">De Lombok (port de Bangsal) vers Bali (port de Padang Bai) : 12:00<\/li>\n<li class=\"p1\">De Gili Air vers Bali (port de Padang Bai) : 11:30<\/li>\n<li class=\"p1\">De Gili Trawangan vers Bali (port de Padang Bai) : 11:00<\/li>\n<\/ul>\n<h3>Informations importantes<\/h3>\n<ul>\n<li class=\"p1\">R\u00e9servation avec paiement int\u00e9gral \u00e0 l\u2019avance.<\/li>\n<li class=\"p1\">Enfants de 5 \u00e0 10 ans \u2013 billet enfant ; enfants de moins de 5 ans \u2013 billet gratuit<\/li>\n<li class=\"p1\">Les informations concernant les billets pr\u00e9sent\u00e9es sur le site sont donn\u00e9es \u00e0 titre indicatif uniquement. La disponibilit\u00e9 des billets pour une date et une heure pr\u00e9cises doit \u00eatre confirm\u00e9e aupr\u00e8s du manager <\/li>\n<li class=\"p1\">Les taxes ne sont pas incluses dans le prix du billet et sont pay\u00e9es s\u00e9par\u00e9ment<\/li>\n<li class=\"p1\">Si vous ne vous enregistrez pas au bureau de la compagnie avant le d\u00e9part depuis les \u00eeles Gili, le co\u00fbt du bateau local utilis\u00e9 \u00e0 mar\u00e9e basse pour rejoindre le rivage depuis le speedboat peut varier<\/li>\n<li class=\"p1\">En raison du mauvais temps dans le d\u00e9troit de Lombok, et pour des raisons de s\u00e9curit\u00e9, la compagnie maritime se r\u00e9serve le droit de vous transf\u00e9rer sur un ferry pour la travers\u00e9e des \u00eeles Gili vers Bali ou de Bali vers les \u00eeles Gili<\/li>\n<li class=\"p1\">La compagnie maritime se r\u00e9serve le droit de vous transf\u00e9rer sur le bateau d\u2019une autre compagnie si moins de 50% des places ont \u00e9t\u00e9 vendues<\/li>\n<li class=\"p1\">Le transport d\u2019animaux \u00e0 bord des speedboats vers les \u00eeles Gili \/ Lombok est interdit par la loi indon\u00e9sienne<\/li>\n<li class=\"p1\">Important : nous ne recommandons pas de pr\u00e9voir des voyages vers d\u2019autres \u00eeles s\u2019il reste moins de deux jours avant votre d\u00e9part de Bali<\/li>\n<li>Nous agissons en tant que service de r\u00e9servation et interm\u00e9diaire entre le client et le prestataire de services en Indon\u00e9sie.<\/li>\n<li>Nous garantissons des tarifs publics transparents et des conditions claires, sans frais cach\u00e9s.<\/li>\n<li>Nous s\u00e9lectionnons soigneusement les meilleurs prestataires et travaillons en continu \u00e0 l\u2019am\u00e9lioration de la qualit\u00e9 de notre service.<\/li>\n<\/ul>\n","protected":false},"excerpt":{"rendered":"<p>Aper\u00e7u Un transfert maritime rapide et pratique pour ceux qui souhaitent voyager au-del\u00e0 de Bali. Golden Queen Fast Boat propose une travers\u00e9e s\u00fbre, confortable et fiable vers les \u00eeles Gili et Lombok. C\u2019est l\u2019un des moyens les plus pratiques et efficaces pour rejoindre les paradis tropicaux d\u2019Indon\u00e9sie Le bateau rapide moderne est enti\u00e8rement \u00e9quip\u00e9 pour [&hellip;]<\/p>\n","protected":false},"featured_media":19997,"comment_status":"open","ping_status":"closed","template":"","meta":{"_acf_changed":false},"product_brand":[],"product_cat":[559,520],"product_tag":[],"class_list":{"0":"post-20001","1":"product","2":"type-product","3":"status-publish","4":"has-post-thumbnail","6":"brw_tour_types-visite-en-groupe","7":"product_cat-billets-de-speedboat","8":"product_cat-iles","10":"first","11":"instock","12":"shipping-taxable","13":"purchasable","14":"product-type-ovabrw_car_rental"},"acf":[],"_links":{"self":[{"href":"https:\/\/balisoultrips.com\/fr\/wp-json\/wp\/v2\/product\/20001","targetHints":{"allow":["GET"]}}],"collection":[{"href":"https:\/\/balisoultrips.com\/fr\/wp-json\/wp\/v2\/product"}],"about":[{"href":"https:\/\/balisoultrips.com\/fr\/wp-json\/wp\/v2\/types\/product"}],"replies":[{"embeddable":true,"href":"https:\/\/balisoultrips.com\/fr\/wp-json\/wp\/v2\/comments?post=20001"}],"wp:featuredmedia":[{"embeddable":true,"href":"https:\/\/balisoultrips.com\/fr\/wp-json\/wp\/v2\/media\/19997"}],"wp:attachment":[{"href":"https:\/\/balisoultrips.com\/fr\/wp-json\/wp\/v2\/media?parent=20001"}],"wp:term":[{"taxonomy":"product_brand","embeddable":true,"href":"https:\/\/balisoultrips.com\/fr\/wp-json\/wp\/v2\/product_brand?post=20001"},{"taxonomy":"product_cat","embeddable":true,"href":"https:\/\/balisoultrips.com\/fr\/wp-json\/wp\/v2\/product_cat?post=20001"},{"taxonomy":"product_tag","embeddable":true,"href":"https:\/\/balisoultrips.com\/fr\/wp-json\/wp\/v2\/product_tag?post=20001"}],"curies":[{"name":"wp","href":"https:\/\/api.w.org\/{rel}","templated":true}]}}