{"id":19203,"date":"2025-10-03T19:05:51","date_gmt":"2025-10-03T11:05:51","guid":{"rendered":"https:\/\/balisoultrips.com\/product\/tubing-in-bali\/"},"modified":"2026-01-20T16:32:24","modified_gmt":"2026-01-20T08:32:24","slug":"tubing-in-bali","status":"publish","type":"product","link":"https:\/\/balisoultrips.com\/fr\/produit\/tubing-in-bali\/","title":{"rendered":"Tubing \u00e0 Bali"},"content":{"rendered":"<h6 class=\"p1\"><strong>Langues<\/strong> : anglais, indon\u00e9sien<\/h6>\n<h2>Aper\u00e7u<\/h2>\n<p class=\"p1\">Vous glissez doucement le long d\u2019une rivi\u00e8re sinueuse \u00e0 travers une jungle pr\u00e9serv\u00e9e : les rayons du soleil filtrent \u00e0 travers la canop\u00e9e, l\u2019eau clapote contre votre bou\u00e9e de tubing, et chaque virage d\u00e9voile un nouveau \u00ab d\u00e9cor \u00bb \u2014 des arches vertes de lianes, des couloirs naturels paisibles et des \u00e9claboussures rafra\u00eechissantes<\/p>\n<p class=\"p1\">Le tubing \u00e0 Bali est bien plus qu\u2019une simple activit\u00e9 en plein air \u2014 c\u2019est un vrai moment de connexion avec la nature et des \u00e9motions qui resteront avec vous longtemps<\/p>\n<h3 class=\"p1\">Programmes disponibles et horaires de d\u00e9part :<\/h3>\n<p class=\"p1\">(Veuillez noter que l\u2019heure du transfert et l\u2019heure de d\u00e9but du programme sont diff\u00e9rentes)<\/p>\n<ul>\n<li class=\"p1\">\n<p class=\"p1\"><b>Tubing on the Tegalalang River<\/b><span class=\"s1\"> \u2013 45 minutes \/ 1.5 km<br \/>\n<\/span>Options d\u2019heure de d\u00e9part : 09:00, 16:30<br \/>\nLe point de d\u00e9part est <a href=\"https:\/\/maps.app.goo.gl\/BGPLbhKdALvdgFjx5\" target=\"_blank\" rel=\"noopener\">ici<\/a><\/p>\n<\/li>\n<li>\n<p class=\"p1\"><b>Tubing on the Sukawati River<\/b><span class=\"s1\"> \u2013 60 minutes \/ 4 km<br \/>\n<\/span>Options d\u2019heure de d\u00e9part : 09:00, 16:00<br \/>\nLe point de d\u00e9part est <a href=\"https:\/\/maps.app.goo.gl\/tMrBXeQuTKutddEM6\" target=\"_blank\" rel=\"noopener\">ici<\/a><\/p>\n<\/li>\n<li>\n<p class=\"p1\"><b>Tubing on the Tampaksiring River<\/b><span class=\"s1\"> \u2013 1.5 hours \/ 4.5 km<br \/>\n<\/span>Options d\u2019heure de d\u00e9part : 09:00, 11:00, 13:00, 15:00<br \/>\nLe point de d\u00e9part est <a href=\"https:\/\/maps.app.goo.gl\/3QLrYiZjmgNPeZc88\" target=\"_blank\" rel=\"noopener\">ici<\/a><\/p>\n<\/li>\n<\/ul>\n<h3>Informations importantes<\/h3>\n<ul>\n<li>Un acompte de 20 % est requis au moment de la r\u00e9servation, le solde \u00e9tant \u00e0 r\u00e9gler en esp\u00e8ces sur place<\/li>\n<li>Vous pouvez \u00e9galement choisir de r\u00e9gler la totalit\u00e9 du montant \u00e0 l\u2019avance en utilisant l\u2019un des modes de paiement en ligne disponibles.<\/li>\n<li class=\"p1\">\u00c2ge minimum des participants \u2013 5 ans (assurance non incluse)<\/li>\n<li>Nous agissons en tant que service de r\u00e9servation et interm\u00e9diaire entre le client et le prestataire de services en Indon\u00e9sie.<\/li>\n<li>Nous garantissons des tarifs publics transparents et des conditions claires, sans frais cach\u00e9s.<\/li>\n<li>Nous s\u00e9lectionnons soigneusement les meilleurs prestataires et travaillons en continu \u00e0 l\u2019am\u00e9lioration de la qualit\u00e9 de notre service.<\/li>\n<\/ul>\n","protected":false},"excerpt":{"rendered":"<p>Langues : anglais, indon\u00e9sien Aper\u00e7u Vous glissez doucement le long d\u2019une rivi\u00e8re sinueuse \u00e0 travers une jungle pr\u00e9serv\u00e9e : les rayons du soleil filtrent \u00e0 travers la canop\u00e9e, l\u2019eau clapote contre votre bou\u00e9e de tubing, et chaque virage d\u00e9voile un nouveau \u00ab d\u00e9cor \u00bb \u2014 des arches vertes de lianes, des couloirs naturels paisibles et [&hellip;]<\/p>\n","protected":false},"featured_media":19199,"comment_status":"open","ping_status":"closed","template":"","meta":{"_acf_changed":false},"product_brand":[],"product_cat":[144,518],"product_tag":[],"class_list":{"0":"post-19203","1":"product","2":"type-product","3":"status-publish","4":"has-post-thumbnail","6":"brw_tour_types-viaje-en-grupo","7":"brw_parent_child-parent","8":"product_cat-adventures","9":"product_cat-familiar","11":"first","12":"instock","13":"shipping-taxable","14":"purchasable","15":"product-type-ovabrw_car_rental"},"acf":[],"_links":{"self":[{"href":"https:\/\/balisoultrips.com\/fr\/wp-json\/wp\/v2\/product\/19203","targetHints":{"allow":["GET"]}}],"collection":[{"href":"https:\/\/balisoultrips.com\/fr\/wp-json\/wp\/v2\/product"}],"about":[{"href":"https:\/\/balisoultrips.com\/fr\/wp-json\/wp\/v2\/types\/product"}],"replies":[{"embeddable":true,"href":"https:\/\/balisoultrips.com\/fr\/wp-json\/wp\/v2\/comments?post=19203"}],"wp:featuredmedia":[{"embeddable":true,"href":"https:\/\/balisoultrips.com\/fr\/wp-json\/wp\/v2\/media\/19199"}],"wp:attachment":[{"href":"https:\/\/balisoultrips.com\/fr\/wp-json\/wp\/v2\/media?parent=19203"}],"wp:term":[{"taxonomy":"product_brand","embeddable":true,"href":"https:\/\/balisoultrips.com\/fr\/wp-json\/wp\/v2\/product_brand?post=19203"},{"taxonomy":"product_cat","embeddable":true,"href":"https:\/\/balisoultrips.com\/fr\/wp-json\/wp\/v2\/product_cat?post=19203"},{"taxonomy":"product_tag","embeddable":true,"href":"https:\/\/balisoultrips.com\/fr\/wp-json\/wp\/v2\/product_tag?post=19203"}],"curies":[{"name":"wp","href":"https:\/\/api.w.org\/{rel}","templated":true}]}}