{"id":19170,"date":"2025-10-03T17:58:13","date_gmt":"2025-10-03T09:58:13","guid":{"rendered":"https:\/\/balisoultrips.com\/product\/rafting-in-bali-river-rafting\/"},"modified":"2026-01-20T14:38:10","modified_gmt":"2026-01-20T06:38:10","slug":"rafting-in-bali-river-rafting","status":"publish","type":"product","link":"https:\/\/balisoultrips.com\/fr\/produit\/rafting-in-bali-river-rafting\/","title":{"rendered":"Rafting \u00e0 Bali \u2013 descente en rivi\u00e8re"},"content":{"rendered":"<p class=\"p1\">Profitez de parcours de rafting passionnants sur les rivi\u00e8res sauvages de Bali \u2014 parfait pour les d\u00e9butants comme pour les amateurs de sensations fortes exp\u00e9riment\u00e9s<\/p>\n","protected":false},"excerpt":{"rendered":"[products ids=\"11185,11177\" columns=\"3\"]\n","protected":false},"featured_media":19163,"comment_status":"open","ping_status":"closed","template":"","meta":{"_acf_changed":false},"product_brand":[],"product_cat":[140,512],"product_tag":[],"class_list":{"0":"post-19170","1":"product","2":"type-product","3":"status-publish","4":"has-post-thumbnail","6":"brw_tour_types-groupe-prive","7":"brw_parent_child-parent","8":"product_cat-adventures","9":"product_cat-familial","11":"first","12":"instock","13":"shipping-taxable","14":"purchasable","15":"product-type-ovabrw_car_rental"},"acf":[],"_links":{"self":[{"href":"https:\/\/balisoultrips.com\/fr\/wp-json\/wp\/v2\/product\/19170","targetHints":{"allow":["GET"]}}],"collection":[{"href":"https:\/\/balisoultrips.com\/fr\/wp-json\/wp\/v2\/product"}],"about":[{"href":"https:\/\/balisoultrips.com\/fr\/wp-json\/wp\/v2\/types\/product"}],"replies":[{"embeddable":true,"href":"https:\/\/balisoultrips.com\/fr\/wp-json\/wp\/v2\/comments?post=19170"}],"wp:featuredmedia":[{"embeddable":true,"href":"https:\/\/balisoultrips.com\/fr\/wp-json\/wp\/v2\/media\/19163"}],"wp:attachment":[{"href":"https:\/\/balisoultrips.com\/fr\/wp-json\/wp\/v2\/media?parent=19170"}],"wp:term":[{"taxonomy":"product_brand","embeddable":true,"href":"https:\/\/balisoultrips.com\/fr\/wp-json\/wp\/v2\/product_brand?post=19170"},{"taxonomy":"product_cat","embeddable":true,"href":"https:\/\/balisoultrips.com\/fr\/wp-json\/wp\/v2\/product_cat?post=19170"},{"taxonomy":"product_tag","embeddable":true,"href":"https:\/\/balisoultrips.com\/fr\/wp-json\/wp\/v2\/product_tag?post=19170"}],"curies":[{"name":"wp","href":"https:\/\/api.w.org\/{rel}","templated":true}]}}