{"id":19129,"date":"2025-09-29T18:14:53","date_gmt":"2025-09-29T10:14:53","guid":{"rendered":"https:\/\/balisoultrips.com\/product\/purification-ceremony-at-sacred-sites\/"},"modified":"2026-01-19T17:22:36","modified_gmt":"2026-01-19T09:22:36","slug":"purification-ceremony-at-sacred-sites","status":"publish","type":"product","link":"https:\/\/balisoultrips.com\/fr\/produit\/purification-ceremony-at-sacred-sites\/","title":{"rendered":"C\u00e9r\u00e9monie de purification dans des lieux sacr\u00e9s"},"content":{"rendered":"<p class=\"p1\">Une occasion de participer \u00e0 une c\u00e9r\u00e9monie balinaise traditionnelle de purification \u2014 se baigner dans une source sacr\u00e9e. En chemin, nous admirerons de pittoresques rizi\u00e8res en terrasses et des jungles myst\u00e9rieuses<\/p>\n","protected":false},"excerpt":{"rendered":"[products ids=\"9996,9989\" columns=\"3\"]\n","protected":false},"featured_media":19128,"comment_status":"open","ping_status":"closed","template":"","meta":{"_acf_changed":false},"product_brand":[],"product_cat":[585],"product_tag":[],"class_list":{"0":"post-19129","1":"product","2":"type-product","3":"status-publish","4":"has-post-thumbnail","6":"brw_tour_types-tur-pribadi","7":"brw_parent_child-parent","8":"product_cat-budaya","10":"first","11":"instock","12":"shipping-taxable","13":"purchasable","14":"product-type-ovabrw_car_rental"},"acf":[],"_links":{"self":[{"href":"https:\/\/balisoultrips.com\/fr\/wp-json\/wp\/v2\/product\/19129","targetHints":{"allow":["GET"]}}],"collection":[{"href":"https:\/\/balisoultrips.com\/fr\/wp-json\/wp\/v2\/product"}],"about":[{"href":"https:\/\/balisoultrips.com\/fr\/wp-json\/wp\/v2\/types\/product"}],"replies":[{"embeddable":true,"href":"https:\/\/balisoultrips.com\/fr\/wp-json\/wp\/v2\/comments?post=19129"}],"wp:featuredmedia":[{"embeddable":true,"href":"https:\/\/balisoultrips.com\/fr\/wp-json\/wp\/v2\/media\/19128"}],"wp:attachment":[{"href":"https:\/\/balisoultrips.com\/fr\/wp-json\/wp\/v2\/media?parent=19129"}],"wp:term":[{"taxonomy":"product_brand","embeddable":true,"href":"https:\/\/balisoultrips.com\/fr\/wp-json\/wp\/v2\/product_brand?post=19129"},{"taxonomy":"product_cat","embeddable":true,"href":"https:\/\/balisoultrips.com\/fr\/wp-json\/wp\/v2\/product_cat?post=19129"},{"taxonomy":"product_tag","embeddable":true,"href":"https:\/\/balisoultrips.com\/fr\/wp-json\/wp\/v2\/product_tag?post=19129"}],"curies":[{"name":"wp","href":"https:\/\/api.w.org\/{rel}","templated":true}]}}