{"id":19114,"date":"2025-09-29T16:41:08","date_gmt":"2025-09-29T08:41:08","guid":{"rendered":"https:\/\/balisoultrips.com\/product\/waterfall-tours-in-bali-discover-the-islands-hidden-gems\/"},"modified":"2026-01-19T17:09:31","modified_gmt":"2026-01-19T09:09:31","slug":"waterfall-tours-in-bali-discover-the-islands-hidden-gems","status":"publish","type":"product","link":"https:\/\/balisoultrips.com\/fr\/produit\/waterfall-tours-in-bali-discover-the-islands-hidden-gems\/","title":{"rendered":"Excursions aux cascades \u00e0 Bali \u2013 d\u00e9couvrez les tr\u00e9sors cach\u00e9s de l\u2019\u00eele"},"content":{"rendered":"<p class=\"p1\">Plongez dans la beaut\u00e9 des cascades de Bali gr\u00e2ce \u00e0 nos excursions. Visitez les cascades les plus pittoresques et les plus isol\u00e9es, accompagn\u00e9s de guides professionnels<\/p>\n","protected":false},"excerpt":{"rendered":"[products ids=\"10029,10023,10017\" columns=\"3\"]\n","protected":false},"featured_media":19110,"comment_status":"open","ping_status":"closed","template":"","meta":{"_acf_changed":false},"product_brand":[],"product_cat":[586],"product_tag":[],"class_list":{"0":"post-19114","1":"product","2":"type-product","3":"status-publish","4":"has-post-thumbnail","6":"brw_tour_types-private-tour","7":"brw_parent_child-parent","8":"product_cat-culture","10":"first","11":"instock","12":"shipping-taxable","13":"purchasable","14":"product-type-ovabrw_car_rental"},"acf":[],"_links":{"self":[{"href":"https:\/\/balisoultrips.com\/fr\/wp-json\/wp\/v2\/product\/19114","targetHints":{"allow":["GET"]}}],"collection":[{"href":"https:\/\/balisoultrips.com\/fr\/wp-json\/wp\/v2\/product"}],"about":[{"href":"https:\/\/balisoultrips.com\/fr\/wp-json\/wp\/v2\/types\/product"}],"replies":[{"embeddable":true,"href":"https:\/\/balisoultrips.com\/fr\/wp-json\/wp\/v2\/comments?post=19114"}],"wp:featuredmedia":[{"embeddable":true,"href":"https:\/\/balisoultrips.com\/fr\/wp-json\/wp\/v2\/media\/19110"}],"wp:attachment":[{"href":"https:\/\/balisoultrips.com\/fr\/wp-json\/wp\/v2\/media?parent=19114"}],"wp:term":[{"taxonomy":"product_brand","embeddable":true,"href":"https:\/\/balisoultrips.com\/fr\/wp-json\/wp\/v2\/product_brand?post=19114"},{"taxonomy":"product_cat","embeddable":true,"href":"https:\/\/balisoultrips.com\/fr\/wp-json\/wp\/v2\/product_cat?post=19114"},{"taxonomy":"product_tag","embeddable":true,"href":"https:\/\/balisoultrips.com\/fr\/wp-json\/wp\/v2\/product_tag?post=19114"}],"curies":[{"name":"wp","href":"https:\/\/api.w.org\/{rel}","templated":true}]}}