{"id":19043,"date":"2025-10-08T16:37:55","date_gmt":"2025-10-08T08:37:55","guid":{"rendered":"https:\/\/balisoultrips.com\/product\/cycling-tour\/"},"modified":"2026-01-15T17:55:44","modified_gmt":"2026-01-15T09:55:44","slug":"cycling-tour","status":"publish","type":"product","link":"https:\/\/balisoultrips.com\/fr\/produit\/cycling-tour\/","title":{"rendered":"Tour \u00e0 v\u00e9lo"},"content":{"rendered":"<h6 class=\"p1\"><strong>Langues<\/strong> : anglais, indon\u00e9sien<\/h6>\n<h2>Aper\u00e7u<\/h2>\n<p class=\"p1\">Pr\u00e9parez-vous \u00e0 vivre un voyage inoubliable \u00e0 travers certains des plus beaux paysages montagneux de Bali. Cette sortie \u00e0 v\u00e9lo accompagn\u00e9e vous emm\u00e8ne dans des coins paisibles et pittoresques de l\u2019\u00eele, loin des itin\u00e9raires touristiques habituels<\/p>\n<p class=\"p1\">Nos guides anglophones, de v\u00e9ritables experts de l\u2019\u00eele, partageront avec vous des histoires fascinantes sur l\u2019histoire, la culture et la vie locale de la r\u00e9gion<\/p>\n<p class=\"p1\">Vous traverserez des plantations fruiti\u00e8res, o\u00f9 vous pourrez vous arr\u00eater et go\u00fbter des fruits exotiques fra\u00eechement cueillis. Ensuite, l\u2019itin\u00e9raire se poursuit dans la for\u00eat de bambous de Taro, offrant une exp\u00e9rience naturelle unique. Enfin, votre aventure \u00e0 v\u00e9lo se termine au restaurant Koko Bambu, o\u00f9 un d\u00e9licieux d\u00e9jeuner vous attend<\/p>\n<h3>Informations importantes<\/h3>\n<ul>\n<li>Un acompte de 20 % est requis au moment de la r\u00e9servation, le solde \u00e9tant \u00e0 r\u00e9gler en esp\u00e8ces sur place<\/li>\n<li>Vous pouvez \u00e9galement choisir de r\u00e9gler la totalit\u00e9 du montant \u00e0 l\u2019avance en utilisant l\u2019un des modes de paiement en ligne disponibles.<\/li>\n<li>Cette activit\u00e9 convient aux personnes ayant une condition physique moyenne.<\/li>\n<li class=\"p1\">Longueur du parcours : environ 20 km<\/li>\n<li>Nous agissons en tant que service de r\u00e9servation et interm\u00e9diaire entre le client et le prestataire de services en Indon\u00e9sie.<\/li>\n<li>Nous garantissons des tarifs publics transparents et des conditions claires, sans frais cach\u00e9s.<\/li>\n<li>Nous s\u00e9lectionnons soigneusement les meilleurs prestataires et travaillons en continu \u00e0 l\u2019am\u00e9lioration de la qualit\u00e9 de notre service.<\/li>\n<\/ul>\n","protected":false},"excerpt":{"rendered":"<p>Langues : anglais, indon\u00e9sien Aper\u00e7u Pr\u00e9parez-vous \u00e0 vivre un voyage inoubliable \u00e0 travers certains des plus beaux paysages montagneux de Bali. Cette sortie \u00e0 v\u00e9lo accompagn\u00e9e vous emm\u00e8ne dans des coins paisibles et pittoresques de l\u2019\u00eele, loin des itin\u00e9raires touristiques habituels Nos guides anglophones, de v\u00e9ritables experts de l\u2019\u00eele, partageront avec vous des histoires fascinantes [&hellip;]<\/p>\n","protected":false},"featured_media":19039,"comment_status":"open","ping_status":"closed","template":"","meta":{"_acf_changed":false},"product_brand":[],"product_cat":[140,512],"product_tag":[],"class_list":{"0":"post-19043","1":"product","2":"type-product","3":"status-publish","4":"has-post-thumbnail","6":"brw_tour_types-visite-en-groupe","7":"brw_parent_child-parent","8":"product_cat-adventures","9":"product_cat-familial","11":"first","12":"instock","13":"shipping-taxable","14":"purchasable","15":"product-type-ovabrw_car_rental"},"acf":[],"_links":{"self":[{"href":"https:\/\/balisoultrips.com\/fr\/wp-json\/wp\/v2\/product\/19043","targetHints":{"allow":["GET"]}}],"collection":[{"href":"https:\/\/balisoultrips.com\/fr\/wp-json\/wp\/v2\/product"}],"about":[{"href":"https:\/\/balisoultrips.com\/fr\/wp-json\/wp\/v2\/types\/product"}],"replies":[{"embeddable":true,"href":"https:\/\/balisoultrips.com\/fr\/wp-json\/wp\/v2\/comments?post=19043"}],"wp:featuredmedia":[{"embeddable":true,"href":"https:\/\/balisoultrips.com\/fr\/wp-json\/wp\/v2\/media\/19039"}],"wp:attachment":[{"href":"https:\/\/balisoultrips.com\/fr\/wp-json\/wp\/v2\/media?parent=19043"}],"wp:term":[{"taxonomy":"product_brand","embeddable":true,"href":"https:\/\/balisoultrips.com\/fr\/wp-json\/wp\/v2\/product_brand?post=19043"},{"taxonomy":"product_cat","embeddable":true,"href":"https:\/\/balisoultrips.com\/fr\/wp-json\/wp\/v2\/product_cat?post=19043"},{"taxonomy":"product_tag","embeddable":true,"href":"https:\/\/balisoultrips.com\/fr\/wp-json\/wp\/v2\/product_tag?post=19043"}],"curies":[{"name":"wp","href":"https:\/\/api.w.org\/{rel}","templated":true}]}}