{"id":19020,"date":"2025-10-09T00:39:13","date_gmt":"2025-10-08T16:39:13","guid":{"rendered":"https:\/\/balisoultrips.com\/product\/landy-safari-jeep-expedition\/"},"modified":"2026-01-15T15:49:53","modified_gmt":"2026-01-15T07:49:53","slug":"landy-safari-jeep-expedition","status":"publish","type":"product","link":"https:\/\/balisoultrips.com\/fr\/produit\/landy-safari-jeep-expedition\/","title":{"rendered":"Landy Safari : exp\u00e9dition en jeep"},"content":{"rendered":"<p class=\"p1\">Partez pour un safari en jeep palpitant \u00e0 travers Bali. Explorez les recoins cach\u00e9s de l\u2019\u00eele, admirez des paysages \u00e0 couper le souffle et d\u00e9couvrez des sites culturels uniques<\/p>\n","protected":false},"excerpt":{"rendered":"[products ids=\"11343,11334\" columns=\"3\"]\n","protected":false},"featured_media":19018,"comment_status":"open","ping_status":"closed","template":"","meta":{"_acf_changed":false},"product_brand":[],"product_cat":[140,488,528,575],"product_tag":[],"class_list":{"0":"post-19020","1":"product","2":"type-product","3":"status-publish","4":"has-post-thumbnail","6":"brw_tour_types-groupe-prive","7":"brw_parent_child-parent","8":"product_cat-adventures","9":"product_cat-balisoultrips-choice","10":"product_cat-nature","11":"product_cat-volcans","13":"first","14":"instock","15":"featured","16":"shipping-taxable","17":"purchasable","18":"product-type-ovabrw_car_rental"},"acf":[],"_links":{"self":[{"href":"https:\/\/balisoultrips.com\/fr\/wp-json\/wp\/v2\/product\/19020","targetHints":{"allow":["GET"]}}],"collection":[{"href":"https:\/\/balisoultrips.com\/fr\/wp-json\/wp\/v2\/product"}],"about":[{"href":"https:\/\/balisoultrips.com\/fr\/wp-json\/wp\/v2\/types\/product"}],"replies":[{"embeddable":true,"href":"https:\/\/balisoultrips.com\/fr\/wp-json\/wp\/v2\/comments?post=19020"}],"wp:featuredmedia":[{"embeddable":true,"href":"https:\/\/balisoultrips.com\/fr\/wp-json\/wp\/v2\/media\/19018"}],"wp:attachment":[{"href":"https:\/\/balisoultrips.com\/fr\/wp-json\/wp\/v2\/media?parent=19020"}],"wp:term":[{"taxonomy":"product_brand","embeddable":true,"href":"https:\/\/balisoultrips.com\/fr\/wp-json\/wp\/v2\/product_brand?post=19020"},{"taxonomy":"product_cat","embeddable":true,"href":"https:\/\/balisoultrips.com\/fr\/wp-json\/wp\/v2\/product_cat?post=19020"},{"taxonomy":"product_tag","embeddable":true,"href":"https:\/\/balisoultrips.com\/fr\/wp-json\/wp\/v2\/product_tag?post=19020"}],"curies":[{"name":"wp","href":"https:\/\/api.w.org\/{rel}","templated":true}]}}