{"id":18937,"date":"2025-10-09T19:35:15","date_gmt":"2025-10-09T11:35:15","guid":{"rendered":"https:\/\/balisoultrips.com\/product\/surfing\/"},"modified":"2026-01-05T17:00:05","modified_gmt":"2026-01-05T09:00:05","slug":"surfing","status":"publish","type":"product","link":"https:\/\/balisoultrips.com\/fr\/produit\/surfing\/","title":{"rendered":"Surf"},"content":{"rendered":"<h6 class=\"p1\"><strong>Langues<\/strong> : anglais, russe, indon\u00e9sien<\/h6>\n<h2>Aper\u00e7u<\/h2>\n<p class=\"p1\">Le surf n\u2019est pas seulement un sport \u2014 c\u2019est un art de vivre. La sensation de glisser sur une vague est impossible \u00e0 d\u00e9crire \u2014 chacun la ressent diff\u00e9remment<\/p>\n<p class=\"p1\">Dans tous les cas, c\u2019est une excellente fa\u00e7on de tester ses capacit\u00e9s physiques, de vivre de nouvelles \u00e9motions, de savourer la solitude au milieu de l\u2019oc\u00e9an immense et de se faire de nouveaux amis \u00e0 l\u2019\u00e9cole de surf<\/p>\n<p class=\"p1\">L\u2019\u00e9cole de surf vous invite \u00e0 plonger dans l\u2019ambiance d\u2019un mode de vie baln\u00e9aire actif. Ici, seuls des instructeurs professionnels exp\u00e9riment\u00e9s enseignent. Vous pouvez choisir des cours en groupe ou des cours priv\u00e9s<\/p>\n<p class=\"p1\">Les cours ont lieu \u00e0 diff\u00e9rents endroits selon les pr\u00e9visions et les conditions de l\u2019oc\u00e9an \u2014 principalement \u00e0 Jimbaran, Kuta, Nusa Dua et Sanur<\/p>\n<p class=\"p1\">L\u2019heure et le lieu de d\u00e9part sont d\u00e9termin\u00e9s par plusieurs facteurs : les mar\u00e9es, la hauteur des vagues et la direction du vent<\/p>\n<h3>Informations importantes<\/h3>\n<ul>\n<li>Un acompte de 20 % est requis au moment de la r\u00e9servation, le solde \u00e9tant \u00e0 r\u00e9gler en esp\u00e8ces sur place<\/li>\n<li>Vous pouvez \u00e9galement choisir de r\u00e9gler la totalit\u00e9 du montant \u00e0 l\u2019avance en utilisant l\u2019un des modes de paiement en ligne disponibles.<\/li>\n<li>Cette activit\u00e9 convient aux personnes ayant une condition physique moyenne.<\/li>\n<li class=\"p1\">Dur\u00e9e de l\u2019activit\u00e9 : \u00e0 partir de 2,5 heures<\/li>\n<li class=\"p1\">Heure et lieu de rendez-vous : d\u00e9pendent des mar\u00e9es, des vagues et des conditions de vent<\/li>\n<li class=\"p1\">Condition physique : convient aux personnes ayant une forme physique moyenne<\/li>\n<li class=\"p1\">Taille du groupe : 1 instructeur pour 3 \u00e0 5 participants<\/li>\n<li>Nous agissons en tant que service de r\u00e9servation et interm\u00e9diaire entre le client et le prestataire de services en Indon\u00e9sie.<\/li>\n<li>Nous garantissons des tarifs publics transparents et des conditions claires, sans frais cach\u00e9s.<\/li>\n<li>Nous s\u00e9lectionnons soigneusement les meilleurs prestataires et travaillons en continu \u00e0 l\u2019am\u00e9lioration de la qualit\u00e9 de notre service.<\/li>\n<\/ul>\n","protected":false},"excerpt":{"rendered":"<p>Langues : anglais, russe, indon\u00e9sien Aper\u00e7u Le surf n\u2019est pas seulement un sport \u2014 c\u2019est un art de vivre. La sensation de glisser sur une vague est impossible \u00e0 d\u00e9crire \u2014 chacun la ressent diff\u00e9remment Dans tous les cas, c\u2019est une excellente fa\u00e7on de tester ses capacit\u00e9s physiques, de vivre de nouvelles \u00e9motions, de savourer [&hellip;]<\/p>\n","protected":false},"featured_media":18933,"comment_status":"open","ping_status":"closed","template":"","meta":{"_acf_changed":false},"product_brand":[],"product_cat":[509],"product_tag":[],"class_list":{"0":"post-18937","1":"product","2":"type-product","3":"status-publish","4":"has-post-thumbnail","6":"brw_tour_types-group-tour-2","7":"brw_tour_types-private-tour","8":"brw_parent_child-parent","9":"product_cat-extreme","11":"first","12":"instock","13":"shipping-taxable","14":"purchasable","15":"product-type-ovabrw_car_rental"},"acf":[],"_links":{"self":[{"href":"https:\/\/balisoultrips.com\/fr\/wp-json\/wp\/v2\/product\/18937","targetHints":{"allow":["GET"]}}],"collection":[{"href":"https:\/\/balisoultrips.com\/fr\/wp-json\/wp\/v2\/product"}],"about":[{"href":"https:\/\/balisoultrips.com\/fr\/wp-json\/wp\/v2\/types\/product"}],"replies":[{"embeddable":true,"href":"https:\/\/balisoultrips.com\/fr\/wp-json\/wp\/v2\/comments?post=18937"}],"wp:featuredmedia":[{"embeddable":true,"href":"https:\/\/balisoultrips.com\/fr\/wp-json\/wp\/v2\/media\/18933"}],"wp:attachment":[{"href":"https:\/\/balisoultrips.com\/fr\/wp-json\/wp\/v2\/media?parent=18937"}],"wp:term":[{"taxonomy":"product_brand","embeddable":true,"href":"https:\/\/balisoultrips.com\/fr\/wp-json\/wp\/v2\/product_brand?post=18937"},{"taxonomy":"product_cat","embeddable":true,"href":"https:\/\/balisoultrips.com\/fr\/wp-json\/wp\/v2\/product_cat?post=18937"},{"taxonomy":"product_tag","embeddable":true,"href":"https:\/\/balisoultrips.com\/fr\/wp-json\/wp\/v2\/product_tag?post=18937"}],"curies":[{"name":"wp","href":"https:\/\/api.w.org\/{rel}","templated":true}]}}