{"id":18897,"date":"2025-10-10T16:45:04","date_gmt":"2025-10-10T08:45:04","guid":{"rendered":"https:\/\/balisoultrips.com\/product\/paragliding-in-bali\/"},"modified":"2025-12-27T18:11:13","modified_gmt":"2025-12-27T10:11:13","slug":"paragliding-in-bali","status":"publish","type":"product","link":"https:\/\/balisoultrips.com\/fr\/produit\/paragliding-in-bali\/","title":{"rendered":"Parapente \u00e0 Bali"},"content":{"rendered":"<h6 class=\"p1\"><strong>Langues<\/strong> : anglais, indon\u00e9sien<\/h6>\n<h2>Aper\u00e7u<\/h2>\n<p class=\"p1\">D\u00e9couvrez Bali vue du ciel \u2014 admirez la nature sauvage, l\u2019oc\u00e9an scintillant et des plages pr\u00e9serv\u00e9es depuis les airs<\/p>\n<p class=\"p1\">Le parapente est une aventure inoubliable que chacun devrait essayer au moins une fois !<\/p>\n<p class=\"p1\">\u00c0 votre arriv\u00e9e \u00e0 la base, l\u2019instructeur vous fournira tout l\u2019\u00e9quipement n\u00e9cessaire. Apr\u00e8s un court briefing, vous vous rendrez au point de d\u00e9collage<\/p>\n<p class=\"p1\">Les parapentes d\u00e9collent \u00e0 tour de r\u00f4le, vous devrez donc attendre votre tour<\/p>\n<p class=\"p1\">Votre vol en parapente en tandem avec un instructeur dure environ 15 minutes<\/p>\n<p class=\"p1\">Pendant le vol, vous serez \u00e9quip\u00e9 d\u2019une cam\u00e9ra num\u00e9rique grand angle qui capture non seulement des vues \u00e0 couper le souffle, mais aussi votre sourire<\/p>\n<h3>Informations importantes<\/h3>\n<ul>\n<li>Un acompte de 20 % est requis au moment de la r\u00e9servation, le solde \u00e9tant \u00e0 r\u00e9gler en esp\u00e8ces sur place<\/li>\n<li>Vous pouvez \u00e9galement choisir de r\u00e9gler la totalit\u00e9 du montant \u00e0 l\u2019avance en utilisant l\u2019un des modes de paiement en ligne disponibles.<\/li>\n<li class=\"p1\">La r\u00e9servation peut \u00eatre effectu\u00e9e le jour du vol<\/li>\n<li class=\"p1\">Veuillez confirmer les conditions m\u00e9t\u00e9o avec le manager avant de r\u00e9server<\/li>\n<li>Dur\u00e9e moyenne du vol : 15 minutes<\/li>\n<li>\u00c2ge minimum : \u00e0 partir de 5 ans<\/li>\n<li>Poids maximum : jusqu\u2019\u00e0 100 kg<\/li>\n<li>Transfert des fichiers : vous avez besoin d\u2019au moins 5 Go d\u2019espace libre pour recevoir les vid\u00e9os GoPro<\/li>\n<li>Vols en tandem : deux enfants ou un adulte avec un enfant peuvent voler ensemble avec un instructeur, mais le tarif est factur\u00e9 par personne<\/li>\n<li>Nous agissons en tant que service de r\u00e9servation et interm\u00e9diaire entre le client et le prestataire de services en Indon\u00e9sie.<\/li>\n<li>Nous garantissons des tarifs publics transparents et des conditions claires, sans frais cach\u00e9s.<\/li>\n<li>Nous s\u00e9lectionnons soigneusement les meilleurs prestataires et travaillons en continu \u00e0 l\u2019am\u00e9lioration de la qualit\u00e9 de notre service.<\/li>\n<\/ul>\n","protected":false},"excerpt":{"rendered":"<p>Langues : anglais, indon\u00e9sien Aper\u00e7u D\u00e9couvrez Bali vue du ciel \u2014 admirez la nature sauvage, l\u2019oc\u00e9an scintillant et des plages pr\u00e9serv\u00e9es depuis les airs Le parapente est une aventure inoubliable que chacun devrait essayer au moins une fois ! \u00c0 votre arriv\u00e9e \u00e0 la base, l\u2019instructeur vous fournira tout l\u2019\u00e9quipement n\u00e9cessaire. Apr\u00e8s un court briefing, [&hellip;]<\/p>\n","protected":false},"featured_media":18893,"comment_status":"open","ping_status":"closed","template":"","meta":{"_acf_changed":false},"product_brand":[],"product_cat":[504],"product_tag":[],"class_list":{"0":"post-18897","1":"product","2":"type-product","3":"status-publish","4":"has-post-thumbnail","6":"brw_tour_types-visite-privee","7":"brw_parent_child-parent","8":"product_cat-extreme","10":"first","11":"instock","12":"shipping-taxable","13":"purchasable","14":"product-type-ovabrw_car_rental"},"acf":[],"_links":{"self":[{"href":"https:\/\/balisoultrips.com\/fr\/wp-json\/wp\/v2\/product\/18897","targetHints":{"allow":["GET"]}}],"collection":[{"href":"https:\/\/balisoultrips.com\/fr\/wp-json\/wp\/v2\/product"}],"about":[{"href":"https:\/\/balisoultrips.com\/fr\/wp-json\/wp\/v2\/types\/product"}],"replies":[{"embeddable":true,"href":"https:\/\/balisoultrips.com\/fr\/wp-json\/wp\/v2\/comments?post=18897"}],"wp:featuredmedia":[{"embeddable":true,"href":"https:\/\/balisoultrips.com\/fr\/wp-json\/wp\/v2\/media\/18893"}],"wp:attachment":[{"href":"https:\/\/balisoultrips.com\/fr\/wp-json\/wp\/v2\/media?parent=18897"}],"wp:term":[{"taxonomy":"product_brand","embeddable":true,"href":"https:\/\/balisoultrips.com\/fr\/wp-json\/wp\/v2\/product_brand?post=18897"},{"taxonomy":"product_cat","embeddable":true,"href":"https:\/\/balisoultrips.com\/fr\/wp-json\/wp\/v2\/product_cat?post=18897"},{"taxonomy":"product_tag","embeddable":true,"href":"https:\/\/balisoultrips.com\/fr\/wp-json\/wp\/v2\/product_tag?post=18897"}],"curies":[{"name":"wp","href":"https:\/\/api.w.org\/{rel}","templated":true}]}}