{"id":18875,"date":"2025-10-12T22:08:19","date_gmt":"2025-10-12T14:08:19","guid":{"rendered":"https:\/\/balisoultrips.com\/product\/mount-batur-sunrise-trekking\/"},"modified":"2025-12-25T17:48:28","modified_gmt":"2025-12-25T09:48:28","slug":"mount-batur-sunrise-trekking","status":"publish","type":"product","link":"https:\/\/balisoultrips.com\/fr\/produit\/mount-batur-sunrise-trekking\/","title":{"rendered":"Trek au lever du soleil au mont Batur"},"content":{"rendered":"<p class=\"p1\">Si vous osez gravir de nuit le mont Batur, volcan actif mais actuellement au repos, culminant \u00e0 1 818 m\u00e8tres, vous serez r\u00e9compens\u00e9 au lever du soleil par une vue \u00e0 couper le souffle sur l\u2019une des plus grandes caldeiras d\u2019Asie du Sud-Est<\/p>\n","protected":false},"excerpt":{"rendered":"[products ids=\"11406,11400\" columns=\"3\"]\n","protected":false},"featured_media":18874,"comment_status":"open","ping_status":"closed","template":"","meta":{"_acf_changed":false},"product_brand":[],"product_cat":[140,575],"product_tag":[],"class_list":{"0":"post-18875","1":"product","2":"type-product","3":"status-publish","4":"has-post-thumbnail","6":"brw_tour_types-visite-en-groupe","7":"brw_tour_types-visite-privee","8":"brw_parent_child-parent","9":"product_cat-adventures","10":"product_cat-volcans","12":"first","13":"instock","14":"shipping-taxable","15":"purchasable","16":"product-type-ovabrw_car_rental"},"acf":[],"_links":{"self":[{"href":"https:\/\/balisoultrips.com\/fr\/wp-json\/wp\/v2\/product\/18875","targetHints":{"allow":["GET"]}}],"collection":[{"href":"https:\/\/balisoultrips.com\/fr\/wp-json\/wp\/v2\/product"}],"about":[{"href":"https:\/\/balisoultrips.com\/fr\/wp-json\/wp\/v2\/types\/product"}],"replies":[{"embeddable":true,"href":"https:\/\/balisoultrips.com\/fr\/wp-json\/wp\/v2\/comments?post=18875"}],"wp:featuredmedia":[{"embeddable":true,"href":"https:\/\/balisoultrips.com\/fr\/wp-json\/wp\/v2\/media\/18874"}],"wp:attachment":[{"href":"https:\/\/balisoultrips.com\/fr\/wp-json\/wp\/v2\/media?parent=18875"}],"wp:term":[{"taxonomy":"product_brand","embeddable":true,"href":"https:\/\/balisoultrips.com\/fr\/wp-json\/wp\/v2\/product_brand?post=18875"},{"taxonomy":"product_cat","embeddable":true,"href":"https:\/\/balisoultrips.com\/fr\/wp-json\/wp\/v2\/product_cat?post=18875"},{"taxonomy":"product_tag","embeddable":true,"href":"https:\/\/balisoultrips.com\/fr\/wp-json\/wp\/v2\/product_tag?post=18875"}],"curies":[{"name":"wp","href":"https:\/\/api.w.org\/{rel}","templated":true}]}}