{"id":18815,"date":"2025-10-13T00:32:31","date_gmt":"2025-10-12T16:32:31","guid":{"rendered":"https:\/\/balisoultrips.com\/product\/mount-ijen-hiking\/"},"modified":"2025-12-25T15:47:45","modified_gmt":"2025-12-25T07:47:45","slug":"mount-ijen-hiking","status":"publish","type":"product","link":"https:\/\/balisoultrips.com\/fr\/produit\/mount-ijen-hiking\/","title":{"rendered":"Randonn\u00e9e au mont Ijen"},"content":{"rendered":"<h6 class=\"p1\"><strong>Langues<\/strong> : anglais, indon\u00e9sien<\/h6>\n<h2>Aper\u00e7u<\/h2>\n<p class=\"p1\">Le mont Ijen se trouve sur l\u2019\u00eele de Java, et son point culminant atteint 2 370 m\u00e8tres<\/p>\n<p class=\"p1\">Le voyage commence de nuit. En chemin vers le sommet, vous pourrez apercevoir les fascinantes flammes bleues \u2014 r\u00e9sultat de la combustion du soufre. La vue est \u00e0 couper le souffle, et l\u2019exp\u00e9rience m\u00eame d\u2019une randonn\u00e9e nocturne laisse un souvenir inoubliable. Une fois au sommet, vous descendrez dans le crat\u00e8re<\/p>\n<p class=\"p1\">Les paysages depuis le volcan sont impressionnants, et de nombreux visiteurs viennent ici sp\u00e9cialement pour admirer le lever du soleil. \u00c0 l\u2019int\u00e9rieur du crat\u00e8re se trouve un lac acide turquoise \u2014 le plus grand de ce type au monde<\/p>\n<p class=\"p1\">Vous aurez l\u2019occasion de prendre des photos incroyables!<\/p>\n<p class=\"p1\">Le voyage est \u00e0 la fois spectaculaire et riche en \u00e9motions, accompagn\u00e9 d\u2019un guide qui vous montrera les meilleurs points de vue et vous racontera l\u2019histoire fascinante du volcan<\/p>\n<h3>Informations importantes<\/h3>\n<ul>\n<li>R\u00e9servation avec paiement int\u00e9gral \u00e0 l\u2019avance.<\/li>\n<li class=\"p1\">Hauteur du volcan: 2799 m\u00e8tres<\/li>\n<li>Ce tour convient aux personnes ayant un niveau moyen de condition physique<\/li>\n<li>Dur\u00e9e moyenne de la mont\u00e9e et de la descente: environ 6\u20137 heures<\/li>\n<li>Les enfants \u00e0 partir de 12 ans sont autoris\u00e9s sous la responsabilit\u00e9 des parents<\/li>\n<li>La descente dans le crat\u00e8re jusqu\u2019au lac n\u2019est pas am\u00e9nag\u00e9e pour un acc\u00e8s en toute s\u00e9curit\u00e9; nous ne recommandons pas de descendre dans le crat\u00e8re. En cas de descente, l\u2019organisateur du tour n\u2019est responsable d\u2019aucune cons\u00e9quence<\/li>\n<li>La randonn\u00e9e au mont Ijen n\u2019est pas recommand\u00e9e aux personnes souffrant de maladies respiratoires telles que l\u2019asthme, la bronchite chronique, la maladie pulmonaire obstructive, ainsi que d\u2019autres affections respiratoires, ni aux femmes enceintes et aux personnes atteintes d\u2019insuffisance cardiaque<\/li>\n<li>Si n\u00e9cessaire, vous pouvez acheter ou louer des v\u00eatements chauds sur place (vestes, pantalons, bonnets)<\/li>\n<li>Ce tour comprend de longs transferts en voiture; pour rendre votre voyage plus confortable, pensez au \u201ctour de 2 jours \u00e0 Ijen et \u00e0 la for\u00eat magique de Javatun Benchuluk\u201d<\/li>\n<li>Nous agissons en tant que service de r\u00e9servation et interm\u00e9diaire entre le client et le prestataire de services en Indon\u00e9sie.<\/li>\n<li>Nous garantissons des tarifs publics transparents et des conditions claires, sans frais cach\u00e9s.<\/li>\n<li>Nous s\u00e9lectionnons soigneusement les meilleurs prestataires et travaillons en continu \u00e0 l\u2019am\u00e9lioration de la qualit\u00e9 de notre service.<\/li>\n<\/ul>\n","protected":false},"excerpt":{"rendered":"<p>Langues : anglais, indon\u00e9sien Aper\u00e7u Le mont Ijen se trouve sur l\u2019\u00eele de Java, et son point culminant atteint 2 370 m\u00e8tres Le voyage commence de nuit. En chemin vers le sommet, vous pourrez apercevoir les fascinantes flammes bleues \u2014 r\u00e9sultat de la combustion du soufre. La vue est \u00e0 couper le souffle, et l\u2019exp\u00e9rience [&hellip;]<\/p>\n","protected":false},"featured_media":18809,"comment_status":"open","ping_status":"closed","template":"","meta":{"_acf_changed":false},"product_brand":[],"product_cat":[140,575],"product_tag":[],"class_list":{"0":"post-18815","1":"product","2":"type-product","3":"status-publish","4":"has-post-thumbnail","6":"brw_tour_types-visite-privee","7":"brw_parent_child-parent","8":"product_cat-adventures","9":"product_cat-volcans","11":"first","12":"instock","13":"shipping-taxable","14":"purchasable","15":"product-type-ovabrw_car_rental"},"acf":[],"_links":{"self":[{"href":"https:\/\/balisoultrips.com\/fr\/wp-json\/wp\/v2\/product\/18815","targetHints":{"allow":["GET"]}}],"collection":[{"href":"https:\/\/balisoultrips.com\/fr\/wp-json\/wp\/v2\/product"}],"about":[{"href":"https:\/\/balisoultrips.com\/fr\/wp-json\/wp\/v2\/types\/product"}],"replies":[{"embeddable":true,"href":"https:\/\/balisoultrips.com\/fr\/wp-json\/wp\/v2\/comments?post=18815"}],"wp:featuredmedia":[{"embeddable":true,"href":"https:\/\/balisoultrips.com\/fr\/wp-json\/wp\/v2\/media\/18809"}],"wp:attachment":[{"href":"https:\/\/balisoultrips.com\/fr\/wp-json\/wp\/v2\/media?parent=18815"}],"wp:term":[{"taxonomy":"product_brand","embeddable":true,"href":"https:\/\/balisoultrips.com\/fr\/wp-json\/wp\/v2\/product_brand?post=18815"},{"taxonomy":"product_cat","embeddable":true,"href":"https:\/\/balisoultrips.com\/fr\/wp-json\/wp\/v2\/product_cat?post=18815"},{"taxonomy":"product_tag","embeddable":true,"href":"https:\/\/balisoultrips.com\/fr\/wp-json\/wp\/v2\/product_tag?post=18815"}],"curies":[{"name":"wp","href":"https:\/\/api.w.org\/{rel}","templated":true}]}}