{"id":18680,"date":"2025-10-13T19:18:06","date_gmt":"2025-10-13T11:18:06","guid":{"rendered":"https:\/\/balisoultrips.com\/product\/mount-rinjani-trekking\/"},"modified":"2025-12-23T16:07:27","modified_gmt":"2025-12-23T08:07:27","slug":"mount-rinjani-trekking","status":"publish","type":"product","link":"https:\/\/balisoultrips.com\/fr\/produit\/mount-rinjani-trekking\/","title":{"rendered":"Trekking au Mont Rinjani"},"content":{"rendered":"<h6 class=\"p1\"><strong>Langues<\/strong> : anglais, indon\u00e9sien<\/h6>\n<h2>Aper\u00e7u<\/h2>\n<p class=\"p1\">C\u2019est une v\u00e9ritable aventure avec des nuits en tente sous un ciel \u00e9toil\u00e9, des repas fra\u00eechement pr\u00e9par\u00e9s au feu de camp et la possibilit\u00e9 de se d\u00e9tendre dans des sources chaudes naturelles \u00e0 l\u2019int\u00e9rieur de la caldeira du volcan. Chaque journ\u00e9e comprend de longues randonn\u00e9es de 6 \u00e0 10 heures \u00e0 travers des paysages vari\u00e9s<\/p>\n<p class=\"p1\">Sous la conduite d\u2019un guide exp\u00e9riment\u00e9 et avec l\u2019aide de porteurs attentionn\u00e9s, vous explorerez le Mont Rinjani, volcan actif, en profitant de vues \u00e0 couper le souffle sur les montagnes baign\u00e9es par les levers et couchers de soleil. Vous plongerez dans l\u2019atmosph\u00e8re myst\u00e9rieuse des crat\u00e8res volcaniques, dont celui situ\u00e9 au c\u0153ur du lac de la caldeira<\/p>\n<p class=\"p1\">Vous atteindrez une altitude de 3 726 m\u00e8tres au-dessus du niveau de la mer. Le tour comprend non seulement l\u2019ascension jusqu\u2019au sommet du Rinjani, mais aussi une descente vers le lac de crat\u00e8re, o\u00f9 vous pourrez vous d\u00e9tendre dans des sources chaudes<\/p>\n<p class=\"p1\">Si vous \u00eates pr\u00eat \u00e0 relever un d\u00e9fi et que vous avez d\u00e9j\u00e0 de l\u2019exp\u00e9rience en trekking, nous vous invitons \u00e0 vivre cette aventure unique au Mont Rinjani \u2014 un voyage rempli de paysages volcaniques impressionnants et de souvenirs inoubliables<\/p>\n<h3 class=\"p1\">Saisonnalit\u00e9 :<\/h3>\n<ul>\n<li class=\"p1\"><strong>Avril \u2013 septembre<\/strong> : la meilleure p\u00e9riode pour partir ;<\/li>\n<li class=\"p1\"><strong>Octobre \u2013 d\u00e9cembre<\/strong> : possible, mais la saison des pluies commence ;<\/li>\n<li class=\"p1\"><strong>Janvier \u2013 mars<\/strong> : ferm\u00e9 au trekking<\/li>\n<\/ul>\n<h3>Informations importantes<\/h3>\n<ul>\n<li>R\u00e9servation avec paiement int\u00e9gral \u00e0 l\u2019avance.<\/li>\n<li>Altitude du volcan : 3 726 m\u00e8tres<\/li>\n<li class=\"p1\">Pour les personnes en bonne condition physique et ayant de l\u2019exp\u00e9rience en trekking<\/li>\n<li class=\"p1\">Des vestes, b\u00e2tons de trekking, batteries externes et lampes frontales peuvent \u00eatre lou\u00e9s lors de l\u2019enregistrement (merci d\u2019en informer votre manager \u00e0 l\u2019avance)<\/li>\n<li class=\"p1\">Pendant la randonn\u00e9e, le porteur transporte uniquement la nourriture, les boissons, le mat\u00e9riel de cuisine et l\u2019\u00e9quipement de camping<\/li>\n<li class=\"p1\">Si vous avez besoin d\u2019un porteur pour transporter vos effets personnels, veuillez r\u00e9server l\u2019option \u00ab porter+ \u00bb<\/li>\n<li class=\"p1\">Les enfants \u00e0 partir de 10 ans sont accept\u00e9s<\/li>\n<li class=\"p1\">Vous pouvez rejoindre l\u2019\u00eele de Lombok en speedboat depuis le port de Padangbai ou en avion depuis l\u2019a\u00e9roport Ngurah Rai<\/li>\n<li class=\"p1\">BaliSoulTrips.com n\u2019est pas responsable des conditions m\u00e9t\u00e9o aux dates de votre tour. La m\u00e9t\u00e9o dans la caldeira du Mont Rinjani est impr\u00e9visible \u2014 brouillard, pluie et faible visibilit\u00e9 sont possibles, \u043e\u0441\u043e\u0431\u0435\u043d\u043d\u043e pendant la saison des pluies<\/li>\n<li class=\"p1\">Nous ne recommandons pas de pr\u00e9voir des excursions vers d\u2019autres \u00eeles si votre d\u00e9part de Bali a lieu dans moins de deux jours<\/li>\n<li>Nous agissons en tant que service de r\u00e9servation et interm\u00e9diaire entre le client et le prestataire de services en Indon\u00e9sie.<\/li>\n<li>Nous garantissons des tarifs publics transparents et des conditions claires, sans frais cach\u00e9s.<\/li>\n<li>Nous s\u00e9lectionnons soigneusement les meilleurs prestataires et travaillons en continu \u00e0 l\u2019am\u00e9lioration de la qualit\u00e9 de notre service.<\/li>\n<\/ul>\n","protected":false},"excerpt":{"rendered":"<p>Langues : anglais, indon\u00e9sien Aper\u00e7u C\u2019est une v\u00e9ritable aventure avec des nuits en tente sous un ciel \u00e9toil\u00e9, des repas fra\u00eechement pr\u00e9par\u00e9s au feu de camp et la possibilit\u00e9 de se d\u00e9tendre dans des sources chaudes naturelles \u00e0 l\u2019int\u00e9rieur de la caldeira du volcan. Chaque journ\u00e9e comprend de longues randonn\u00e9es de 6 \u00e0 10 heures [&hellip;]<\/p>\n","protected":false},"featured_media":18673,"comment_status":"open","ping_status":"closed","template":"","meta":{"_acf_changed":false},"product_brand":[],"product_cat":[140,488,575],"product_tag":[],"class_list":{"0":"post-18680","1":"product","2":"type-product","3":"status-publish","4":"has-post-thumbnail","6":"brw_tour_types-visite-privee","7":"brw_parent_child-parent","8":"product_cat-adventures","9":"product_cat-balisoultrips-choice","10":"product_cat-volcans","12":"first","13":"instock","14":"featured","15":"shipping-taxable","16":"purchasable","17":"product-type-ovabrw_car_rental"},"acf":[],"_links":{"self":[{"href":"https:\/\/balisoultrips.com\/fr\/wp-json\/wp\/v2\/product\/18680","targetHints":{"allow":["GET"]}}],"collection":[{"href":"https:\/\/balisoultrips.com\/fr\/wp-json\/wp\/v2\/product"}],"about":[{"href":"https:\/\/balisoultrips.com\/fr\/wp-json\/wp\/v2\/types\/product"}],"replies":[{"embeddable":true,"href":"https:\/\/balisoultrips.com\/fr\/wp-json\/wp\/v2\/comments?post=18680"}],"wp:featuredmedia":[{"embeddable":true,"href":"https:\/\/balisoultrips.com\/fr\/wp-json\/wp\/v2\/media\/18673"}],"wp:attachment":[{"href":"https:\/\/balisoultrips.com\/fr\/wp-json\/wp\/v2\/media?parent=18680"}],"wp:term":[{"taxonomy":"product_brand","embeddable":true,"href":"https:\/\/balisoultrips.com\/fr\/wp-json\/wp\/v2\/product_brand?post=18680"},{"taxonomy":"product_cat","embeddable":true,"href":"https:\/\/balisoultrips.com\/fr\/wp-json\/wp\/v2\/product_cat?post=18680"},{"taxonomy":"product_tag","embeddable":true,"href":"https:\/\/balisoultrips.com\/fr\/wp-json\/wp\/v2\/product_tag?post=18680"}],"curies":[{"name":"wp","href":"https:\/\/api.w.org\/{rel}","templated":true}]}}