{"id":18627,"date":"2025-10-14T11:10:09","date_gmt":"2025-10-14T03:10:09","guid":{"rendered":"https:\/\/balisoultrips.com\/product\/waterpark-in-bali\/"},"modified":"2025-12-22T16:48:54","modified_gmt":"2025-12-22T08:48:54","slug":"waterpark-in-bali","status":"publish","type":"product","link":"https:\/\/balisoultrips.com\/fr\/produit\/waterpark-in-bali\/","title":{"rendered":"Parc aquatique \u00e0 Bali"},"content":{"rendered":"<h6 class=\"p1\"><strong>Langues<\/strong> : anglais, indon\u00e9sien<\/h6>\n<h2>Aper\u00e7u<\/h2>\n<p class=\"p1\">Au c\u0153ur m\u00eame du centre touristique de Bali, dans le quartier de Kuta, se trouve une v\u00e9ritable oasis d\u2019aventure tropicale \u2014 Waterbom Bali<\/p>\n<p class=\"p1\">Le parc propose 17 toboggans de diff\u00e9rents niveaux de difficult\u00e9. Commencez par les descentes les plus douces pour vous mettre dans l\u2019ambiance, ou partagez l\u2019excitation en glissant ensemble sur une grande bou\u00e9e gonflable \u2014 un plaisir aussi bien pour les enfants que pour les adultes. Les amateurs de sensations fortes ne doivent pas manquer le toboggan Climax : depuis une hauteur de 16 m\u00e8tres, vous entrez dans une capsule, le sol s\u2019ouvre soudainement et vous chutez \u00e0 la verticale dans une exp\u00e9rience de chute libre \u00e0 couper le souffle<\/p>\n<p class=\"p1\">Waterbom Bali est l\u2019endroit id\u00e9al pour se d\u00e9tendre entre amis, en famille ou avec des enfants. Vous y trouverez non seulement de l\u2019adr\u00e9naline et du fun, mais aussi une s\u00e9curit\u00e9 et un confort de niveau mondial. Ce n\u2019est pas un hasard si ce parc aquatique est reconnu comme l\u2019un des meilleurs d\u2019Asie, laissant des souvenirs inoubliables \u00e0 chaque visiteur<\/p>\n<h3>Informations importantes<\/h3>\n<ul>\n<li class=\"p1\">R\u00e9servation avec paiement int\u00e9gral \u00e0 l\u2019avance.<\/li>\n<li class=\"p1\">Billet enfant : 2\u201311 ans<\/li>\n<li class=\"p1\">Enfants de moins de 2 ans : gratuit<\/li>\n<li class=\"p1\">Les enfants de moins de 11 ans doivent \u00eatre accompagn\u00e9s de leurs parents dans le parc aquatique<\/li>\n<li class=\"p1\">Il est interdit d\u2019apporter de la nourriture et des boissons de l\u2019ext\u00e9rieur dans le parc<\/li>\n<li class=\"p1\">Un casier pour les objets de valeur est disponible en suppl\u00e9ment : 70 000 IDR pour un casier standard ou 85 000 IDR pour un casier familial. Une caution remboursable de 20 000 IDR est demand\u00e9e pour chaque casier et sera restitu\u00e9e apr\u00e8s le retour de la cl\u00e9 du casier<\/li>\n<li class=\"p1\">Vous recevrez \u00e9galement un bracelet \u2014 une cl\u00e9 \u00e9lectronique pour le casier. Une caution de 10 000 IDR est demand\u00e9e pour le bracelet et sera rembours\u00e9e \u00e0 la caisse apr\u00e8s votre visite du parc aquatique<\/li>\n<li class=\"p1\">Veuillez vous assurer que votre maillot de bain ne comporte aucun accessoire m\u00e9tallique, fermeture \u00e9clair ou attache \u2014 pour des raisons de s\u00e9curit\u00e9, l\u2019acc\u00e8s \u00e0 certains toboggans peut \u00eatre limit\u00e9 si vous en portez<\/li>\n<li>Nous agissons en tant que service de r\u00e9servation et interm\u00e9diaire entre le client et le prestataire de services en Indon\u00e9sie.<\/li>\n<li>Nous garantissons des tarifs publics transparents et des conditions claires, sans frais cach\u00e9s.<\/li>\n<li>Nous s\u00e9lectionnons soigneusement les meilleurs prestataires et travaillons en continu \u00e0 l\u2019am\u00e9lioration de la qualit\u00e9 de notre service.<\/li>\n<\/ul>\n","protected":false},"excerpt":{"rendered":"<p>Langues : anglais, indon\u00e9sien Aper\u00e7u Au c\u0153ur m\u00eame du centre touristique de Bali, dans le quartier de Kuta, se trouve une v\u00e9ritable oasis d\u2019aventure tropicale \u2014 Waterbom Bali Le parc propose 17 toboggans de diff\u00e9rents niveaux de difficult\u00e9. Commencez par les descentes les plus douces pour vous mettre dans l\u2019ambiance, ou partagez l\u2019excitation en glissant [&hellip;]<\/p>\n","protected":false},"featured_media":18622,"comment_status":"open","ping_status":"closed","template":"","meta":{"_acf_changed":false},"product_brand":[],"product_cat":[488,512],"product_tag":[],"class_list":{"0":"post-18627","1":"product","2":"type-product","3":"status-publish","4":"has-post-thumbnail","6":"brw_tour_types-visite-en-groupe","7":"brw_parent_child-parent","8":"product_cat-balisoultrips-choice","9":"product_cat-familial","11":"first","12":"instock","13":"featured","14":"shipping-taxable","15":"purchasable","16":"product-type-ovabrw_car_rental"},"acf":[],"_links":{"self":[{"href":"https:\/\/balisoultrips.com\/fr\/wp-json\/wp\/v2\/product\/18627","targetHints":{"allow":["GET"]}}],"collection":[{"href":"https:\/\/balisoultrips.com\/fr\/wp-json\/wp\/v2\/product"}],"about":[{"href":"https:\/\/balisoultrips.com\/fr\/wp-json\/wp\/v2\/types\/product"}],"replies":[{"embeddable":true,"href":"https:\/\/balisoultrips.com\/fr\/wp-json\/wp\/v2\/comments?post=18627"}],"wp:featuredmedia":[{"embeddable":true,"href":"https:\/\/balisoultrips.com\/fr\/wp-json\/wp\/v2\/media\/18622"}],"wp:attachment":[{"href":"https:\/\/balisoultrips.com\/fr\/wp-json\/wp\/v2\/media?parent=18627"}],"wp:term":[{"taxonomy":"product_brand","embeddable":true,"href":"https:\/\/balisoultrips.com\/fr\/wp-json\/wp\/v2\/product_brand?post=18627"},{"taxonomy":"product_cat","embeddable":true,"href":"https:\/\/balisoultrips.com\/fr\/wp-json\/wp\/v2\/product_cat?post=18627"},{"taxonomy":"product_tag","embeddable":true,"href":"https:\/\/balisoultrips.com\/fr\/wp-json\/wp\/v2\/product_tag?post=18627"}],"curies":[{"name":"wp","href":"https:\/\/api.w.org\/{rel}","templated":true}]}}