{"id":18555,"date":"2025-10-14T12:46:00","date_gmt":"2025-10-14T04:46:00","guid":{"rendered":"https:\/\/balisoultrips.com\/product\/2-day-tour-to-the-dolphins\/"},"modified":"2025-12-20T20:06:17","modified_gmt":"2025-12-20T12:06:17","slug":"2-day-tour-to-the-dolphins","status":"publish","type":"product","link":"https:\/\/balisoultrips.com\/fr\/produit\/2-day-tour-to-the-dolphins\/","title":{"rendered":"Tour de 2 jours \u00e0 la rencontre des dauphins et du myst\u00e8re des montagnes embrum\u00e9es"},"content":{"rendered":"<h6 class=\"p1\"><strong>Langues<\/strong> : anglais, indon\u00e9sien<\/h6>\n<h2>Aper\u00e7u<\/h2>\n<p class=\"p1\">C\u2019est l\u2019occasion d\u2019observer des dauphins sauvages dans leur habitat naturel. Il est prouv\u00e9 depuis longtemps que les dauphins sont des cr\u00e9atures uniques, capables de diffuser une \u00e9nergie positive m\u00eame \u00e0 distance. Vous ne pourrez pas retenir vos \u00e9motions et votre sourire en les voyant jouer librement dans l\u2019immensit\u00e9 de l\u2019oc\u00e9an, vous taquiner et faire la course aux c\u00f4t\u00e9s de votre bateau !<\/p>\n<p class=\"p1\">Gardez \u00e0 l\u2019esprit que, m\u00eame si les chances de voir des dauphins sont \u00e9lev\u00e9es, cela ne peut pas \u00eatre garanti<\/p>\n<p class=\"p1\">Au cours de ce voyage, vous ferez aussi un trek \u00e0 travers un grand complexe de huit cascades, dont le point fort est la magnifique cascade de Sekumpul \u2014 haute de 80 m\u00e8tres. Ici, vous pourrez profiter d\u2019un v\u00e9ritable parc aquatique naturel au c\u0153ur de la jungle et glisser sur les toboggans d\u2019eau naturels. \u00c0 la cascade d\u2019Aling-Aling, vous pourrez ajouter une dose d\u2019adr\u00e9naline en sautant depuis des falaises de 5 \u00e0 15 m\u00e8tres de hauteur<\/p>\n<h3>Informations importantes<\/h3>\n<ul>\n<li>R\u00e9servation avec paiement int\u00e9gral \u00e0 l\u2019avance.<\/li>\n<li>Enfants de moins de 5 ans \u2014 gratuit<\/li>\n<li>Une chambre accueille jusqu\u2019\u00e0 deux personnes. Pour 3\u20134 personnes, deux chambres seront fournies<\/li>\n<li>En haute saison <strong>(15 juillet \u2013 15 ao\u00fbt et 24 d\u00e9cembre \u2013 5 janvier)<\/strong>, un suppl\u00e9ment de 150 000 IDR (~10 $) par chambre s\u2019applique<\/li>\n<li>Limite de capacit\u00e9 : le v\u00e9hicule peut accueillir jusqu\u2019\u00e0 4 passagers adultes<\/li>\n<li>Places enfants : les enfants occupent \u00e9galement un si\u00e8ge individuel dans le v\u00e9hicule, sauf s\u2019ils sont assis sur les genoux d\u2019un adulte. Si le voyage inclut plusieurs adultes et un enfant, le prix par personne est calcul\u00e9 uniquement sur le nombre d\u2019adultes<\/li>\n<li>Si le nombre total de passagers d\u00e9passe 4, pour votre confort, nous mettrons \u00e0 disposition deux v\u00e9hicules ou un minibus. Dans ce cas, le co\u00fbt total sera calcul\u00e9 individuellement par le manager au moment de la r\u00e9servation<\/li>\n<li>La visite des temples n\u2019est pas recommand\u00e9e aux femmes pendant les r\u00e8gles ou la grossesse<\/li>\n<li>Nous agissons en tant que service de r\u00e9servation et interm\u00e9diaire entre le client et le prestataire de services en Indon\u00e9sie.<\/li>\n<li class=\"p1\">Dans de rares cas de surr\u00e9servation ou de circonstances impr\u00e9vues, le prestataire se r\u00e9serve le droit de remplacer l\u2019h\u00f4tel r\u00e9serv\u00e9 par un autre \u00e9tablissement de m\u00eame cat\u00e9gorie et de prix \u00e9quivalent.<\/li>\n<li>Nous garantissons des tarifs publics transparents et des conditions claires, sans frais cach\u00e9s.<\/li>\n<li>Nous s\u00e9lectionnons soigneusement les meilleurs prestataires et travaillons en continu \u00e0 l\u2019am\u00e9lioration de la qualit\u00e9 de notre service.<\/li>\n<\/ul>\n","protected":false},"excerpt":{"rendered":"<p>Langues : anglais, indon\u00e9sien Aper\u00e7u C\u2019est l\u2019occasion d\u2019observer des dauphins sauvages dans leur habitat naturel. Il est prouv\u00e9 depuis longtemps que les dauphins sont des cr\u00e9atures uniques, capables de diffuser une \u00e9nergie positive m\u00eame \u00e0 distance. Vous ne pourrez pas retenir vos \u00e9motions et votre sourire en les voyant jouer librement dans l\u2019immensit\u00e9 de l\u2019oc\u00e9an, [&hellip;]<\/p>\n","protected":false},"featured_media":18546,"comment_status":"open","ping_status":"closed","template":"","meta":{"_acf_changed":false},"product_brand":[],"product_cat":[140,528],"product_tag":[],"class_list":{"0":"post-18555","1":"product","2":"type-product","3":"status-publish","4":"has-post-thumbnail","6":"brw_tour_types-visite-privee","7":"brw_parent_child-parent","8":"product_cat-adventures","9":"product_cat-nature","11":"first","12":"instock","13":"shipping-taxable","14":"purchasable","15":"product-type-ovabrw_car_rental"},"acf":[],"_links":{"self":[{"href":"https:\/\/balisoultrips.com\/fr\/wp-json\/wp\/v2\/product\/18555","targetHints":{"allow":["GET"]}}],"collection":[{"href":"https:\/\/balisoultrips.com\/fr\/wp-json\/wp\/v2\/product"}],"about":[{"href":"https:\/\/balisoultrips.com\/fr\/wp-json\/wp\/v2\/types\/product"}],"replies":[{"embeddable":true,"href":"https:\/\/balisoultrips.com\/fr\/wp-json\/wp\/v2\/comments?post=18555"}],"wp:featuredmedia":[{"embeddable":true,"href":"https:\/\/balisoultrips.com\/fr\/wp-json\/wp\/v2\/media\/18546"}],"wp:attachment":[{"href":"https:\/\/balisoultrips.com\/fr\/wp-json\/wp\/v2\/media?parent=18555"}],"wp:term":[{"taxonomy":"product_brand","embeddable":true,"href":"https:\/\/balisoultrips.com\/fr\/wp-json\/wp\/v2\/product_brand?post=18555"},{"taxonomy":"product_cat","embeddable":true,"href":"https:\/\/balisoultrips.com\/fr\/wp-json\/wp\/v2\/product_cat?post=18555"},{"taxonomy":"product_tag","embeddable":true,"href":"https:\/\/balisoultrips.com\/fr\/wp-json\/wp\/v2\/product_tag?post=18555"}],"curies":[{"name":"wp","href":"https:\/\/api.w.org\/{rel}","templated":true}]}}