{"id":18481,"date":"2025-10-15T19:53:39","date_gmt":"2025-10-15T11:53:39","guid":{"rendered":"https:\/\/balisoultrips.com\/product\/tour-of-balis-southern-beaches\/"},"modified":"2025-12-18T19:14:03","modified_gmt":"2025-12-18T11:14:03","slug":"tour-of-balis-southern-beaches","status":"publish","type":"product","link":"https:\/\/balisoultrips.com\/fr\/produit\/tour-of-balis-southern-beaches\/","title":{"rendered":"Tour des plages du sud de Bali"},"content":{"rendered":"<h6 class=\"p1\"><strong>Langues<\/strong> : anglais, russe, indon\u00e9sien<\/h6>\n<h2>Aper\u00e7u<\/h2>\n<p class=\"p1\">La plage de Melasti, entour\u00e9e de falaises et de rochers, vous s\u00e9duira par son eau turquoise, id\u00e9ale pour la baignade. Ici, vous pourrez vous rafra\u00eechir, siroter une noix de coco fra\u00eeche dans un caf\u00e9 en bord de mer et vous impr\u00e9gner pleinement de l\u2019atmosph\u00e8re relaxante de l\u2019\u00eele. La baie cosy de Padang Padang, nich\u00e9e entre des falaises blanches couvertes de verdure tropicale, offre non seulement de superbes opportunit\u00e9s photo, mais aussi des souvenirs inoubliables. L\u2019eau y est g\u00e9n\u00e9ralement calme, ce qui la rend parfaite pour nager \u00e0 tout moment de la journ\u00e9e<\/p>\n<p class=\"p1\">La plage de Balangan impressionne par ses r\u00e9cifs c\u00f4tiers et ses bassins naturels, et son paysage unique ne laissera personne indiff\u00e9rent. Depuis le point de vue de Dreamland, vous profiterez de panoramas \u00e0 couper le souffle sur les plages de Dreamland et de Bingin, o\u00f9 le sable dor\u00e9 contraste magnifiquement avec l\u2019oc\u00e9an turquoise et les vagues puissantes. Observer les surfeurs glisser sur les vagues vous inspirera et vous donnera l\u2019occasion de capturer des photos magiques<\/p>\n<p class=\"p1\">Pour terminer la journ\u00e9e, d\u00e9tendez-vous dans un caf\u00e9 perch\u00e9 sur une falaise face \u00e0 l\u2019oc\u00e9an et profitez d\u2019un coucher de soleil spectaculaire<\/p>\n<h3 class=\"p1\"><b>Plages principales \u00e0 visiter :<\/b><b><\/b><\/h3>\n<ul>\n<li class=\"p2\">Balangan (viewpoint overlooking the beach) (<a href=\"https:\/\/maps.app.goo.gl\/2zgBEPC1R3VtomyXA\" target=\"_blank\" rel=\"noopener\">Google Maps<\/a>)<\/li>\n<li class=\"p2\">Melasti (<a href=\"https:\/\/maps.app.goo.gl\/HABb1nzMA3crgZe17\" target=\"_blank\" rel=\"noopener\">Google Maps<\/a>)<\/li>\n<li class=\"p2\">Dreamland (viewpoint overlooking the beach) (<a href=\"https:\/\/maps.app.goo.gl\/VhQdf7j3qZpdSDDJA\" target=\"_blank\" rel=\"noopener\">Google Maps<\/a>)<\/li>\n<li class=\"p2\">Padang Padang (<a href=\"https:\/\/maps.app.goo.gl\/UjjoD1SYzuS6bht28\" target=\"_blank\" rel=\"noopener\">Google Maps<\/a>)<\/li>\n<li class=\"p2\">Uluwatu (<a href=\"https:\/\/maps.app.goo.gl\/qfwsPuyX3qrZDj6Q8\" target=\"_blank\" rel=\"noopener\">Google Maps<\/a>)<\/li>\n<\/ul>\n<h3>Informations importantes<\/h3>\n<ul>\n<li class=\"p1\">R\u00e9servation avec paiement int\u00e9gral \u00e0 l\u2019avance.<\/li>\n<li>Dur\u00e9e moyenne de l\u2019excursion : 7\u20138 heures<\/li>\n<li>Enfants de 0 \u00e0 2 ans : gratuit<\/li>\n<li>BaliSoulTrips.com n\u2019est pas responsable des conditions m\u00e9t\u00e9orologiques aux dates de votre excursion<\/li>\n<li>Nous agissons en tant que service de r\u00e9servation et interm\u00e9diaire entre le client et le prestataire de services en Indon\u00e9sie.<\/li>\n<li>Nous garantissons des tarifs publics transparents et des conditions claires, sans frais cach\u00e9s.<\/li>\n<li>Nous s\u00e9lectionnons soigneusement les meilleurs prestataires et travaillons en continu \u00e0 l\u2019am\u00e9lioration de la qualit\u00e9 de notre service.<\/li>\n<\/ul>\n","protected":false},"excerpt":{"rendered":"<p>Langues : anglais, russe, indon\u00e9sien Aper\u00e7u La plage de Melasti, entour\u00e9e de falaises et de rochers, vous s\u00e9duira par son eau turquoise, id\u00e9ale pour la baignade. Ici, vous pourrez vous rafra\u00eechir, siroter une noix de coco fra\u00eeche dans un caf\u00e9 en bord de mer et vous impr\u00e9gner pleinement de l\u2019atmosph\u00e8re relaxante de l\u2019\u00eele. La baie [&hellip;]<\/p>\n","protected":false},"featured_media":18476,"comment_status":"open","ping_status":"closed","template":"","meta":{"_acf_changed":false},"product_brand":[],"product_cat":[513,529],"product_tag":[],"class_list":{"0":"post-18481","1":"product","2":"type-product","3":"status-publish","4":"has-post-thumbnail","6":"brw_tour_types-private-gruppe","7":"brw_parent_child-parent","8":"product_cat-familie","9":"product_cat-natur","11":"first","12":"instock","13":"shipping-taxable","14":"purchasable","15":"product-type-ovabrw_car_rental"},"acf":[],"_links":{"self":[{"href":"https:\/\/balisoultrips.com\/fr\/wp-json\/wp\/v2\/product\/18481","targetHints":{"allow":["GET"]}}],"collection":[{"href":"https:\/\/balisoultrips.com\/fr\/wp-json\/wp\/v2\/product"}],"about":[{"href":"https:\/\/balisoultrips.com\/fr\/wp-json\/wp\/v2\/types\/product"}],"replies":[{"embeddable":true,"href":"https:\/\/balisoultrips.com\/fr\/wp-json\/wp\/v2\/comments?post=18481"}],"wp:featuredmedia":[{"embeddable":true,"href":"https:\/\/balisoultrips.com\/fr\/wp-json\/wp\/v2\/media\/18476"}],"wp:attachment":[{"href":"https:\/\/balisoultrips.com\/fr\/wp-json\/wp\/v2\/media?parent=18481"}],"wp:term":[{"taxonomy":"product_brand","embeddable":true,"href":"https:\/\/balisoultrips.com\/fr\/wp-json\/wp\/v2\/product_brand?post=18481"},{"taxonomy":"product_cat","embeddable":true,"href":"https:\/\/balisoultrips.com\/fr\/wp-json\/wp\/v2\/product_cat?post=18481"},{"taxonomy":"product_tag","embeddable":true,"href":"https:\/\/balisoultrips.com\/fr\/wp-json\/wp\/v2\/product_tag?post=18481"}],"curies":[{"name":"wp","href":"https:\/\/api.w.org\/{rel}","templated":true}]}}