{"id":18369,"date":"2025-10-15T23:12:32","date_gmt":"2025-10-15T15:12:32","guid":{"rendered":"https:\/\/balisoultrips.com\/product\/jet-ski-safari\/"},"modified":"2025-12-17T18:35:47","modified_gmt":"2025-12-17T10:35:47","slug":"jet-ski-safari","status":"publish","type":"product","link":"https:\/\/balisoultrips.com\/fr\/produit\/jet-ski-safari\/","title":{"rendered":"Safari en jet-ski"},"content":{"rendered":"<h6 class=\"p1\"><strong>Langues<\/strong> : anglais, indon\u00e9sien<\/h6>\n<h2>Aper\u00e7u<\/h2>\n<p class=\"p1\">Partez pour une aventure inoubliable remplie d\u2019adr\u00e9naline, de vitesse et de vues \u043e\u043a\u0435\u0301aniques spectaculaires !<\/p>\n<p class=\"p1\">Des balades d\u2019une ou deux heures le long des c\u00e9l\u00e8bres plages de Kuta, Jimbaran et Seminyak vous permettront de ressentir toute l\u2019\u00e9nergie des vagues et d\u2019admirer la beaut\u00e9 des c\u00f4tes bord\u00e9es de palmiers \u2014 parfait pour celles et ceux qui aiment l\u2019excitation et la libert\u00e9<\/p>\n<p class=\"p1\">\u00c0 l\u2019heure convenue, vous devrez vous rendre dans la zone de Kuta, o\u00f9 tout l\u2019\u00e9quipement n\u00e9cessaire vous sera fourni \u2014 un jet-ski, un gilet de sauvetage et des lunettes de protection. Avant le d\u00e9part, des instructeurs exp\u00e9riment\u00e9s vous donneront un briefing d\u00e9taill\u00e9 sur les techniques de conduite et les r\u00e8gles de s\u00e9curit\u00e9 sur l\u2019eau<\/p>\n<h3>Options :<\/h3>\n<ul>\n<li class=\"p1\"><strong>Mod\u00e8le GTI\/GTX 130 :<\/strong><\/li>\n<\/ul>\n<p>Puissance : 130 ch<br \/>\nCylindr\u00e9e : 1 630 cc<br \/>\nType de moteur : Rotax 1630 ACE<br \/>\nPoids : 272 kg<br \/>\nDimensions (mm) : 345 x 125 x 114<\/p>\n<h3>Informations importantes<\/h3>\n<ul>\n<li>R\u00e9servation avec paiement int\u00e9gral \u00e0 l\u2019avance.<\/li>\n<li class=\"p1\">Dur\u00e9e : d\u00e9pend de l&rsquo;itin\u00e9raire choisi<\/li>\n<li class=\"p1\">Documents : veuillez apporter votre passeport ou pr\u00e9senter une photo de celui-ci pour l\u2019enregistrement sur place<\/li>\n<li class=\"p1\">Assurance : l\u2019utilisation d\u2019un jet-ski sur l\u2019eau n\u2019est pas couverte par l\u2019assurance en cas de dommages<\/li>\n<li class=\"p1\">R\u00e8gles de s\u00e9curit\u00e9 : respectez strictement toutes les consignes. Une vitesse excessive peut provoquer le retournement du jet-ski. En cas d\u2019incident de ce type, une p\u00e9nalit\u00e9 de 5 000 000 IDR sera appliqu\u00e9e<\/li>\n<li class=\"p1\">Dommages \u00e0 d\u2019autres embarcations : si votre jet-ski cause des dommages \u00e0 une autre embarcation, une p\u00e9nalit\u00e9 de 25 000 000 IDR sera appliqu\u00e9e, et vous devrez \u00e9galement couvrir les frais de r\u00e9paration selon la liste des prix du prestataire<\/li>\n<li class=\"p1\">Veuillez lire attentivement ces informations et en tenir compte avant de commencer votre sortie<\/li>\n<li>Nous agissons en tant que service de r\u00e9servation et interm\u00e9diaire entre le client et le prestataire de services en Indon\u00e9sie.<\/li>\n<li>Nous garantissons des tarifs publics transparents et des conditions claires, sans frais cach\u00e9s.<\/li>\n<li>Nous s\u00e9lectionnons soigneusement les meilleurs prestataires et travaillons en continu \u00e0 l\u2019am\u00e9lioration de la qualit\u00e9 de notre service.<\/li>\n<\/ul>\n","protected":false},"excerpt":{"rendered":"<p>Langues : anglais, indon\u00e9sien Aper\u00e7u Partez pour une aventure inoubliable remplie d\u2019adr\u00e9naline, de vitesse et de vues \u043e\u043a\u0435\u0301aniques spectaculaires ! Des balades d\u2019une ou deux heures le long des c\u00e9l\u00e8bres plages de Kuta, Jimbaran et Seminyak vous permettront de ressentir toute l\u2019\u00e9nergie des vagues et d\u2019admirer la beaut\u00e9 des c\u00f4tes bord\u00e9es de palmiers \u2014 parfait [&hellip;]<\/p>\n","protected":false},"featured_media":18364,"comment_status":"open","ping_status":"closed","template":"","meta":{"_acf_changed":false},"product_brand":[],"product_cat":[140,504],"product_tag":[],"class_list":{"0":"post-18369","1":"product","2":"type-product","3":"status-publish","4":"has-post-thumbnail","6":"brw_tour_types-groupe-prive","7":"brw_parent_child-parent","8":"product_cat-adventures","9":"product_cat-extreme","11":"first","12":"instock","13":"shipping-taxable","14":"purchasable","15":"product-type-ovabrw_car_rental"},"acf":[],"_links":{"self":[{"href":"https:\/\/balisoultrips.com\/fr\/wp-json\/wp\/v2\/product\/18369","targetHints":{"allow":["GET"]}}],"collection":[{"href":"https:\/\/balisoultrips.com\/fr\/wp-json\/wp\/v2\/product"}],"about":[{"href":"https:\/\/balisoultrips.com\/fr\/wp-json\/wp\/v2\/types\/product"}],"replies":[{"embeddable":true,"href":"https:\/\/balisoultrips.com\/fr\/wp-json\/wp\/v2\/comments?post=18369"}],"wp:featuredmedia":[{"embeddable":true,"href":"https:\/\/balisoultrips.com\/fr\/wp-json\/wp\/v2\/media\/18364"}],"wp:attachment":[{"href":"https:\/\/balisoultrips.com\/fr\/wp-json\/wp\/v2\/media?parent=18369"}],"wp:term":[{"taxonomy":"product_brand","embeddable":true,"href":"https:\/\/balisoultrips.com\/fr\/wp-json\/wp\/v2\/product_brand?post=18369"},{"taxonomy":"product_cat","embeddable":true,"href":"https:\/\/balisoultrips.com\/fr\/wp-json\/wp\/v2\/product_cat?post=18369"},{"taxonomy":"product_tag","embeddable":true,"href":"https:\/\/balisoultrips.com\/fr\/wp-json\/wp\/v2\/product_tag?post=18369"}],"curies":[{"name":"wp","href":"https:\/\/api.w.org\/{rel}","templated":true}]}}