{"id":18193,"date":"2025-10-16T13:13:38","date_gmt":"2025-10-16T05:13:38","guid":{"rendered":"https:\/\/balisoultrips.com\/product\/devdan-show\/"},"modified":"2025-12-15T16:07:52","modified_gmt":"2025-12-15T08:07:52","slug":"devdan-show","status":"publish","type":"product","link":"https:\/\/balisoultrips.com\/fr\/produit\/devdan-show\/","title":{"rendered":"Devdan Show"},"content":{"rendered":"<h6 class=\"p1\"><strong>Langues<\/strong> : anglais, indon\u00e9sien<\/h6>\n<h2>Aper\u00e7u<\/h2>\n<p class=\"p1\">Nous vous recommandons vivement d\u2019assister au Devdan Show pour apporter de la vari\u00e9t\u00e9 et des \u00e9motions \u00e0 vos soir\u00e9es \u00e0 Bali. Cette version balinaise du Cirque du Soleil fait clairement partie des attractions incontournables de l\u2019\u00eele<\/p>\n<p class=\"p1\">Pendant ce spectacle dynamique et ininterrompu, vous verrez des effets sp\u00e9ciaux impressionnants, des sc\u00e8nes magnifiquement d\u00e9cor\u00e9es, des d\u00e9cors grand format et des costumes traditionnels incroyablement color\u00e9s. Les danseurs professionnels du Devdan Show vous \u00e9tonneront par leur chor\u00e9graphie et leurs talents acrobatiques, en mettant en avant la culture indon\u00e9sienne traditionnelle et moderne issue de Java, Sumatra, Sulawesi, Bali, Papouasie et bien d\u2019autres \u00eeles. Le son, les lumi\u00e8res et les effets de feu sont pens\u00e9s pour cr\u00e9er une impression forte et inoubliable<\/p>\n<p class=\"p1\"><strong>Le spectacle a lieu le lundi, le mercredi et le samedi \u00e0 19h30<\/strong><\/p>\n<p><img fetchpriority=\"high\" decoding=\"async\" class=\"alignnone size-medium wp-image-11537\" src=\"https:\/\/balisoultrips.com\/wp-content\/uploads\/2025\/10\/Devdan_stage-300x176.png\" alt=\"\" width=\"300\" height=\"176\" srcset=\"https:\/\/balisoultrips.com\/wp-content\/uploads\/2025\/10\/Devdan_stage-300x176.png 300w, https:\/\/balisoultrips.com\/wp-content\/uploads\/2025\/10\/Devdan_stage-768x449.png 768w, https:\/\/balisoultrips.com\/wp-content\/uploads\/2025\/10\/Devdan_stage-600x351.png 600w, https:\/\/balisoultrips.com\/wp-content\/uploads\/2025\/10\/Devdan_stage.png 800w\" sizes=\"(max-width: 300px) 100vw, 300px\" \/><\/p>\n<h3>Informations importantes<\/h3>\n<ul>\n<li class=\"p1\">R\u00e9servation avec paiement int\u00e9gral \u00e0 l\u2019avance.<\/li>\n<li class=\"p1\">Spectacle disponible : lundi, mercredi, vendredi et samedi \u00e0 19h30<\/li>\n<li class=\"p1\">Dur\u00e9e du spectacle : 60 minutes<\/li>\n<li class=\"p1\">Des billets enfant sont disponibles pour les enfants de 4 \u00e0 12 ans (sauf cat\u00e9gorie VIP)<\/li>\n<li class=\"p1\">Les enfants de moins de 4 ans peuvent assister gratuitement au spectacle, mais doivent partager un si\u00e8ge avec leurs parents<\/li>\n<li class=\"p1\">Les b\u00e9b\u00e9s de moins de 2 ans ne sont pas admis dans le th\u00e9\u00e2tre, car ils peuvent distraire pendant le spectacle<\/li>\n<li>Nous agissons en tant que service de r\u00e9servation et interm\u00e9diaire entre le client et le prestataire de services en Indon\u00e9sie.<\/li>\n<li>Nous garantissons des tarifs publics transparents et des conditions claires, sans frais cach\u00e9s.<\/li>\n<li>Nous s\u00e9lectionnons soigneusement les meilleurs prestataires et travaillons en continu \u00e0 l\u2019am\u00e9lioration de la qualit\u00e9 de notre service.<\/li>\n<\/ul>\n","protected":false},"excerpt":{"rendered":"<p>Langues : anglais, indon\u00e9sien Aper\u00e7u Nous vous recommandons vivement d\u2019assister au Devdan Show pour apporter de la vari\u00e9t\u00e9 et des \u00e9motions \u00e0 vos soir\u00e9es \u00e0 Bali. Cette version balinaise du Cirque du Soleil fait clairement partie des attractions incontournables de l\u2019\u00eele Pendant ce spectacle dynamique et ininterrompu, vous verrez des effets sp\u00e9ciaux impressionnants, des sc\u00e8nes [&hellip;]<\/p>\n","protected":false},"featured_media":18187,"comment_status":"open","ping_status":"closed","template":"","meta":{"_acf_changed":false},"product_brand":[],"product_cat":[493,588,517],"product_tag":[],"class_list":{"0":"post-18193","1":"product","2":"type-product","3":"status-publish","4":"has-post-thumbnail","6":"brw_tour_types-group-tour-2","7":"brw_parent_child-parent","8":"product_cat-balisoultrips-choice","9":"product_cat-culture","10":"product_cat-family","12":"first","13":"instock","14":"featured","15":"shipping-taxable","16":"purchasable","17":"product-type-ovabrw_car_rental"},"acf":[],"_links":{"self":[{"href":"https:\/\/balisoultrips.com\/fr\/wp-json\/wp\/v2\/product\/18193","targetHints":{"allow":["GET"]}}],"collection":[{"href":"https:\/\/balisoultrips.com\/fr\/wp-json\/wp\/v2\/product"}],"about":[{"href":"https:\/\/balisoultrips.com\/fr\/wp-json\/wp\/v2\/types\/product"}],"replies":[{"embeddable":true,"href":"https:\/\/balisoultrips.com\/fr\/wp-json\/wp\/v2\/comments?post=18193"}],"wp:featuredmedia":[{"embeddable":true,"href":"https:\/\/balisoultrips.com\/fr\/wp-json\/wp\/v2\/media\/18187"}],"wp:attachment":[{"href":"https:\/\/balisoultrips.com\/fr\/wp-json\/wp\/v2\/media?parent=18193"}],"wp:term":[{"taxonomy":"product_brand","embeddable":true,"href":"https:\/\/balisoultrips.com\/fr\/wp-json\/wp\/v2\/product_brand?post=18193"},{"taxonomy":"product_cat","embeddable":true,"href":"https:\/\/balisoultrips.com\/fr\/wp-json\/wp\/v2\/product_cat?post=18193"},{"taxonomy":"product_tag","embeddable":true,"href":"https:\/\/balisoultrips.com\/fr\/wp-json\/wp\/v2\/product_tag?post=18193"}],"curies":[{"name":"wp","href":"https:\/\/api.w.org\/{rel}","templated":true}]}}