{"id":18111,"date":"2025-10-16T15:27:47","date_gmt":"2025-10-16T07:27:47","guid":{"rendered":"https:\/\/balisoultrips.com\/product\/canyoning-tours\/"},"modified":"2025-12-12T15:59:41","modified_gmt":"2025-12-12T07:59:41","slug":"canyoning-tours","status":"publish","type":"product","link":"https:\/\/balisoultrips.com\/fr\/produit\/canyoning-tours\/","title":{"rendered":"Aventures de canyoning \u00e0 Bali"},"content":{"rendered":"<h6 class=\"p1\"><strong>Langues<\/strong> : anglais, indon\u00e9sien<\/h6>\n<h2>Aper\u00e7u<\/h2>\n<p class=\"p1\">C\u2019est l\u2019occasion de traverser des jungles et des gorges sauvages, d\u2019admirer des paysages de cascades spectaculaires et de d\u00e9couvrir l\u2019univers des aventures extr\u00eames tout en restant en parfaite s\u00e9curit\u00e9<\/p>\n<p class=\"p1\">M\u00eame sans exp\u00e9rience particuli\u00e8re en escalade, chacun peut suivre l\u2019itin\u00e9raire jusqu\u2019au bout et repartir avec des impressions fortes et une bonne dose d\u2019adr\u00e9naline<\/p>\n<p class=\"p1\">Le canyoning comprend diff\u00e9rents types de descentes : sauts depuis des cascades de hauteurs vari\u00e9es, glissades sur des toboggans rocheux naturels, descentes sur mousqueton o\u00f9 il suffit de rel\u00e2cher les mains pour glisser le long de la corde, ainsi que des descentes le long de la paroi \u00e0 l\u2019aide de cordes et de mousquetons<\/p>\n<p class=\"p1\">Des instructeurs exp\u00e9riment\u00e9s veillent \u00e0 votre s\u00e9curit\u00e9 tout au long du parcours, encouragent l\u2019esprit d\u2019\u00e9quipe et cr\u00e9ent une ambiance conviviale et d\u00e9tendue<\/p>\n<p class=\"p1\">Nous recommandons le canyoning \u00e0 tous ceux qui souhaitent d\u00e9couvrir la nature exceptionnelle de l\u2019\u00eele et vivre une journ\u00e9e vraiment diff\u00e9rente<\/p>\n<h3 class=\"p1\">Programmes<\/h3>\n<p class=\"p1\"><b>Parcours \u00ab GitGit \u00bb<\/b><br \/>\n<b><\/b><strong><em>Pour les personnes ayant une condition physique moyenne<\/em><br \/>\nLe programme comprend:<\/strong><\/p>\n<ul>\n<li class=\"p1\">Initiation aux bases d\u2019utilisation du mat\u00e9riel de s\u00e9curit\u00e9<\/li>\n<li class=\"p1\">6 descentes en rappel depuis des hauteurs allant jusqu\u2019\u00e0 15 m\u00e8tres<\/li>\n<li class=\"p1\">4 sauts de cascades depuis des hauteurs d\u2019environ 3 \u00e0 8 m\u00e8tres<\/li>\n<li class=\"p1\">5 toboggans rocheux naturels d\u2019une longueur d\u2019environ 3 \u00e0 7 m\u00e8tres<\/li>\n<li class=\"p1\">Temps pass\u00e9 dans le canyon : environ 2 \u00e0 3 heures<\/li>\n<\/ul>\n<p>&nbsp;<\/p>\n<p class=\"p1\"><b>Parcours \u00ab Sambangan Canyon \u00bb<\/b><br \/>\n<b><\/b><em>Pour les personnes ayant une condition physique moyenne<\/em><br \/>\n<strong>Le programme comprend:<\/strong><\/p>\n<ul>\n<li class=\"p1\">Initiation aux bases d\u2019utilisation du mat\u00e9riel de s\u00e9curit\u00e9<\/li>\n<li class=\"p1\">6 descentes en rappel depuis des hauteurs allant jusqu\u2019\u00e0 12 m\u00e8tres<\/li>\n<li class=\"p1\">4 sauts de cascades depuis des hauteurs d\u2019environ 3 \u00e0 8 m\u00e8tres<\/li>\n<li class=\"p1\">7 toboggans rocheux naturels d\u2019une longueur d\u2019environ 3 \u00e0 7 m\u00e8tres<\/li>\n<li class=\"p1\">Time in the canyon: 2\u20133 hours.<\/li>\n<\/ul>\n<p>&nbsp;<\/p>\n<p class=\"p1\"><b>\u201cRoute \u201cAlam Canyon\u201d\u201d<\/b><br \/>\n<b><\/b><em>Pour les personnes ayant une bonne condition physique<\/em><br \/>\n<strong>Le programme comprend:<\/strong><\/p>\n<ul>\n<li class=\"p1\">Initiation aux bases d\u2019utilisation du mat\u00e9riel de s\u00e9curit\u00e9<\/li>\n<li class=\"p1\">12 descentes en rappel depuis des hauteurs allant jusqu\u2019\u00e0 32 m\u00e8tres<\/li>\n<li class=\"p1\">6 sauts de cascades depuis des hauteurs d\u2019environ 3 \u00e0 8 m\u00e8tres<\/li>\n<li class=\"p1\">7 toboggans rocheux naturels d\u2019une longueur d\u2019environ 3 \u00e0 7 m\u00e8tres<\/li>\n<li class=\"p1\">Temps pass\u00e9 dans le canyon : environ 4 \u00e0 5 heures<\/li>\n<\/ul>\n<p>&nbsp;<\/p>\n<p class=\"p1\"><b>Parcours \u00ab Aling Canyon \u00bb<\/b><br \/>\n<b><\/b><em>Pour les personnes ayant une bonne condition physique<br \/>\n<\/em><strong>Le programme comprend:<\/strong><\/p>\n<ul>\n<li class=\"p1\">Initiation aux bases d\u2019utilisation du mat\u00e9riel de s\u00e9curit\u00e9<\/li>\n<li class=\"p1\">7 descentes en rappel depuis des hauteurs allant jusqu\u2019\u00e0 35 m\u00e8tres<\/li>\n<li class=\"p1\">7 sauts de cascades depuis des hauteurs d\u2019environ 3 \u00e0 15 m\u00e8tres<\/li>\n<li class=\"p1\">2 toboggans rocheux naturels d\u2019une longueur d\u2019environ 6 \u00e0 12 m\u00e8tres<\/li>\n<li class=\"p1\">Temps pass\u00e9 dans le canyon : environ 4 \u00e0 5 heures<\/li>\n<\/ul>\n<h3>Informations importantes<\/h3>\n<ul>\n<li>Un acompte de 20 % est requis au moment de la r\u00e9servation, le solde \u00e9tant \u00e0 r\u00e9gler en esp\u00e8ces sur place<\/li>\n<li>Vous pouvez \u00e9galement choisir de r\u00e9gler la totalit\u00e9 du montant \u00e0 l\u2019avance en utilisant l\u2019un des modes de paiement en ligne disponibles.<\/li>\n<li class=\"p1\">Pour une r\u00e9servation d\u20191 seule personne, un suppl\u00e9ment pour le transfert s\u2019applique, de 200 000 \u00e0 400 000 IDR \u2014 veuillez v\u00e9rifier le montant exact avec votre conseiller<\/li>\n<li class=\"p1\">L\u2019activit\u00e9 convient aux participants ayant une condition physique faible, moyenne ou bonne, selon le parcours choisi<\/li>\n<li class=\"p1\">Pour les enfants \u00e0 partir de 10 ans<\/li>\n<li class=\"p1\">Temps moyen pass\u00e9 dans le canyon : 2 \u00e0 3 heures ou 4 \u00e0 5 heures, selon le programme s\u00e9lectionn\u00e9<\/li>\n<li>Nous agissons en tant que service de r\u00e9servation et interm\u00e9diaire entre le client et le prestataire de services en Indon\u00e9sie.<\/li>\n<li>Nous garantissons des tarifs publics transparents et des conditions claires, sans frais cach\u00e9s.<\/li>\n<li>Nous s\u00e9lectionnons soigneusement les meilleurs prestataires et travaillons en continu \u00e0 l\u2019am\u00e9lioration de la qualit\u00e9 de notre service.<\/li>\n<\/ul>\n","protected":false},"excerpt":{"rendered":"<p>Langues : anglais, indon\u00e9sien Aper\u00e7u C\u2019est l\u2019occasion de traverser des jungles et des gorges sauvages, d\u2019admirer des paysages de cascades spectaculaires et de d\u00e9couvrir l\u2019univers des aventures extr\u00eames tout en restant en parfaite s\u00e9curit\u00e9 M\u00eame sans exp\u00e9rience particuli\u00e8re en escalade, chacun peut suivre l\u2019itin\u00e9raire jusqu\u2019au bout et repartir avec des impressions fortes et une bonne [&hellip;]<\/p>\n","protected":false},"featured_media":18106,"comment_status":"open","ping_status":"closed","template":"","meta":{"_acf_changed":false},"product_brand":[],"product_cat":[486,490,506,530],"product_tag":[],"class_list":{"0":"post-18111","1":"product","2":"type-product","3":"status-publish","4":"has-post-thumbnail","6":"brw_tour_types-kelompok-pribadi","7":"brw_parent_child-parent","8":"product_cat-petualangan","9":"product_cat-balisoultrips-choice","10":"product_cat-ekstrem","11":"product_cat-alam","13":"first","14":"instock","15":"featured","16":"shipping-taxable","17":"purchasable","18":"product-type-ovabrw_car_rental"},"acf":[],"_links":{"self":[{"href":"https:\/\/balisoultrips.com\/fr\/wp-json\/wp\/v2\/product\/18111","targetHints":{"allow":["GET"]}}],"collection":[{"href":"https:\/\/balisoultrips.com\/fr\/wp-json\/wp\/v2\/product"}],"about":[{"href":"https:\/\/balisoultrips.com\/fr\/wp-json\/wp\/v2\/types\/product"}],"replies":[{"embeddable":true,"href":"https:\/\/balisoultrips.com\/fr\/wp-json\/wp\/v2\/comments?post=18111"}],"wp:featuredmedia":[{"embeddable":true,"href":"https:\/\/balisoultrips.com\/fr\/wp-json\/wp\/v2\/media\/18106"}],"wp:attachment":[{"href":"https:\/\/balisoultrips.com\/fr\/wp-json\/wp\/v2\/media?parent=18111"}],"wp:term":[{"taxonomy":"product_brand","embeddable":true,"href":"https:\/\/balisoultrips.com\/fr\/wp-json\/wp\/v2\/product_brand?post=18111"},{"taxonomy":"product_cat","embeddable":true,"href":"https:\/\/balisoultrips.com\/fr\/wp-json\/wp\/v2\/product_cat?post=18111"},{"taxonomy":"product_tag","embeddable":true,"href":"https:\/\/balisoultrips.com\/fr\/wp-json\/wp\/v2\/product_tag?post=18111"}],"curies":[{"name":"wp","href":"https:\/\/api.w.org\/{rel}","templated":true}]}}