{"id":18058,"date":"2025-10-19T14:40:18","date_gmt":"2025-10-19T06:40:18","guid":{"rendered":"https:\/\/balisoultrips.com\/product\/jeep-tour-on-mount-batur\/"},"modified":"2025-12-11T14:24:46","modified_gmt":"2025-12-11T06:24:46","slug":"jeep-tour-on-mount-batur","status":"publish","type":"product","link":"https:\/\/balisoultrips.com\/fr\/produit\/jeep-tour-on-mount-batur\/","title":{"rendered":"Excursion en jeep au mont Batur"},"content":{"rendered":"<h6 class=\"p1\"><strong>Langues<\/strong> : anglais, indon\u00e9sien<\/h6>\n<h2>Aper\u00e7u<\/h2>\n<p class=\"p1\">Profitez d\u2019une mani\u00e8re unique d\u2019admirer le lever de soleil spectaculaire sur le mont Batur et parcourez les champs de lave volcanique \u00e0 bord d\u2019une jeep 4&#215;4.<\/p>\n<p class=\"p1\">Choisissez cette option si vous ne souhaitez pas gravir le volcan \u00e0 pied, mais que vous voulez tout de m\u00eame vivre l\u2019un des levers de soleil les plus impressionnants de Bali.<\/p>\n<p class=\"p1\">Gr\u00e2ce \u00e0 la jeep \u00e0 quatre roues motrices, vous acc\u00e9derez \u00e0 des endroits difficiles d\u2019acc\u00e8s, explorerez les paysages volcaniques de la r\u00e9gion de Kintamani, traverserez des \u00e9tendues de sable noir et des collines de lave, admirerez des panoramas spectaculaires sur l\u2019\u00eele et accueillerez le lever du soleil au bord m\u00eame du volcan.<\/p>\n<h3>Informations importantes<\/h3>\n<ul>\n<li>R\u00e9servation avec paiement int\u00e9gral \u00e0 l\u2019avance.<\/li>\n<li class=\"p1\">Les horaires de l\u2019excursion peuvent \u00eatre ajust\u00e9s par les organisateurs.<\/li>\n<li class=\"p1\">Les enfants de moins de 3 ans participent gratuitement.<\/li>\n<li class=\"p1\">Excursion accessible aux participants \u00e2g\u00e9s de 1 \u00e0 65 ans.<\/li>\n<li class=\"p1\">L\u2019observation du lever ou du coucher de soleil se fait depuis un point de vue panoramique situ\u00e9 \u00e0 basse altitude, pr\u00e8s du pied du volcan. La jeep ne monte pas jusqu\u2019au sommet du volcan.<\/li>\n<li>Important : BaliSoulTrips.com n\u2019est pas responsable des conditions m\u00e9t\u00e9orologiques aux dates que vous avez r\u00e9serv\u00e9es. Le temps dans la caldeira du volcan Batur est impr\u00e9visible \u2014 brouillard, pluie et faible visibilit\u00e9 sont possibles pendant l\u2019excursion, surtout pendant la saison des pluies.<\/li>\n<li>Vous vous rendrez dans la r\u00e9gion de Kintamani, r\u00e9put\u00e9e pour son climat frais. Les habitants y ont install\u00e9 de nombreuses exploitations agricoles o\u00f9 ils cultivent diff\u00e9rents l\u00e9gumes n\u00e9cessitant des engrais. Pour cette raison, la zone attire un grand nombre de mouches. Vous risquez d\u2019en croiser un peu partout ; malheureusement, il est impossible de les \u00e9viter compl\u00e8tement. Merci de faire preuve de compr\u00e9hension et de les ignorer autant que possible, comme le font les locaux.<\/li>\n<li>Nous agissons en tant que service de r\u00e9servation et interm\u00e9diaire entre le client et le prestataire de services en Indon\u00e9sie.<\/li>\n<li>Nous garantissons des tarifs publics transparents et des conditions claires, sans frais cach\u00e9s.<\/li>\n<li>Nous s\u00e9lectionnons soigneusement les meilleurs prestataires et travaillons en continu \u00e0 l\u2019am\u00e9lioration de la qualit\u00e9 de notre service.<\/li>\n<\/ul>\n","protected":false},"excerpt":{"rendered":"<p>Langues : anglais, indon\u00e9sien Aper\u00e7u Profitez d\u2019une mani\u00e8re unique d\u2019admirer le lever de soleil spectaculaire sur le mont Batur et parcourez les champs de lave volcanique \u00e0 bord d\u2019une jeep 4&#215;4. Choisissez cette option si vous ne souhaitez pas gravir le volcan \u00e0 pied, mais que vous voulez tout de m\u00eame vivre l\u2019un des levers [&hellip;]<\/p>\n","protected":false},"featured_media":18053,"comment_status":"open","ping_status":"closed","template":"","meta":{"_acf_changed":false},"product_brand":[],"product_cat":[140,575],"product_tag":[],"class_list":{"0":"post-18058","1":"product","2":"type-product","3":"status-publish","4":"has-post-thumbnail","6":"brw_tour_types-groupe-prive","7":"brw_parent_child-parent","8":"product_cat-adventures","9":"product_cat-volcans","11":"first","12":"instock","13":"shipping-taxable","14":"purchasable","15":"product-type-ovabrw_car_rental"},"acf":[],"_links":{"self":[{"href":"https:\/\/balisoultrips.com\/fr\/wp-json\/wp\/v2\/product\/18058","targetHints":{"allow":["GET"]}}],"collection":[{"href":"https:\/\/balisoultrips.com\/fr\/wp-json\/wp\/v2\/product"}],"about":[{"href":"https:\/\/balisoultrips.com\/fr\/wp-json\/wp\/v2\/types\/product"}],"replies":[{"embeddable":true,"href":"https:\/\/balisoultrips.com\/fr\/wp-json\/wp\/v2\/comments?post=18058"}],"wp:featuredmedia":[{"embeddable":true,"href":"https:\/\/balisoultrips.com\/fr\/wp-json\/wp\/v2\/media\/18053"}],"wp:attachment":[{"href":"https:\/\/balisoultrips.com\/fr\/wp-json\/wp\/v2\/media?parent=18058"}],"wp:term":[{"taxonomy":"product_brand","embeddable":true,"href":"https:\/\/balisoultrips.com\/fr\/wp-json\/wp\/v2\/product_brand?post=18058"},{"taxonomy":"product_cat","embeddable":true,"href":"https:\/\/balisoultrips.com\/fr\/wp-json\/wp\/v2\/product_cat?post=18058"},{"taxonomy":"product_tag","embeddable":true,"href":"https:\/\/balisoultrips.com\/fr\/wp-json\/wp\/v2\/product_tag?post=18058"}],"curies":[{"name":"wp","href":"https:\/\/api.w.org\/{rel}","templated":true}]}}