{"id":18021,"date":"2025-10-19T15:33:14","date_gmt":"2025-10-19T07:33:14","guid":{"rendered":"https:\/\/balisoultrips.com\/product\/hot-air-balloon-ride\/"},"modified":"2025-12-10T16:49:37","modified_gmt":"2025-12-10T08:49:37","slug":"hot-air-balloon-ride","status":"publish","type":"product","link":"https:\/\/balisoultrips.com\/fr\/produit\/hot-air-balloon-ride\/","title":{"rendered":"Vol en montgolfi\u00e8re"},"content":{"rendered":"<h6 class=\"p1\"><strong>Langues<\/strong> : anglais, indon\u00e9sien<\/h6>\n<h2>Aper\u00e7u<\/h2>\n<p class=\"p1\">Admirez les rizi\u00e8res en terrasses, la jungle et les collines d\u2019Ubud vues du ciel.<\/p>\n<p class=\"p1\">Une montgolfi\u00e8re color\u00e9e s\u2019\u00e9l\u00e8ve doucement jusqu\u2019\u00e0 environ 50 m\u00e8tres de hauteur et offre des vues spectaculaires sur les environs d\u2019Ubud.<\/p>\n<p class=\"p1\">Au loin, le mont sacr\u00e9 Agung se dresse majestueusement. C\u2019est l\u2019occasion id\u00e9ale de savourer le calme et le silence de la nature, en sentant la brise agr\u00e9able sur votre visage \u2014 comme si vous veniez tout juste d\u2019apprendre \u00e0 voler.<\/p>\n<h3>Informations importantes<\/h3>\n<ul>\n<li>R\u00e9servation avec paiement int\u00e9gral \u00e0 l\u2019avance.<\/li>\n<li class=\"p1\">La montgolfi\u00e8re peut accueillir simultan\u00e9ment deux adultes et un enfant, \u00e0 condition que le poids total ne d\u00e9passe pas 150 kg.<\/li>\n<li class=\"p1\">Billet enfant : de 3 \u00e0 11 ans.<\/li>\n<li class=\"p1\">Les enfants de moins de 3 ans volent gratuitement.<\/li>\n<li class=\"p1\">Si les conditions m\u00e9t\u00e9orologiques ne permettent pas le vol, il vous sera propos\u00e9 de le reporter \u00e0 une autre date.<\/li>\n<li class=\"p1\">Veuillez noter que l\u2019horaire indiqu\u00e9 dans votre programme peut ne pas correspondre exactement \u00e0 l\u2019heure r\u00e9elle du vol en montgolfi\u00e8re \u2014 les mont\u00e9es se font selon l\u2019ordre d\u2019arriv\u00e9e. Pr\u00e9voyez un temps d\u2019attente \u00e9ventuel et la possibilit\u00e9 d\u2019une annulation en cas de mauvaises conditions m\u00e9t\u00e9orologiques.<\/li>\n<li class=\"p1\">L\u2019utilisation de drones est strictement interdite dans l\u2019enceinte de l\u2019h\u00f4tel et pendant le vol en montgolfi\u00e8re.<\/li>\n<li>Nous agissons en tant que service de r\u00e9servation et interm\u00e9diaire entre le client et le prestataire de services en Indon\u00e9sie.<\/li>\n<li>Nous garantissons des tarifs publics transparents et des conditions claires, sans frais cach\u00e9s.<\/li>\n<li>Nous s\u00e9lectionnons soigneusement les meilleurs prestataires et travaillons en continu \u00e0 l\u2019am\u00e9lioration de la qualit\u00e9 de notre service.<\/li>\n<\/ul>\n","protected":false},"excerpt":{"rendered":"<p>Langues : anglais, indon\u00e9sien Aper\u00e7u Admirez les rizi\u00e8res en terrasses, la jungle et les collines d\u2019Ubud vues du ciel. Une montgolfi\u00e8re color\u00e9e s\u2019\u00e9l\u00e8ve doucement jusqu\u2019\u00e0 environ 50 m\u00e8tres de hauteur et offre des vues spectaculaires sur les environs d\u2019Ubud. Au loin, le mont sacr\u00e9 Agung se dresse majestueusement. C\u2019est l\u2019occasion id\u00e9ale de savourer le calme [&hellip;]<\/p>\n","protected":false},"featured_media":18018,"comment_status":"open","ping_status":"closed","template":"","meta":{"_acf_changed":false},"product_brand":[],"product_cat":[140,512],"product_tag":[],"class_list":{"0":"post-18021","1":"product","2":"type-product","3":"status-publish","4":"has-post-thumbnail","6":"brw_tour_types-visite-privee","7":"brw_parent_child-parent","8":"product_cat-adventures","9":"product_cat-familial","11":"first","12":"instock","13":"shipping-taxable","14":"purchasable","15":"product-type-ovabrw_car_rental"},"acf":[],"_links":{"self":[{"href":"https:\/\/balisoultrips.com\/fr\/wp-json\/wp\/v2\/product\/18021","targetHints":{"allow":["GET"]}}],"collection":[{"href":"https:\/\/balisoultrips.com\/fr\/wp-json\/wp\/v2\/product"}],"about":[{"href":"https:\/\/balisoultrips.com\/fr\/wp-json\/wp\/v2\/types\/product"}],"replies":[{"embeddable":true,"href":"https:\/\/balisoultrips.com\/fr\/wp-json\/wp\/v2\/comments?post=18021"}],"wp:featuredmedia":[{"embeddable":true,"href":"https:\/\/balisoultrips.com\/fr\/wp-json\/wp\/v2\/media\/18018"}],"wp:attachment":[{"href":"https:\/\/balisoultrips.com\/fr\/wp-json\/wp\/v2\/media?parent=18021"}],"wp:term":[{"taxonomy":"product_brand","embeddable":true,"href":"https:\/\/balisoultrips.com\/fr\/wp-json\/wp\/v2\/product_brand?post=18021"},{"taxonomy":"product_cat","embeddable":true,"href":"https:\/\/balisoultrips.com\/fr\/wp-json\/wp\/v2\/product_cat?post=18021"},{"taxonomy":"product_tag","embeddable":true,"href":"https:\/\/balisoultrips.com\/fr\/wp-json\/wp\/v2\/product_tag?post=18021"}],"curies":[{"name":"wp","href":"https:\/\/api.w.org\/{rel}","templated":true}]}}