{"id":17999,"date":"2025-10-19T17:12:47","date_gmt":"2025-10-19T09:12:47","guid":{"rendered":"https:\/\/balisoultrips.com\/product\/komodo-island-tours-flores\/"},"modified":"2025-12-10T15:35:11","modified_gmt":"2025-12-10T07:35:11","slug":"komodo-island-tours-flores","status":"publish","type":"product","link":"https:\/\/balisoultrips.com\/fr\/produit\/komodo-island-tours-flores\/","title":{"rendered":"Circuits sur l\u2019\u00eele de Komodo (Flores)"},"content":{"rendered":"<p class=\"p1\">Komodo se trouve \u00e0 environ 550 kilom\u00e8tres \u00e0 l\u2019est de Bali et forme un petit archipel en Indon\u00e9sie. C\u2019est un lieu o\u00f9 le temps semble s\u2019\u00eatre arr\u00eat\u00e9 et o\u00f9 la nature reste presque intacte, pr\u00e9serv\u00e9e de l\u2019empreinte humaine.<\/p>\n","protected":false},"excerpt":{"rendered":"[products ids=\"11564,11575\" columns=\"3\"]\n","protected":false},"featured_media":17998,"comment_status":"open","ping_status":"closed","template":"","meta":{"_acf_changed":false},"product_brand":[],"product_cat":[543,520],"product_tag":[],"class_list":{"0":"post-17999","1":"product","2":"type-product","3":"status-publish","4":"has-post-thumbnail","6":"brw_tour_types-visite-en-groupe","7":"brw_parent_child-parent","8":"product_cat-croisieres-en-mer","9":"product_cat-iles","11":"first","12":"instock","13":"shipping-taxable","14":"purchasable","15":"product-type-ovabrw_car_rental"},"acf":[],"_links":{"self":[{"href":"https:\/\/balisoultrips.com\/fr\/wp-json\/wp\/v2\/product\/17999","targetHints":{"allow":["GET"]}}],"collection":[{"href":"https:\/\/balisoultrips.com\/fr\/wp-json\/wp\/v2\/product"}],"about":[{"href":"https:\/\/balisoultrips.com\/fr\/wp-json\/wp\/v2\/types\/product"}],"replies":[{"embeddable":true,"href":"https:\/\/balisoultrips.com\/fr\/wp-json\/wp\/v2\/comments?post=17999"}],"wp:featuredmedia":[{"embeddable":true,"href":"https:\/\/balisoultrips.com\/fr\/wp-json\/wp\/v2\/media\/17998"}],"wp:attachment":[{"href":"https:\/\/balisoultrips.com\/fr\/wp-json\/wp\/v2\/media?parent=17999"}],"wp:term":[{"taxonomy":"product_brand","embeddable":true,"href":"https:\/\/balisoultrips.com\/fr\/wp-json\/wp\/v2\/product_brand?post=17999"},{"taxonomy":"product_cat","embeddable":true,"href":"https:\/\/balisoultrips.com\/fr\/wp-json\/wp\/v2\/product_cat?post=17999"},{"taxonomy":"product_tag","embeddable":true,"href":"https:\/\/balisoultrips.com\/fr\/wp-json\/wp\/v2\/product_tag?post=17999"}],"curies":[{"name":"wp","href":"https:\/\/api.w.org\/{rel}","templated":true}]}}