{"id":17942,"date":"2025-10-21T13:28:24","date_gmt":"2025-10-21T05:28:24","guid":{"rendered":"https:\/\/balisoultrips.com\/product\/snorkeling-with-whale-sharks-on-sumbawa-island\/"},"modified":"2025-12-09T19:59:56","modified_gmt":"2025-12-09T11:59:56","slug":"snorkeling-with-whale-sharks-on-sumbawa-island","status":"publish","type":"product","link":"https:\/\/balisoultrips.com\/fr\/produit\/snorkeling-with-whale-sharks-on-sumbawa-island\/","title":{"rendered":"Snorkeling avec des requins-baleines sur l\u2019\u00eele de Sumbawa"},"content":{"rendered":"<h6 class=\"p1\"><strong>Langues<\/strong> : anglais, indon\u00e9sien<\/h6>\n<h2>Aper\u00e7u<\/h2>\n<p class=\"p1\">Sumbawa est une \u00eele encore peu connue situ\u00e9e pr\u00e8s de Lombok, \u00e0 environ une heure et demie de vol de Bali. Elle attire principalement les amateurs de surf gr\u00e2ce \u00e0 ses vagues exceptionnelles et \u00e0 l\u2019absence de foules caract\u00e9ristiques de Bali. Mais cette \u00eele abrite \u00e9galement des paysages naturels spectaculaires et offre la rare opportunit\u00e9 de nager aux c\u00f4t\u00e9s de requins-baleines, ce qui rendra votre s\u00e9jour \u00e0 la fois palpitant et inoubliable.  <\/p>\n<p class=\"p1\">Les requins-baleines sont des cr\u00e9atures majestueuses, aujourd\u2019hui au bord de l\u2019extinction. Ils peuvent vivre jusqu\u2019\u00e0 100\u2013150 ans et se nourrissent de plancton, de petits poissons et de crustac\u00e9s. Ces g\u00e9ants doux et paisibles sont totalement inoffensifs pour l\u2019\u00eatre humain. Imaginez-vous nager juste \u00e0 c\u00f4t\u00e9 de ces poissons gigantesques \u2014 sans avoir besoin de plong\u00e9e bouteille, uniquement avec un masque et un tuba \u00e0 la surface de l\u2019eau.   <\/p>\n<h3 class=\"p1\">Saison :<\/h3>\n<ul>\n<li class=\"p1\"><strong>Avril \u00e0 d\u00e9cembre<\/strong> \u2014 p\u00e9riode id\u00e9ale pour observer les requins-baleines ;<\/li>\n<li class=\"p1\"><strong>Janvier \u00e0 mars <\/strong>\u2014 visite possible, mais avec de faibles chances d\u2019apercevoir des requins-baleines.<\/li>\n<\/ul>\n<h3 class=\"p1\">Nous proposons plusieurs options d\u2019h\u00e9bergement :<\/h3>\n<ul>\n<li><strong>Hotel Villa Beach transit &amp; Resto<\/strong> <span style=\"font-size: 16px;\">(<\/span><a style=\"font-size: 16px;\" href=\"https:\/\/maps.app.goo.gl\/opcsfv9ghFfcXsbP8\" target=\"_blank\" rel=\"noopener\">Google Maps<\/a><span style=\"font-size: 16px;\">)<\/span><\/li>\n<li><strong>Hotel Grand Samota<\/strong> <span style=\"font-size: 16px;\">(<\/span><a style=\"font-size: 16px;\" href=\"https:\/\/maps.app.goo.gl\/jkujgj4264qngPUeA\" target=\"_blank\" rel=\"noopener\">Google Maps<\/a><span style=\"font-size: 16px;\">)<\/span><\/li>\n<li class=\"DUwDvf lfPIob\"><strong>Kaloka Airport Hotel<\/strong> (<a href=\"https:\/\/maps.app.goo.gl\/RhUhNrgkGGsX1qnJ6\" target=\"_blank\" rel=\"noopener\">Google Maps<\/a>)<\/li>\n<\/ul>\n<h3>Informations importantes<\/h3>\n<ul>\n<li>R\u00e9servation avec paiement int\u00e9gral \u00e0 l\u2019avance.<\/li>\n<li class=\"p1\">Pour les enfants de plus de 6 ans<\/li>\n<li class=\"p1\">Adapt\u00e9 \u00e0 tous les niveaux de condition physique<\/li>\n<li class=\"p1\">Si n\u00e9cessaire, nous recommandons de prendre des comprim\u00e9s contre le mal des transports<\/li>\n<li class=\"p1\">Nous ne recommandons pas de planifier des excursions vers d\u2019autres \u00eeles si votre d\u00e9part de Bali est pr\u00e9vu dans moins de deux jours<\/li>\n<li class=\"p1\">BaliSoulTrips.com ne peut pas garantir la pr\u00e9sence de requins-baleines pendant le snorkeling \u2014 n\u2019oubliez pas qu\u2019il s\u2019agit d\u2019un environnement naturel et sauvage, et que leur apparition reste totalement impr\u00e9visible. Pour augmenter vos chances de les voir, organisez votre voyage en tenant compte de la saison. <\/li>\n<li class=\"p1\">En cas de forte houle dans la zone de snorkeling, l\u2019entreprise se r\u00e9serve le droit de modifier le lieu de l\u2019activit\u00e9 afin de garantir votre s\u00e9curit\u00e9.<\/li>\n<li>Nous agissons en tant que service de r\u00e9servation et interm\u00e9diaire entre le client et le prestataire de services en Indon\u00e9sie.<\/li>\n<li>Dans de rares cas de surr\u00e9servation ou de circonstances impr\u00e9vues, le prestataire se r\u00e9serve le droit de remplacer l\u2019h\u00f4tel r\u00e9serv\u00e9 par un autre \u00e9tablissement de m\u00eame cat\u00e9gorie et de prix \u00e9quivalent.<\/li>\n<li>Nous garantissons des tarifs publics transparents et des conditions claires, sans frais cach\u00e9s.<\/li>\n<li>Nous s\u00e9lectionnons soigneusement les meilleurs prestataires et travaillons en continu \u00e0 l\u2019am\u00e9lioration de la qualit\u00e9 de notre service.<\/li>\n<\/ul>\n","protected":false},"excerpt":{"rendered":"<p>Langues : anglais, indon\u00e9sien Aper\u00e7u Sumbawa est une \u00eele encore peu connue situ\u00e9e pr\u00e8s de Lombok, \u00e0 environ une heure et demie de vol de Bali. Elle attire principalement les amateurs de surf gr\u00e2ce \u00e0 ses vagues exceptionnelles et \u00e0 l\u2019absence de foules caract\u00e9ristiques de Bali. Mais cette \u00eele abrite \u00e9galement des paysages naturels spectaculaires [&hellip;]<\/p>\n","protected":false},"featured_media":17934,"comment_status":"open","ping_status":"closed","template":"","meta":{"_acf_changed":false},"product_brand":[],"product_cat":[520,528,551],"product_tag":[],"class_list":{"0":"post-17942","1":"product","2":"type-product","3":"status-publish","4":"has-post-thumbnail","6":"brw_tour_types-visite-privee","7":"brw_parent_child-parent","8":"product_cat-iles","9":"product_cat-nature","10":"product_cat-snorkeling","12":"first","13":"instock","14":"shipping-taxable","15":"purchasable","16":"product-type-ovabrw_car_rental"},"acf":[],"_links":{"self":[{"href":"https:\/\/balisoultrips.com\/fr\/wp-json\/wp\/v2\/product\/17942","targetHints":{"allow":["GET"]}}],"collection":[{"href":"https:\/\/balisoultrips.com\/fr\/wp-json\/wp\/v2\/product"}],"about":[{"href":"https:\/\/balisoultrips.com\/fr\/wp-json\/wp\/v2\/types\/product"}],"replies":[{"embeddable":true,"href":"https:\/\/balisoultrips.com\/fr\/wp-json\/wp\/v2\/comments?post=17942"}],"wp:featuredmedia":[{"embeddable":true,"href":"https:\/\/balisoultrips.com\/fr\/wp-json\/wp\/v2\/media\/17934"}],"wp:attachment":[{"href":"https:\/\/balisoultrips.com\/fr\/wp-json\/wp\/v2\/media?parent=17942"}],"wp:term":[{"taxonomy":"product_brand","embeddable":true,"href":"https:\/\/balisoultrips.com\/fr\/wp-json\/wp\/v2\/product_brand?post=17942"},{"taxonomy":"product_cat","embeddable":true,"href":"https:\/\/balisoultrips.com\/fr\/wp-json\/wp\/v2\/product_cat?post=17942"},{"taxonomy":"product_tag","embeddable":true,"href":"https:\/\/balisoultrips.com\/fr\/wp-json\/wp\/v2\/product_tag?post=17942"}],"curies":[{"name":"wp","href":"https:\/\/api.w.org\/{rel}","templated":true}]}}