{"id":17806,"date":"2025-10-22T18:03:33","date_gmt":"2025-10-22T10:03:33","guid":{"rendered":"https:\/\/balisoultrips.com\/product\/yacht-cruises-and-rentals-in-bali\/"},"modified":"2025-12-08T14:05:18","modified_gmt":"2025-12-08T06:05:18","slug":"yacht-cruises-and-rentals-in-bali","status":"publish","type":"product","link":"https:\/\/balisoultrips.com\/fr\/produit\/yacht-cruises-and-rentals-in-bali\/","title":{"rendered":"Croisi\u00e8res en yacht et location de yachts \u00e0 Bali"},"content":{"rendered":"<p class=\"p1\">Profitez de croisi\u00e8res en yacht luxueuses et de la location de yachts priv\u00e9s \u00e0 Bali. Partez vers Nusa Penida, Lembongan et d\u2019autres destinations paradisiaques \u00e0 bord des plus beaux yachts de l\u2019\u00eele.<\/p>\n","protected":false},"excerpt":{"rendered":"<p class=\"p1\">[products ids=\"11629,11641,11635,11645,11598,11617,11660,11602,11622,11609,11650,11656\" orderby=\"post__in\" columns=\"3\"]<\/p>\n","protected":false},"featured_media":17803,"comment_status":"open","ping_status":"closed","template":"","meta":{"_acf_changed":false},"product_brand":[],"product_cat":[543,520,551],"product_tag":[],"class_list":{"0":"post-17806","1":"product","2":"type-product","3":"status-publish","4":"has-post-thumbnail","6":"brw_tour_types-visite-privee","7":"brw_parent_child-parent","8":"product_cat-croisieres-en-mer","9":"product_cat-iles","10":"product_cat-snorkeling","12":"first","13":"instock","14":"shipping-taxable","15":"purchasable","16":"product-type-ovabrw_car_rental"},"acf":[],"_links":{"self":[{"href":"https:\/\/balisoultrips.com\/fr\/wp-json\/wp\/v2\/product\/17806","targetHints":{"allow":["GET"]}}],"collection":[{"href":"https:\/\/balisoultrips.com\/fr\/wp-json\/wp\/v2\/product"}],"about":[{"href":"https:\/\/balisoultrips.com\/fr\/wp-json\/wp\/v2\/types\/product"}],"replies":[{"embeddable":true,"href":"https:\/\/balisoultrips.com\/fr\/wp-json\/wp\/v2\/comments?post=17806"}],"wp:featuredmedia":[{"embeddable":true,"href":"https:\/\/balisoultrips.com\/fr\/wp-json\/wp\/v2\/media\/17803"}],"wp:attachment":[{"href":"https:\/\/balisoultrips.com\/fr\/wp-json\/wp\/v2\/media?parent=17806"}],"wp:term":[{"taxonomy":"product_brand","embeddable":true,"href":"https:\/\/balisoultrips.com\/fr\/wp-json\/wp\/v2\/product_brand?post=17806"},{"taxonomy":"product_cat","embeddable":true,"href":"https:\/\/balisoultrips.com\/fr\/wp-json\/wp\/v2\/product_cat?post=17806"},{"taxonomy":"product_tag","embeddable":true,"href":"https:\/\/balisoultrips.com\/fr\/wp-json\/wp\/v2\/product_tag?post=17806"}],"curies":[{"name":"wp","href":"https:\/\/api.w.org\/{rel}","templated":true}]}}