{"id":17769,"date":"2025-10-23T14:50:32","date_gmt":"2025-10-23T06:50:32","guid":{"rendered":"https:\/\/balisoultrips.com\/product\/tickets-to-nusa-lembongan-island\/"},"modified":"2025-12-06T22:57:37","modified_gmt":"2025-12-06T14:57:37","slug":"tickets-to-nusa-lembongan-island","status":"publish","type":"product","link":"https:\/\/balisoultrips.com\/fr\/produit\/tickets-to-nusa-lembongan-island\/","title":{"rendered":"Billets pour l\u2019\u00eele de Nusa Lembongan"},"content":{"rendered":"<p class=\"p1\">Nusa Lembongan est une toute petite \u00eele d\u2019environ 8 kilom\u00e8tres carr\u00e9s, situ\u00e9e \u00e0 seulement 40\u201360 minutes de Bali en bateau rapide. C\u2019est une destination id\u00e9ale pour une escapade de quelques jours, surtout si vous souhaitez explorer les \u00eeles voisines et profiter de leur atmosph\u00e8re d\u00e9tendue et authentique.<\/p>\n","protected":false},"excerpt":{"rendered":"<p class=\"p1\">[products ids=\"11679\" orderby=\"post__in\" columns=\"3\"]<\/p>\n","protected":false},"featured_media":17767,"comment_status":"open","ping_status":"closed","template":"","meta":{"_acf_changed":false},"product_brand":[],"product_cat":[559,520],"product_tag":[],"class_list":{"0":"post-17769","1":"product","2":"type-product","3":"status-publish","4":"has-post-thumbnail","6":"brw_tour_types-visite-en-groupe","7":"brw_parent_child-parent","8":"product_cat-billets-de-speedboat","9":"product_cat-iles","11":"first","12":"instock","13":"shipping-taxable","14":"purchasable","15":"product-type-ovabrw_car_rental"},"acf":[],"_links":{"self":[{"href":"https:\/\/balisoultrips.com\/fr\/wp-json\/wp\/v2\/product\/17769","targetHints":{"allow":["GET"]}}],"collection":[{"href":"https:\/\/balisoultrips.com\/fr\/wp-json\/wp\/v2\/product"}],"about":[{"href":"https:\/\/balisoultrips.com\/fr\/wp-json\/wp\/v2\/types\/product"}],"replies":[{"embeddable":true,"href":"https:\/\/balisoultrips.com\/fr\/wp-json\/wp\/v2\/comments?post=17769"}],"wp:featuredmedia":[{"embeddable":true,"href":"https:\/\/balisoultrips.com\/fr\/wp-json\/wp\/v2\/media\/17767"}],"wp:attachment":[{"href":"https:\/\/balisoultrips.com\/fr\/wp-json\/wp\/v2\/media?parent=17769"}],"wp:term":[{"taxonomy":"product_brand","embeddable":true,"href":"https:\/\/balisoultrips.com\/fr\/wp-json\/wp\/v2\/product_brand?post=17769"},{"taxonomy":"product_cat","embeddable":true,"href":"https:\/\/balisoultrips.com\/fr\/wp-json\/wp\/v2\/product_cat?post=17769"},{"taxonomy":"product_tag","embeddable":true,"href":"https:\/\/balisoultrips.com\/fr\/wp-json\/wp\/v2\/product_tag?post=17769"}],"curies":[{"name":"wp","href":"https:\/\/api.w.org\/{rel}","templated":true}]}}