{"id":17678,"date":"2025-10-25T13:53:21","date_gmt":"2025-10-25T05:53:21","guid":{"rendered":"https:\/\/balisoultrips.com\/product\/tour-to-sumba-island\/"},"modified":"2025-12-06T16:00:50","modified_gmt":"2025-12-06T08:00:50","slug":"tour-to-sumba-island","status":"publish","type":"product","link":"https:\/\/balisoultrips.com\/fr\/produit\/tour-to-sumba-island\/","title":{"rendered":"Circuit sur l\u2019\u00eele de Sumba"},"content":{"rendered":"<h6 class=\"p1\"><strong>Langues<\/strong> : anglais, indon\u00e9sien<\/h6>\n<h2>Aper\u00e7u<\/h2>\n<p class=\"p1\">Pr\u00e9parez-vous \u00e0 vivre quatre jours inoubliables sur la lointaine et pittoresque \u00eele de Sumba, une terre de nature unique et de culture authentique. Au cours de ce voyage, vous d\u00e9couvrirez les traditions des communaut\u00e9s locales, visiterez des villages anciens et des m\u00e9galithes finement sculpt\u00e9s, go\u00fbterez \u00e0 la cuisine typique et admirerez des paysages introuvables ailleurs : plages sauvages aux eaux turquoise, falaises c\u00f4ti\u00e8res spectaculaires et immenses savanes. Tout au long du s\u00e9jour, vous vivrez de vraies aventures, qu\u2019il s\u2019agisse de promenades sur des c\u00f4tes isol\u00e9es ou de rencontres avec des artisans r\u00e9put\u00e9s pour leurs textiles et leur artisanat traditionnel.<\/p>\n<p class=\"p1\">Cet itin\u00e9raire est le choix id\u00e9al pour les voyageurs qui appr\u00e9cient l\u2019authenticit\u00e9, la culture et la beaut\u00e9 d\u2019une nature pr\u00e9serv\u00e9e, loin des circuits touristiques habituels.<\/p>\n<h3 class=\"p1\">Nous proposons les h\u00f4tels suivants :<\/h3>\n<ul>\n<li class=\"DUwDvf lfPIob\"><strong>Ella Hotel<\/strong> <span style=\"font-size: 16px;\">(<\/span><a style=\"font-size: 16px;\" href=\"https:\/\/maps.app.goo.gl\/Jsntp7Yetke32toFA\" target=\"_blank\" rel=\"noopener\">Google Maps<\/a><span style=\"font-size: 16px;\">)<\/span><\/li>\n<li class=\"DUwDvf lfPIob\"><strong>Padadita Beach Hotel<\/strong> <span style=\"font-size: 16px;\">(<\/span><a style=\"font-size: 16px;\" href=\"https:\/\/maps.app.goo.gl\/W6xPxJYBhEYYohvq5\" target=\"_blank\" rel=\"noopener\">Google Maps<\/a><span style=\"font-size: 16px;\">)<\/span><\/li>\n<\/ul>\n<h3>Informations importantes<\/h3>\n<ul>\n<li>R\u00e9servation avec paiement int\u00e9gral \u00e0 l\u2019avance.<\/li>\n<li class=\"p1\">Le circuit en groupe est disponible du jeudi au dimanche.<\/li>\n<li class=\"p1\">La dur\u00e9e des excursions d\u00e9pend des conditions m\u00e9t\u00e9orologiques.<\/li>\n<li class=\"p1\">La cascade de Lapopu peut \u00eatre remplac\u00e9e par la cascade de Waimarang en fonction de l\u2019accessibilit\u00e9 saisonni\u00e8re.<\/li>\n<li>Nous agissons en tant que service de r\u00e9servation et interm\u00e9diaire entre le client et le prestataire de services en Indon\u00e9sie.<\/li>\n<li>Dans de rares cas de surr\u00e9servation ou de circonstances impr\u00e9vues, le prestataire se r\u00e9serve le droit de remplacer l\u2019h\u00f4tel r\u00e9serv\u00e9 par un autre \u00e9tablissement de m\u00eame cat\u00e9gorie et de prix \u00e9quivalent.<\/li>\n<li>Nous garantissons des tarifs publics transparents et des conditions claires, sans frais cach\u00e9s.<\/li>\n<li>Nous s\u00e9lectionnons soigneusement les meilleurs prestataires et travaillons en continu \u00e0 l\u2019am\u00e9lioration de la qualit\u00e9 de notre service.<\/li>\n<\/ul>\n","protected":false},"excerpt":{"rendered":"<p>Langues : anglais, indon\u00e9sien Aper\u00e7u Pr\u00e9parez-vous \u00e0 vivre quatre jours inoubliables sur la lointaine et pittoresque \u00eele de Sumba, une terre de nature unique et de culture authentique. Au cours de ce voyage, vous d\u00e9couvrirez les traditions des communaut\u00e9s locales, visiterez des villages anciens et des m\u00e9galithes finement sculpt\u00e9s, go\u00fbterez \u00e0 la cuisine typique et [&hellip;]<\/p>\n","protected":false},"featured_media":17671,"comment_status":"open","ping_status":"closed","template":"","meta":{"_acf_changed":false},"product_brand":[],"product_cat":[520,528],"product_tag":[],"class_list":{"0":"post-17678","1":"product","2":"type-product","3":"status-publish","4":"has-post-thumbnail","6":"brw_tour_types-visite-en-groupe","7":"brw_parent_child-parent","8":"product_cat-iles","9":"product_cat-nature","11":"first","12":"instock","13":"shipping-taxable","14":"purchasable","15":"product-type-ovabrw_car_rental"},"acf":[],"_links":{"self":[{"href":"https:\/\/balisoultrips.com\/fr\/wp-json\/wp\/v2\/product\/17678","targetHints":{"allow":["GET"]}}],"collection":[{"href":"https:\/\/balisoultrips.com\/fr\/wp-json\/wp\/v2\/product"}],"about":[{"href":"https:\/\/balisoultrips.com\/fr\/wp-json\/wp\/v2\/types\/product"}],"replies":[{"embeddable":true,"href":"https:\/\/balisoultrips.com\/fr\/wp-json\/wp\/v2\/comments?post=17678"}],"wp:featuredmedia":[{"embeddable":true,"href":"https:\/\/balisoultrips.com\/fr\/wp-json\/wp\/v2\/media\/17671"}],"wp:attachment":[{"href":"https:\/\/balisoultrips.com\/fr\/wp-json\/wp\/v2\/media?parent=17678"}],"wp:term":[{"taxonomy":"product_brand","embeddable":true,"href":"https:\/\/balisoultrips.com\/fr\/wp-json\/wp\/v2\/product_brand?post=17678"},{"taxonomy":"product_cat","embeddable":true,"href":"https:\/\/balisoultrips.com\/fr\/wp-json\/wp\/v2\/product_cat?post=17678"},{"taxonomy":"product_tag","embeddable":true,"href":"https:\/\/balisoultrips.com\/fr\/wp-json\/wp\/v2\/product_tag?post=17678"}],"curies":[{"name":"wp","href":"https:\/\/api.w.org\/{rel}","templated":true}]}}