{"id":17630,"date":"2025-10-25T17:47:22","date_gmt":"2025-10-25T09:47:22","guid":{"rendered":"https:\/\/balisoultrips.com\/product\/nusa-penida-tours-discover-the-island-paradise\/"},"modified":"2025-12-06T13:43:06","modified_gmt":"2025-12-06T05:43:06","slug":"nusa-penida-tours-discover-the-island-paradise","status":"publish","type":"product","link":"https:\/\/balisoultrips.com\/fr\/produit\/nusa-penida-tours-discover-the-island-paradise\/","title":{"rendered":"Excursions \u00e0 Nusa Penida \u2013 d\u00e9couvrez un paradis insulaire"},"content":{"rendered":"<p class=\"p1\">Partez sur l\u2019\u00eele de Nusa Penida et profitez de ses plages magnifiques, de ses falaises vertigineuses et de ses eaux cristallines. Une destination parfaite aussi bien pour une excursion \u00e0 la journ\u00e9e que pour un s\u00e9jour de plusieurs jours.<\/p>\n","protected":false},"excerpt":{"rendered":"<p class=\"p1\">[products ids=\"11747,11754,11767\" orderby=\"post__in\" columns=\"3\"]<\/p>\n","protected":false},"featured_media":17382,"comment_status":"open","ping_status":"closed","template":"","meta":{"_acf_changed":false},"product_brand":[],"product_cat":[520,551],"product_tag":[],"class_list":{"0":"post-17630","1":"product","2":"type-product","3":"status-publish","4":"has-post-thumbnail","6":"brw_tour_types-visite-privee","7":"brw_parent_child-parent","8":"product_cat-iles","9":"product_cat-snorkeling","11":"first","12":"instock","13":"shipping-taxable","14":"purchasable","15":"product-type-ovabrw_car_rental"},"acf":[],"_links":{"self":[{"href":"https:\/\/balisoultrips.com\/fr\/wp-json\/wp\/v2\/product\/17630","targetHints":{"allow":["GET"]}}],"collection":[{"href":"https:\/\/balisoultrips.com\/fr\/wp-json\/wp\/v2\/product"}],"about":[{"href":"https:\/\/balisoultrips.com\/fr\/wp-json\/wp\/v2\/types\/product"}],"replies":[{"embeddable":true,"href":"https:\/\/balisoultrips.com\/fr\/wp-json\/wp\/v2\/comments?post=17630"}],"wp:featuredmedia":[{"embeddable":true,"href":"https:\/\/balisoultrips.com\/fr\/wp-json\/wp\/v2\/media\/17382"}],"wp:attachment":[{"href":"https:\/\/balisoultrips.com\/fr\/wp-json\/wp\/v2\/media?parent=17630"}],"wp:term":[{"taxonomy":"product_brand","embeddable":true,"href":"https:\/\/balisoultrips.com\/fr\/wp-json\/wp\/v2\/product_brand?post=17630"},{"taxonomy":"product_cat","embeddable":true,"href":"https:\/\/balisoultrips.com\/fr\/wp-json\/wp\/v2\/product_cat?post=17630"},{"taxonomy":"product_tag","embeddable":true,"href":"https:\/\/balisoultrips.com\/fr\/wp-json\/wp\/v2\/product_tag?post=17630"}],"curies":[{"name":"wp","href":"https:\/\/api.w.org\/{rel}","templated":true}]}}