{"id":17612,"date":"2025-10-26T14:39:22","date_gmt":"2025-10-26T06:39:22","guid":{"rendered":"https:\/\/balisoultrips.com\/product\/gili-islands-tours-to-a-tropical-archipelago\/"},"modified":"2026-05-09T11:54:18","modified_gmt":"2026-05-09T03:54:18","slug":"excursions-iles-gili-depuis-bali","status":"publish","type":"product","link":"https:\/\/balisoultrips.com\/fr\/produit\/excursions-iles-gili-depuis-bali\/","title":{"rendered":"Excursions aux \u00eeles Gili depuis Bali \u2014 Trawangan, Air et Meno"},"content":{"rendered":"<p class=\"p1\">D\u00e9couvrez les excursions aux \u00eeles Gili depuis Bali \u2014 Trawangan, Air et Meno. Choisissez des s\u00e9jours de 2 \u00e0 3 jours avec snorkeling, plong\u00e9e et d\u00e9tente sur la plage. Transferts en bateau inclus. R\u00e9servez d\u00e8s maintenant !   <\/p>\n","protected":false},"excerpt":{"rendered":"<p class=\"p1\">[products ids=\"11773,11783,11791\" orderby=\"post__in\" columns=\"3\"]<\/p>\n","protected":false},"featured_media":17611,"comment_status":"open","ping_status":"closed","template":"","meta":{"_acf_changed":false},"product_brand":[],"product_cat":[520,496,551],"product_tag":[],"class_list":{"0":"post-17612","1":"product","2":"type-product","3":"status-publish","4":"has-post-thumbnail","6":"brw_tour_types-visite-privee","7":"product_cat-iles","8":"product_cat-plongee","9":"product_cat-snorkeling","11":"first","12":"instock","13":"shipping-taxable","14":"purchasable","15":"product-type-ovabrw_car_rental"},"acf":[],"_links":{"self":[{"href":"https:\/\/balisoultrips.com\/fr\/wp-json\/wp\/v2\/product\/17612","targetHints":{"allow":["GET"]}}],"collection":[{"href":"https:\/\/balisoultrips.com\/fr\/wp-json\/wp\/v2\/product"}],"about":[{"href":"https:\/\/balisoultrips.com\/fr\/wp-json\/wp\/v2\/types\/product"}],"replies":[{"embeddable":true,"href":"https:\/\/balisoultrips.com\/fr\/wp-json\/wp\/v2\/comments?post=17612"}],"wp:featuredmedia":[{"embeddable":true,"href":"https:\/\/balisoultrips.com\/fr\/wp-json\/wp\/v2\/media\/17611"}],"wp:attachment":[{"href":"https:\/\/balisoultrips.com\/fr\/wp-json\/wp\/v2\/media?parent=17612"}],"wp:term":[{"taxonomy":"product_brand","embeddable":true,"href":"https:\/\/balisoultrips.com\/fr\/wp-json\/wp\/v2\/product_brand?post=17612"},{"taxonomy":"product_cat","embeddable":true,"href":"https:\/\/balisoultrips.com\/fr\/wp-json\/wp\/v2\/product_cat?post=17612"},{"taxonomy":"product_tag","embeddable":true,"href":"https:\/\/balisoultrips.com\/fr\/wp-json\/wp\/v2\/product_tag?post=17612"}],"curies":[{"name":"wp","href":"https:\/\/api.w.org\/{rel}","templated":true}]}}