{"id":17595,"date":"2025-10-26T14:56:31","date_gmt":"2025-10-26T06:56:31","guid":{"rendered":"https:\/\/balisoultrips.com\/product\/package-tours-to-bali\/"},"modified":"2025-12-06T13:14:04","modified_gmt":"2025-12-06T05:14:04","slug":"package-tours-to-bali","status":"publish","type":"product","link":"https:\/\/balisoultrips.com\/fr\/produit\/package-tours-to-bali\/","title":{"rendered":"S\u00e9jours organis\u00e9s \u00e0 Bali"},"content":{"rendered":"<p class=\"p1\">Offrez-vous le voyage de vos r\u00eaves : nos s\u00e9jours \u00e0 Bali regroupent les plus beaux lieux de l\u2019\u00eele, des transferts confortables et des exp\u00e9riences authentiques. Choisissez votre circuit et partez \u00e0 l\u2019aventure \u2014 nous nous chargeons de chaque d\u00e9tail.<\/p>\n","protected":false},"excerpt":{"rendered":"<p class=\"p1\">[products ids=\"11802\" orderby=\"post__in\" columns=\"3\"]<\/p>\n","protected":false},"featured_media":17590,"comment_status":"open","ping_status":"closed","template":"","meta":{"_acf_changed":false},"product_brand":[],"product_cat":[536],"product_tag":[],"class_list":{"0":"post-17595","1":"product","2":"type-product","3":"status-publish","4":"has-post-thumbnail","6":"brw_tour_types-visite-privee","7":"brw_parent_child-parent","8":"product_cat-circuits-organises","10":"first","11":"instock","12":"shipping-taxable","13":"purchasable","14":"product-type-ovabrw_car_rental"},"acf":[],"_links":{"self":[{"href":"https:\/\/balisoultrips.com\/fr\/wp-json\/wp\/v2\/product\/17595","targetHints":{"allow":["GET"]}}],"collection":[{"href":"https:\/\/balisoultrips.com\/fr\/wp-json\/wp\/v2\/product"}],"about":[{"href":"https:\/\/balisoultrips.com\/fr\/wp-json\/wp\/v2\/types\/product"}],"replies":[{"embeddable":true,"href":"https:\/\/balisoultrips.com\/fr\/wp-json\/wp\/v2\/comments?post=17595"}],"wp:featuredmedia":[{"embeddable":true,"href":"https:\/\/balisoultrips.com\/fr\/wp-json\/wp\/v2\/media\/17590"}],"wp:attachment":[{"href":"https:\/\/balisoultrips.com\/fr\/wp-json\/wp\/v2\/media?parent=17595"}],"wp:term":[{"taxonomy":"product_brand","embeddable":true,"href":"https:\/\/balisoultrips.com\/fr\/wp-json\/wp\/v2\/product_brand?post=17595"},{"taxonomy":"product_cat","embeddable":true,"href":"https:\/\/balisoultrips.com\/fr\/wp-json\/wp\/v2\/product_cat?post=17595"},{"taxonomy":"product_tag","embeddable":true,"href":"https:\/\/balisoultrips.com\/fr\/wp-json\/wp\/v2\/product_tag?post=17595"}],"curies":[{"name":"wp","href":"https:\/\/api.w.org\/{rel}","templated":true}]}}