{"id":16962,"date":"2025-08-17T12:33:48","date_gmt":"2025-08-17T04:33:48","guid":{"rendered":"https:\/\/balisoultrips.com\/product\/motocross-and-enduro-volcano-forest\/"},"modified":"2025-11-28T16:30:19","modified_gmt":"2025-11-28T08:30:19","slug":"motocross-and-enduro-volcano-forest","status":"publish","type":"product","link":"https:\/\/balisoultrips.com\/fr\/produit\/motocross-and-enduro-volcano-forest\/","title":{"rendered":"Motocross &amp; Enduro : lave volcanique et for\u00eat de Kintamani"},"content":{"rendered":"<h6 class=\"p1\"><strong>Langues<\/strong> : anglais, indon\u00e9sien<\/h6>\n<h2>Aper\u00e7u<\/h2>\n<p class=\"p1\">Partez \u00e0 la conqu\u00eate du mont Batur en enduro ! Rizi\u00e8res, for\u00eats sauvages et cascades vous attendent \u2014 mont\u00e9e d\u2019adr\u00e9naline garantie !<\/p>\n<p class=\"p1\">L\u2019itin\u00e9raire traverse les champs de lave solidifi\u00e9e d\u2019un volcan actif. Pendant la saison des pluies, la piste est propre, sans poussi\u00e8re et offre une excellente adh\u00e9rence. La pluie rend certains tron\u00e7ons glissants, ce qui repr\u00e9sente un d\u00e9fi id\u00e9al pour les pilotes exp\u00e9riment\u00e9s. \u00c0 une altitude de 1 000 \u00e0 2 500 m\u00e8tres, la temp\u00e9rature reste agr\u00e9able, de sorte que la chaleur ne g\u00eanera pas votre conduite.<\/p>\n<p class=\"p1\">Ressentez la mont\u00e9e d\u2019adr\u00e9naline en sautant sur les dunes de lave et repartez avec des souvenirs inoubliables !<\/p>\n<h3>Options :<\/h3>\n<ul>\n<li class=\"p1\">4 heures \u2014 \u00ab Black lava \u00bb<\/li>\n<li>7 heures \u2014 \u00ab Black lava and Kintamani forest \u00bb<\/li>\n<\/ul>\n<h3>Informations importantes<\/h3>\n<ul>\n<li class=\"p1\">Un acompte de 25 % est requis au moment de la r\u00e9servation ; le solde est \u00e0 r\u00e9gler en esp\u00e8ces sur place.<\/li>\n<li class=\"p1\">Vous pouvez \u00e9galement choisir de r\u00e9gler la totalit\u00e9 du montant \u00e0 l\u2019avance en utilisant l\u2019un des modes de paiement en ligne disponibles.<\/li>\n<li class=\"p1\">Cette activit\u00e9 convient aux personnes ayant une condition physique moyenne.<\/li>\n<li class=\"p1\">La dur\u00e9e de l\u2019itin\u00e9raire est d\u2019environ 4 ou 7 heures selon le programme choisi, pauses et d\u00e9jeuner inclus.<\/li>\n<li class=\"p1\">Nous agissons en tant que service de r\u00e9servation et interm\u00e9diaire entre le client et le prestataire de services en Indon\u00e9sie.<\/li>\n<li>Nous garantissons des tarifs publics transparents et des conditions claires, sans frais cach\u00e9s.<\/li>\n<li>Nous s\u00e9lectionnons soigneusement les meilleurs prestataires et travaillons en continu \u00e0 l\u2019am\u00e9lioration de la qualit\u00e9 de notre service.<\/li>\n<\/ul>\n","protected":false},"excerpt":{"rendered":"<p>Langues : anglais, indon\u00e9sien Aper\u00e7u Partez \u00e0 la conqu\u00eate du mont Batur en enduro ! Rizi\u00e8res, for\u00eats sauvages et cascades vous attendent \u2014 mont\u00e9e d\u2019adr\u00e9naline garantie ! L\u2019itin\u00e9raire traverse les champs de lave solidifi\u00e9e d\u2019un volcan actif. Pendant la saison des pluies, la piste est propre, sans poussi\u00e8re et offre une excellente adh\u00e9rence. La pluie [&hellip;]<\/p>\n","protected":false},"featured_media":14198,"comment_status":"open","ping_status":"closed","template":"","meta":{"_acf_changed":false},"product_brand":[],"product_cat":[140,488,504],"product_tag":[],"class_list":{"0":"post-16962","1":"product","2":"type-product","3":"status-publish","4":"has-post-thumbnail","6":"brw_tour_types-groupe-prive","7":"brw_parent_child-child","8":"product_cat-adventures","9":"product_cat-balisoultrips-choice","10":"product_cat-extreme","12":"first","13":"instock","14":"shipping-taxable","15":"purchasable","16":"product-type-ovabrw_car_rental"},"acf":[],"_links":{"self":[{"href":"https:\/\/balisoultrips.com\/fr\/wp-json\/wp\/v2\/product\/16962","targetHints":{"allow":["GET"]}}],"collection":[{"href":"https:\/\/balisoultrips.com\/fr\/wp-json\/wp\/v2\/product"}],"about":[{"href":"https:\/\/balisoultrips.com\/fr\/wp-json\/wp\/v2\/types\/product"}],"replies":[{"embeddable":true,"href":"https:\/\/balisoultrips.com\/fr\/wp-json\/wp\/v2\/comments?post=16962"}],"wp:featuredmedia":[{"embeddable":true,"href":"https:\/\/balisoultrips.com\/fr\/wp-json\/wp\/v2\/media\/14198"}],"wp:attachment":[{"href":"https:\/\/balisoultrips.com\/fr\/wp-json\/wp\/v2\/media?parent=16962"}],"wp:term":[{"taxonomy":"product_brand","embeddable":true,"href":"https:\/\/balisoultrips.com\/fr\/wp-json\/wp\/v2\/product_brand?post=16962"},{"taxonomy":"product_cat","embeddable":true,"href":"https:\/\/balisoultrips.com\/fr\/wp-json\/wp\/v2\/product_cat?post=16962"},{"taxonomy":"product_tag","embeddable":true,"href":"https:\/\/balisoultrips.com\/fr\/wp-json\/wp\/v2\/product_tag?post=16962"}],"curies":[{"name":"wp","href":"https:\/\/api.w.org\/{rel}","templated":true}]}}