{"id":13368,"date":"2023-06-05T02:41:41","date_gmt":"2023-06-04T18:41:41","guid":{"rendered":"https:\/\/balisoultrips.com\/cooperation\/"},"modified":"2025-11-29T20:58:09","modified_gmt":"2025-11-29T12:58:09","slug":"cooperation","status":"publish","type":"page","link":"https:\/\/balisoultrips.com\/fr\/cooperation\/","title":{"rendered":"Coop\u00e9ration"},"content":{"rendered":"\t\t<div data-elementor-type=\"wp-page\" data-elementor-id=\"13368\" class=\"elementor elementor-13368 elementor-7102\">\n\t\t\t\t\t\t<section class=\"elementor-section elementor-top-section elementor-element elementor-element-3092bac elementor-section-boxed elementor-section-height-default elementor-section-height-default\" data-id=\"3092bac\" data-element_type=\"section\" data-e-type=\"section\" data-settings=\"{&quot;background_background&quot;:&quot;classic&quot;}\">\n\t\t\t\t\t\t<div class=\"elementor-container elementor-column-gap-no\">\n\t\t\t\t\t<div class=\"elementor-column elementor-col-50 elementor-top-column elementor-element elementor-element-364f2e6 elementor-invisible\" data-id=\"364f2e6\" data-element_type=\"column\" data-e-type=\"column\" data-settings=\"{&quot;animation&quot;:&quot;ova-move-right&quot;,&quot;animation_tablet&quot;:&quot;none&quot;}\">\n\t\t\t<div class=\"elementor-widget-wrap elementor-element-populated\">\n\t\t\t\t\t\t<div class=\"elementor-element elementor-element-a76200e elementor-widget elementor-widget-tripgo_elementor_heading\" data-id=\"a76200e\" data-element_type=\"widget\" data-e-type=\"widget\" data-widget_type=\"tripgo_elementor_heading.default\">\n\t\t\t\t<div class=\"elementor-widget-container\">\n\t\t\t\t\t\t\t\t<div class=\"ova-title\">\n\t\t\t\t\t\t\t\t\t\t<h2 class=\"title\">\n\t\t\t\t\t\t\tInvitation \u00e0 coop\u00e9rer\n\t\t\t\t\t\t<\/h2>\n\t\t\t\t\t\t\t\t<\/div>\n\t\t\t\t\t\t\t<\/div>\n\t\t\t\t<\/div>\n\t\t\t\t<section class=\"elementor-section elementor-inner-section elementor-element elementor-element-23e5865 elementor-section-full_width elementor-section-height-default elementor-section-height-default\" data-id=\"23e5865\" data-element_type=\"section\" data-e-type=\"section\">\n\t\t\t\t\t\t<div class=\"elementor-container elementor-column-gap-no\">\n\t\t\t\t\t<div class=\"elementor-column elementor-col-100 elementor-inner-column elementor-element elementor-element-be93e86\" data-id=\"be93e86\" data-element_type=\"column\" data-e-type=\"column\">\n\t\t\t<div class=\"elementor-widget-wrap elementor-element-populated\">\n\t\t\t\t\t\t<div class=\"elementor-element elementor-element-034d8b2 elementor-widget elementor-widget-text-editor\" data-id=\"034d8b2\" data-element_type=\"widget\" data-e-type=\"widget\" data-widget_type=\"text-editor.default\">\n\t\t\t\t\t\t\t\t\t<p class=\"p1\">Nous sommes ouverts \u00e0 la coop\u00e9ration avec des prestataires officiels d\u2019activit\u00e9s et d\u2019excursions \u00e0 Bali et dans d\u2019autres magnifiques destinations \u00e0 travers l\u2019Indon\u00e9sie. Si vous cr\u00e9ez des itin\u00e9raires uniques et souhaitez partager des exp\u00e9riences authentiques avec les voyageurs, nous serions ravis de collaborer avec vous. <\/p>\t\t\t\t\t\t\t\t<\/div>\n\t\t\t\t<div class=\"elementor-element elementor-element-9d0a5fc elementor-widget elementor-widget-text-editor\" data-id=\"9d0a5fc\" data-element_type=\"widget\" data-e-type=\"widget\" data-widget_type=\"text-editor.default\">\n\t\t\t\t\t\t\t\t\t<p class=\"p1\">Important : nous ne soutenons pas et ne collaborons pas avec les entreprises qui utilisent des animaux dans leurs circuits, sauf lorsqu\u2019ils vivent dans leur habitat naturel.<\/p>\t\t\t\t\t\t\t\t<\/div>\n\t\t\t\t<div class=\"elementor-element elementor-element-4156140 elementor-widget elementor-widget-text-editor\" data-id=\"4156140\" data-element_type=\"widget\" data-e-type=\"widget\" data-widget_type=\"text-editor.default\">\n\t\t\t\t\t\t\t\t\t<p class=\"p1\">Veuillez envoyer vos propositions \u00e0 notre adresse e-mail \u2014 nous les examinerons attentivement et vous r\u00e9pondrons dans les plus brefs d\u00e9lais.<\/p>\t\t\t\t\t\t\t\t<\/div>\n\t\t\t\t\t<\/div>\n\t\t<\/div>\n\t\t\t\t\t<\/div>\n\t\t<\/section>\n\t\t<div class=\"elementor-element elementor-element-7cc9a29 e-grid e-con-boxed e-con e-parent\" data-id=\"7cc9a29\" data-element_type=\"container\" data-e-type=\"container\">\n\t\t\t\t\t<div class=\"e-con-inner\">\n\t\t\t\t<div class=\"elementor-element elementor-element-c3966ef elementor-widget elementor-widget-tripgo_elementor_contact_info\" data-id=\"c3966ef\" data-element_type=\"widget\" data-e-type=\"widget\" data-widget_type=\"tripgo_elementor_contact_info.default\">\n\t\t\t\t<div class=\"elementor-widget-container\">\n\t\t\t\t\t\t\t\t<div class=\"ova-contact-info\">\n\t\t\t\t\t\t\t\t\t<div class=\"icon\">\n\t\t\t\t\t\t<i aria-hidden=\"true\" class=\"icomoon icomoon-envelope\"><\/i>\t\t\t\t\t<\/div>\t\n\t\t\t\t\t\t\t\t<div class=\"contact\">\n\t\t\t\t\t\t\t\t\t\t\t<div class=\"label\">\n\t\t\t\t\t\t\tEnvoyez-nous un e-mail\t\t\t\t\t\t<\/div>\n\t\t\t\t\t\t\t\t\t\t<ul class=\"info\">\n\t\t\t\t\t\t\t\t\t\t\t\t\t\t<li class=\"item\">\n\t\t\t\t\t\t\t\t\t\t\t\t\t\t\t\t\t\t\t\t\t<a href=\"mailto:office@balisoultrips.com\">\n\t\t\t\t\t\t\t\t\t\t\t\t\toffice@balisoultrips.com\t\t\t\t\t\t\t\t\t\t\t\t<\/a>\n\t\t\t\t\t\t\t\t\t\t\t\t\t\t\t\t\t\t\t<\/li>\n\t\t\t\t\t\t\t\t\t\t\t\t<\/ul>\n\t\t\t\t<\/div>\n\t\t\t<\/div>\n\t\t\t\t\t\t\t<\/div>\n\t\t\t\t<\/div>\n\t\t\t\t<div class=\"elementor-element elementor-element-993b41f elementor-widget elementor-widget-tripgo_elementor_contact_info\" data-id=\"993b41f\" data-element_type=\"widget\" data-e-type=\"widget\" data-widget_type=\"tripgo_elementor_contact_info.default\">\n\t\t\t\t<div class=\"elementor-widget-container\">\n\t\t\t\t\t\t\t\t<div class=\"ova-contact-info\">\n\t\t\t\t\t\t\t\t\t<div class=\"icon\">\n\t\t\t\t\t\t<i aria-hidden=\"true\" class=\"icomoon icomoon-call\"><\/i>\t\t\t\t\t<\/div>\t\n\t\t\t\t\t\t\t\t<div class=\"contact\">\n\t\t\t\t\t\t\t\t\t\t\t<div class=\"label\">\n\t\t\t\t\t\t\tNum\u00e9ro de t\u00e9l\u00e9phone\t\t\t\t\t\t<\/div>\n\t\t\t\t\t\t\t\t\t\t<ul class=\"info\">\n\t\t\t\t\t\t\t\t\t\t\t\t\t\t<li class=\"item\">\n\t\t\t\t\t\t\t\t\t\t\t\t\t\t\t\t\t\t\t\t\t<a href=\"tel:+6282235389002 \">\n\t\t\t\t\t\t\t\t\t\t\t\t\t+62 822 3538 90 02\t\t\t\t\t\t\t\t\t\t\t\t<\/a>\n\t\t\t\t\t\t\t\t\t\t\t\t\t\t\t\t\t\t\t<\/li>\n\t\t\t\t\t\t\t\t\t\t\t\t<\/ul>\n\t\t\t\t<\/div>\n\t\t\t<\/div>\n\t\t\t\t\t\t\t<\/div>\n\t\t\t\t<\/div>\n\t\t\t\t\t<\/div>\n\t\t\t\t<\/div>\n\t\t\t\t\t<\/div>\n\t\t<\/div>\n\t\t\t\t<div class=\"elementor-column elementor-col-50 elementor-top-column elementor-element elementor-element-2aba6db\" data-id=\"2aba6db\" data-element_type=\"column\" data-e-type=\"column\">\n\t\t\t<div class=\"elementor-widget-wrap elementor-element-populated\">\n\t\t\t\t\t\t<div class=\"elementor-element elementor-element-b2eced2 elementor-widget__width-auto elementor-invisible elementor-widget elementor-widget-image\" data-id=\"b2eced2\" data-element_type=\"widget\" data-e-type=\"widget\" data-settings=\"{&quot;_animation&quot;:&quot;ova-move-up&quot;,&quot;_animation_tablet&quot;:&quot;none&quot;}\" data-widget_type=\"image.default\">\n\t\t\t\t\t\t\t\t\t\t\t\t\t\t\t<img fetchpriority=\"high\" decoding=\"async\" width=\"800\" height=\"533\" src=\"https:\/\/balisoultrips.com\/wp-content\/uploads\/2025\/08\/1666380428_27-mykale-1024x682.jpg\" class=\"attachment-large size-large wp-image-13343\" alt=\"\" srcset=\"https:\/\/balisoultrips.com\/wp-content\/uploads\/2025\/08\/1666380428_27-mykale-1024x682.jpg 1024w, https:\/\/balisoultrips.com\/wp-content\/uploads\/2025\/08\/1666380428_27-mykale-300x200.jpg 300w, https:\/\/balisoultrips.com\/wp-content\/uploads\/2025\/08\/1666380428_27-mykale-768x512.jpg 768w, https:\/\/balisoultrips.com\/wp-content\/uploads\/2025\/08\/1666380428_27-mykale-1536x1023.jpg 1536w, https:\/\/balisoultrips.com\/wp-content\/uploads\/2025\/08\/1666380428_27-mykale-600x400.jpg 600w, https:\/\/balisoultrips.com\/wp-content\/uploads\/2025\/08\/1666380428_27-mykale.jpg 1680w\" sizes=\"(max-width: 800px) 100vw, 800px\" \/>\t\t\t\t\t\t\t\t\t\t\t\t\t\t\t<\/div>\n\t\t\t\t\t<\/div>\n\t\t<\/div>\n\t\t\t\t\t<\/div>\n\t\t<\/section>\n\t\t\t\t<section class=\"elementor-section elementor-top-section elementor-element elementor-element-77eda27 elementor-section-boxed elementor-section-height-default elementor-section-height-default\" data-id=\"77eda27\" data-element_type=\"section\" data-e-type=\"section\">\n\t\t\t\t\t\t<div class=\"elementor-container elementor-column-gap-default\">\n\t\t\t\t\t<div class=\"elementor-column elementor-col-100 elementor-top-column elementor-element elementor-element-d0272f6\" data-id=\"d0272f6\" data-element_type=\"column\" data-e-type=\"column\">\n\t\t\t<div class=\"elementor-widget-wrap elementor-element-populated\">\n\t\t\t\t\t\t<div class=\"elementor-element elementor-element-52c5ea1 elementor-widget elementor-widget-button\" data-id=\"52c5ea1\" data-element_type=\"widget\" data-e-type=\"widget\" data-widget_type=\"button.default\">\n\t\t\t\t\t\t\t\t\t\t<a class=\"elementor-button elementor-button-link elementor-size-sm\" href=\"\/\">\n\t\t\t\t\t\t<span class=\"elementor-button-content-wrapper\">\n\t\t\t\t\t\t\t\t\t<span class=\"elementor-button-text\">Retour<\/span>\n\t\t\t\t\t<\/span>\n\t\t\t\t\t<\/a>\n\t\t\t\t\t\t\t\t<\/div>\n\t\t\t\t\t<\/div>\n\t\t<\/div>\n\t\t\t\t\t<\/div>\n\t\t<\/section>\n\t\t\t\t<\/div>\n\t\t","protected":false},"excerpt":{"rendered":"<p>Invitation \u00e0 coop\u00e9rer Nous sommes ouverts \u00e0 la coop\u00e9ration avec des prestataires officiels d\u2019activit\u00e9s et d\u2019excursions \u00e0 Bali et dans d\u2019autres magnifiques destinations \u00e0 travers l\u2019Indon\u00e9sie. Si vous cr\u00e9ez des itin\u00e9raires uniques et souhaitez partager des exp\u00e9riences authentiques avec les voyageurs, nous serions ravis de collaborer avec vous. Important : nous ne soutenons pas et [&hellip;]<\/p>\n","protected":false},"author":1,"featured_media":0,"parent":0,"menu_order":0,"comment_status":"closed","ping_status":"closed","template":"elementor_header_footer","meta":{"_acf_changed":false,"footnotes":""},"class_list":["post-13368","page","type-page","status-publish","hentry"],"acf":[],"_links":{"self":[{"href":"https:\/\/balisoultrips.com\/fr\/wp-json\/wp\/v2\/pages\/13368","targetHints":{"allow":["GET"]}}],"collection":[{"href":"https:\/\/balisoultrips.com\/fr\/wp-json\/wp\/v2\/pages"}],"about":[{"href":"https:\/\/balisoultrips.com\/fr\/wp-json\/wp\/v2\/types\/page"}],"author":[{"embeddable":true,"href":"https:\/\/balisoultrips.com\/fr\/wp-json\/wp\/v2\/users\/1"}],"replies":[{"embeddable":true,"href":"https:\/\/balisoultrips.com\/fr\/wp-json\/wp\/v2\/comments?post=13368"}],"version-history":[{"count":5,"href":"https:\/\/balisoultrips.com\/fr\/wp-json\/wp\/v2\/pages\/13368\/revisions"}],"predecessor-version":[{"id":17314,"href":"https:\/\/balisoultrips.com\/fr\/wp-json\/wp\/v2\/pages\/13368\/revisions\/17314"}],"wp:attachment":[{"href":"https:\/\/balisoultrips.com\/fr\/wp-json\/wp\/v2\/media?parent=13368"}],"curies":[{"name":"wp","href":"https:\/\/api.w.org\/{rel}","templated":true}]}}