{"id":12635,"date":"2023-06-07T01:13:43","date_gmt":"2023-06-06T17:13:43","guid":{"rendered":"https:\/\/balisoultrips.com\/cartes-cadeaux\/"},"modified":"2025-11-29T19:31:08","modified_gmt":"2025-11-29T11:31:08","slug":"gift-certificates","status":"publish","type":"page","link":"https:\/\/balisoultrips.com\/fr\/gift-certificates\/","title":{"rendered":"Cartes-cadeaux"},"content":{"rendered":"\t\t<div data-elementor-type=\"wp-page\" data-elementor-id=\"12635\" class=\"elementor elementor-12635 elementor-7700\">\n\t\t\t\t\t\t<section class=\"elementor-section elementor-top-section elementor-element elementor-element-b899c80 elementor-section-boxed elementor-section-height-default elementor-section-height-default\" data-id=\"b899c80\" data-element_type=\"section\" data-e-type=\"section\" data-settings=\"{&quot;background_background&quot;:&quot;classic&quot;}\">\n\t\t\t\t\t\t<div class=\"elementor-container elementor-column-gap-no\">\n\t\t\t\t\t<div class=\"elementor-column elementor-col-50 elementor-top-column elementor-element elementor-element-5d7099e elementor-invisible\" data-id=\"5d7099e\" data-element_type=\"column\" data-e-type=\"column\" data-settings=\"{&quot;animation&quot;:&quot;ova-move-right&quot;,&quot;animation_tablet&quot;:&quot;none&quot;}\">\n\t\t\t<div class=\"elementor-widget-wrap elementor-element-populated\">\n\t\t\t\t\t\t<div class=\"elementor-element elementor-element-dbc8b67 elementor-widget elementor-widget-image\" data-id=\"dbc8b67\" data-element_type=\"widget\" data-e-type=\"widget\" data-widget_type=\"image.default\">\n\t\t\t\t\t\t\t\t\t\t\t\t\t\t\t<img decoding=\"async\" width=\"100\" height=\"100\" src=\"https:\/\/balisoultrips.com\/wp-content\/uploads\/2025\/08\/pngtree-handdrawn-gift-box-with-bow-perfect-for-christmasbirthday-surprise-vector-png-image_12921396-removebg-preview-100x100.png\" class=\"attachment-woocommerce_gallery_thumbnail size-woocommerce_gallery_thumbnail wp-image-12632\" alt=\"\" srcset=\"https:\/\/balisoultrips.com\/wp-content\/uploads\/2025\/08\/pngtree-handdrawn-gift-box-with-bow-perfect-for-christmasbirthday-surprise-vector-png-image_12921396-removebg-preview-100x100.png 100w, https:\/\/balisoultrips.com\/wp-content\/uploads\/2025\/08\/pngtree-handdrawn-gift-box-with-bow-perfect-for-christmasbirthday-surprise-vector-png-image_12921396-removebg-preview-300x300.png 300w, https:\/\/balisoultrips.com\/wp-content\/uploads\/2025\/08\/pngtree-handdrawn-gift-box-with-bow-perfect-for-christmasbirthday-surprise-vector-png-image_12921396-removebg-preview-150x150.png 150w, https:\/\/balisoultrips.com\/wp-content\/uploads\/2025\/08\/pngtree-handdrawn-gift-box-with-bow-perfect-for-christmasbirthday-surprise-vector-png-image_12921396-removebg-preview-306x306.png 306w, https:\/\/balisoultrips.com\/wp-content\/uploads\/2025\/08\/pngtree-handdrawn-gift-box-with-bow-perfect-for-christmasbirthday-surprise-vector-png-image_12921396-removebg-preview.png 500w\" sizes=\"(max-width: 100px) 100vw, 100px\" \/>\t\t\t\t\t\t\t\t\t\t\t\t\t\t\t<\/div>\n\t\t\t\t<div class=\"elementor-element elementor-element-7454506 elementor-widget-mobile__width-initial elementor-widget elementor-widget-tripgo_elementor_heading\" data-id=\"7454506\" data-element_type=\"widget\" data-e-type=\"widget\" data-widget_type=\"tripgo_elementor_heading.default\">\n\t\t\t\t<div class=\"elementor-widget-container\">\n\t\t\t\t\t\t\t\t<div class=\"ova-title\">\n\t\t\t\t\t\t\t\t\t<h3 class=\"sub-title\">Faites plaisir \u00e0 vos proches<\/h3>\n\t\t\t\t\t\t\t<\/div>\n\t\t\t\t\t\t\t<\/div>\n\t\t\t\t<\/div>\n\t\t\t\t<section class=\"elementor-section elementor-inner-section elementor-element elementor-element-47d1c7a elementor-section-full_width elementor-section-height-default elementor-section-height-default\" data-id=\"47d1c7a\" data-element_type=\"section\" data-e-type=\"section\">\n\t\t\t\t\t\t<div class=\"elementor-container elementor-column-gap-no\">\n\t\t\t\t\t<div class=\"elementor-column elementor-col-100 elementor-inner-column elementor-element elementor-element-598d65e\" data-id=\"598d65e\" data-element_type=\"column\" data-e-type=\"column\">\n\t\t\t<div class=\"elementor-widget-wrap elementor-element-populated\">\n\t\t\t\t\t\t<div class=\"elementor-element elementor-element-3086486 elementor-widget elementor-widget-text-editor\" data-id=\"3086486\" data-element_type=\"widget\" data-e-type=\"widget\" data-widget_type=\"text-editor.default\">\n\t\t\t\t\t\t\t\t\t<p class=\"p1\">Vous cherchez le cadeau parfait pour vos proches ?<br>Nos cartes-cadeaux pour des excursions et des visites passionnantes autour de l\u2019\u00eele de Bali sont le choix id\u00e9al !<\/p>\t\t\t\t\t\t\t\t<\/div>\n\t\t\t\t<div class=\"elementor-element elementor-element-d5c0419 elementor-widget elementor-widget-text-editor\" data-id=\"d5c0419\" data-element_type=\"widget\" data-e-type=\"widget\" data-widget_type=\"text-editor.default\">\n\t\t\t\t\t\t\t\t\t<ul><li class=\"p1\">Nous proposons un large choix de circuits afin que chacun puisse trouver l\u2019aventure parfaite \u00e0 son go\u00fbt.<\/li><li class=\"p1\">Personnalisez votre cadeau : ajoutez un message personnel avec des v\u0153ux chaleureux.<\/li><li class=\"p1\">Le cadeau parfait pour toutes les occasions : qu\u2019il s\u2019agisse d\u2019un anniversaire, d\u2019une f\u00eate ou simplement d\u2019une attention pleine de d\u00e9licatesse.<\/li><\/ul>\t\t\t\t\t\t\t\t<\/div>\n\t\t\t\t<div class=\"elementor-element elementor-element-695aa40 elementor-widget elementor-widget-text-editor\" data-id=\"695aa40\" data-element_type=\"widget\" data-e-type=\"widget\" data-widget_type=\"text-editor.default\">\n\t\t\t\t\t\t\t\t\t<p class=\"p1\">Ne manquez pas l\u2019occasion d\u2019offrir un cadeau vraiment sp\u00e9cial qui restera grav\u00e9 dans la m\u00e9moire de vos proches pendant des ann\u00e9es ! Offrez-leur le monde des aventures \u00e0 Bali et cr\u00e9ez des souvenirs qu\u2019ils ch\u00e9riront pour toujours. <\/p>\t\t\t\t\t\t\t\t<\/div>\n\t\t\t\t\t<\/div>\n\t\t<\/div>\n\t\t\t\t\t<\/div>\n\t\t<\/section>\n\t\t\t\t\t<\/div>\n\t\t<\/div>\n\t\t\t\t<div class=\"elementor-column elementor-col-50 elementor-top-column elementor-element elementor-element-37af5f6\" data-id=\"37af5f6\" data-element_type=\"column\" data-e-type=\"column\">\n\t\t\t<div class=\"elementor-widget-wrap elementor-element-populated\">\n\t\t\t\t\t\t<div class=\"elementor-element elementor-element-25e1ff3 elementor-arrows-position-inside elementor-widget elementor-widget-image-carousel\" data-id=\"25e1ff3\" data-element_type=\"widget\" data-e-type=\"widget\" data-settings=\"{&quot;slides_to_show&quot;:&quot;1&quot;,&quot;navigation&quot;:&quot;arrows&quot;,&quot;autoplay&quot;:&quot;yes&quot;,&quot;pause_on_hover&quot;:&quot;yes&quot;,&quot;pause_on_interaction&quot;:&quot;yes&quot;,&quot;autoplay_speed&quot;:5000,&quot;infinite&quot;:&quot;yes&quot;,&quot;effect&quot;:&quot;slide&quot;,&quot;speed&quot;:500}\" data-widget_type=\"image-carousel.default\">\n\t\t\t\t\t\t\t<div class=\"elementor-image-carousel-wrapper swiper\" role=\"region\" aria-roledescription=\"carousel\" aria-label=\"Image Carousel\" dir=\"ltr\">\n\t\t\t<div class=\"elementor-image-carousel swiper-wrapper\" aria-live=\"off\">\n\t\t\t\t\t\t\t\t<div class=\"swiper-slide\" role=\"group\" aria-roledescription=\"slide\" aria-label=\"1 sur 3\"><figure class=\"swiper-slide-inner\"><img decoding=\"async\" class=\"swiper-slide-image\" src=\"https:\/\/balisoultrips.com\/wp-content\/uploads\/2025\/11\/8-1024x726.png\" alt=\"8\" \/><\/figure><\/div><div class=\"swiper-slide\" role=\"group\" aria-roledescription=\"slide\" aria-label=\"2 sur 3\"><figure class=\"swiper-slide-inner\"><img decoding=\"async\" class=\"swiper-slide-image\" src=\"https:\/\/balisoultrips.com\/wp-content\/uploads\/2025\/11\/9-1024x726.png\" alt=\"9\" \/><\/figure><\/div><div class=\"swiper-slide\" role=\"group\" aria-roledescription=\"slide\" aria-label=\"3 sur 3\"><figure class=\"swiper-slide-inner\"><img decoding=\"async\" class=\"swiper-slide-image\" src=\"https:\/\/balisoultrips.com\/wp-content\/uploads\/2025\/11\/5-1024x726.png\" alt=\"5\" \/><\/figure><\/div>\t\t\t<\/div>\n\t\t\t\t\t\t\t\t\t\t\t\t<div class=\"elementor-swiper-button elementor-swiper-button-prev\" role=\"button\" tabindex=\"0\">\n\t\t\t\t\t\t<svg aria-hidden=\"true\" class=\"e-font-icon-svg e-eicon-chevron-left\" viewBox=\"0 0 1000 1000\" xmlns=\"http:\/\/www.w3.org\/2000\/svg\"><path d=\"M646 125C629 125 613 133 604 142L308 442C296 454 292 471 292 487 292 504 296 521 308 533L604 854C617 867 629 875 646 875 663 875 679 871 692 858 704 846 713 829 713 812 713 796 708 779 692 767L438 487 692 225C700 217 708 204 708 187 708 171 704 154 692 142 675 129 663 125 646 125Z\"><\/path><\/svg>\t\t\t\t\t<\/div>\n\t\t\t\t\t<div class=\"elementor-swiper-button elementor-swiper-button-next\" role=\"button\" tabindex=\"0\">\n\t\t\t\t\t\t<svg aria-hidden=\"true\" class=\"e-font-icon-svg e-eicon-chevron-right\" viewBox=\"0 0 1000 1000\" xmlns=\"http:\/\/www.w3.org\/2000\/svg\"><path d=\"M696 533C708 521 713 504 713 487 713 471 708 454 696 446L400 146C388 133 375 125 354 125 338 125 325 129 313 142 300 154 292 171 292 187 292 204 296 221 308 233L563 492 304 771C292 783 288 800 288 817 288 833 296 850 308 863 321 871 338 875 354 875 371 875 388 867 400 854L696 533Z\"><\/path><\/svg>\t\t\t\t\t<\/div>\n\t\t\t\t\n\t\t\t\t\t\t\t\t\t<\/div>\n\t\t\t\t\t\t<\/div>\n\t\t\t\t\t<\/div>\n\t\t<\/div>\n\t\t\t\t\t<\/div>\n\t\t<\/section>\n\t\t\t\t<section class=\"elementor-section elementor-top-section elementor-element elementor-element-b281d58 elementor-section-boxed elementor-section-height-default elementor-section-height-default\" data-id=\"b281d58\" data-element_type=\"section\" data-e-type=\"section\">\n\t\t\t\t\t\t<div class=\"elementor-container elementor-column-gap-default\">\n\t\t\t\t\t<div class=\"elementor-column elementor-col-100 elementor-top-column elementor-element elementor-element-a0db34f\" data-id=\"a0db34f\" data-element_type=\"column\" data-e-type=\"column\">\n\t\t\t<div class=\"elementor-widget-wrap elementor-element-populated\">\n\t\t\t\t\t\t<div class=\"elementor-element elementor-element-c009662 ova-accordion-custom elementor-widget elementor-widget-accordion\" data-id=\"c009662\" data-element_type=\"widget\" data-e-type=\"widget\" data-widget_type=\"accordion.default\">\n\t\t\t\t\t\t\t<div class=\"elementor-accordion\">\n\t\t\t\t\t\t\t<div class=\"elementor-accordion-item\">\n\t\t\t\t\t<div id=\"elementor-tab-title-2011\" class=\"elementor-tab-title\" data-tab=\"1\" role=\"button\" aria-controls=\"elementor-tab-content-2011\" aria-expanded=\"false\">\n\t\t\t\t\t\t\t\t\t\t\t\t\t<span class=\"elementor-accordion-icon elementor-accordion-icon-left\" aria-hidden=\"true\">\n\t\t\t\t\t\t\t\t\t\t\t\t\t\t\t<span class=\"elementor-accordion-icon-closed\"><i class=\"icomoon icomoon-plus\"><\/i><\/span>\n\t\t\t\t\t\t\t\t<span class=\"elementor-accordion-icon-opened\"><i class=\"icomoon icomoon-minus\"><\/i><\/span>\n\t\t\t\t\t\t\t\t\t\t\t\t\t\t<\/span>\n\t\t\t\t\t\t\t\t\t\t\t\t<a class=\"elementor-accordion-title\" tabindex=\"0\">Conditions d\u2019utilisation \u2013 Cartes-cadeaux<\/a>\n\t\t\t\t\t<\/div>\n\t\t\t\t\t<div id=\"elementor-tab-content-2011\" class=\"elementor-tab-content elementor-clearfix\" data-tab=\"1\" role=\"region\" aria-labelledby=\"elementor-tab-title-2011\"><ol>\n<li>\n<p class=\"p1\">La carte-cadeau BaliSoulTrips.com (ci-apr\u00e8s d\u00e9nomm\u00e9e \u00ab carte-cadeau \u00bb) est un bon \u00e9lectronique comportant un num\u00e9ro d\u2019identification unique (num\u00e9ro de commande), donnant \u00e0 son titulaire le droit d\u2019utiliser les services de BaliSoulTrips.com \u00e0 hauteur du montant indiqu\u00e9 sur la carte.<\/p>\n<\/li>\n<li>\n<p class=\"p1\">La carte-cadeau ne peut \u00eatre \u00e9chang\u00e9e contre de l\u2019argent. Si le service indiqu\u00e9 sur la carte-cadeau ne peut \u00eatre fourni en raison des conditions m\u00e9t\u00e9orologiques ou d\u2019une annulation par le prestataire (ex\u00e9cutant), le service sera report\u00e9 \u00e0 une autre date. <\/p>\n<\/li>\n<li>\n<p class=\"p1\">La carte-cadeau est valable pendant 90 jours calendaires \u00e0 compter de la date d\u2019achat. \u00c0 l\u2019expiration de cette p\u00e9riode, toute carte-cadeau non utilis\u00e9e devient nulle. Les fonds correspondant aux cartes-cadeaux expir\u00e9es ne sont pas remboursables.  <\/p>\n<\/li>\n<li>\n<p class=\"p1\">La carte-cadeau ne peut \u00eatre utilis\u00e9e qu\u2019une seule fois par son titulaire. Une fois la carte-cadeau utilis\u00e9e et le service fourni par le prestataire (ex\u00e9cutant), elle est consid\u00e9r\u00e9e comme enti\u00e8rement consomm\u00e9e et n\u2019est plus valide. <\/p>\n<\/li>\n<li>\n<p class=\"p1\">Si la carte-cadeau a \u00e9t\u00e9 utilis\u00e9e et que le prestataire est dans l\u2019impossibilit\u00e9 de fournir le service pour une raison ind\u00e9pendante de la volont\u00e9 de BaliSoulTrips.com, le service peut \u00eatre \u00e9chang\u00e9 contre un autre \u2014 soit de valeur \u00e9quivalente, soit de valeur sup\u00e9rieure moyennant le paiement de la diff\u00e9rence par le titulaire (client).<\/p>\n<\/li>\n<li>\n<p class=\"p1\">Si le co\u00fbt du service choisi par le titulaire est inf\u00e9rieur \u00e0 la valeur nominale de la carte-cadeau, la diff\u00e9rence n\u2019est pas rembours\u00e9e.<\/p>\n<\/li>\n<li>\n<p class=\"p1\">Si le Prestataire (Ex\u00e9cutant) augmente le prix du service indiqu\u00e9 dans le Bon Cadeau, BaliSoulTrips.com se r\u00e9serve le droit de demander au B\u00e9n\u00e9ficiaire de r\u00e9gler la diff\u00e9rence, et le Client accepte de prendre ce montant \u00e0 sa charge.<\/p>\n<\/li>\n<\/ol>\n<\/div>\n\t\t\t\t<\/div>\n\t\t\t\t\t\t\t\t<\/div>\n\t\t\t\t\t\t<\/div>\n\t\t\t\t<div class=\"elementor-element elementor-element-332f70a elementor-widget elementor-widget-button\" data-id=\"332f70a\" data-element_type=\"widget\" data-e-type=\"widget\" data-widget_type=\"button.default\">\n\t\t\t\t\t\t\t\t\t\t<a class=\"elementor-button elementor-button-link elementor-size-sm\" href=\"\/\">\n\t\t\t\t\t\t<span class=\"elementor-button-content-wrapper\">\n\t\t\t\t\t\t\t\t\t<span class=\"elementor-button-text\">Retour<\/span>\n\t\t\t\t\t<\/span>\n\t\t\t\t\t<\/a>\n\t\t\t\t\t\t\t\t<\/div>\n\t\t\t\t\t<\/div>\n\t\t<\/div>\n\t\t\t\t\t<\/div>\n\t\t<\/section>\n\t\t\t\t<\/div>\n\t\t","protected":false},"excerpt":{"rendered":"<p>Faites plaisir \u00e0 vos proches Vous cherchez le cadeau parfait pour vos proches ?Nos cartes-cadeaux pour des excursions et des visites passionnantes autour de l\u2019\u00eele de Bali sont le choix id\u00e9al ! Nous proposons un large choix de circuits afin que chacun puisse trouver l\u2019aventure parfaite \u00e0 son go\u00fbt. Personnalisez votre cadeau : ajoutez un [&hellip;]<\/p>\n","protected":false},"author":1,"featured_media":0,"parent":0,"menu_order":0,"comment_status":"closed","ping_status":"closed","template":"elementor_header_footer","meta":{"_acf_changed":false,"footnotes":""},"class_list":["post-12635","page","type-page","status-publish","hentry"],"acf":[],"_links":{"self":[{"href":"https:\/\/balisoultrips.com\/fr\/wp-json\/wp\/v2\/pages\/12635","targetHints":{"allow":["GET"]}}],"collection":[{"href":"https:\/\/balisoultrips.com\/fr\/wp-json\/wp\/v2\/pages"}],"about":[{"href":"https:\/\/balisoultrips.com\/fr\/wp-json\/wp\/v2\/types\/page"}],"author":[{"embeddable":true,"href":"https:\/\/balisoultrips.com\/fr\/wp-json\/wp\/v2\/users\/1"}],"replies":[{"embeddable":true,"href":"https:\/\/balisoultrips.com\/fr\/wp-json\/wp\/v2\/comments?post=12635"}],"version-history":[{"count":5,"href":"https:\/\/balisoultrips.com\/fr\/wp-json\/wp\/v2\/pages\/12635\/revisions"}],"predecessor-version":[{"id":17181,"href":"https:\/\/balisoultrips.com\/fr\/wp-json\/wp\/v2\/pages\/12635\/revisions\/17181"}],"wp:attachment":[{"href":"https:\/\/balisoultrips.com\/fr\/wp-json\/wp\/v2\/media?parent=12635"}],"curies":[{"name":"wp","href":"https:\/\/api.w.org\/{rel}","templated":true}]}}