{"id":20481,"date":"2025-10-26T13:28:32","date_gmt":"2025-10-26T05:28:32","guid":{"rendered":"https:\/\/balisoultrips.com\/product\/tour-gili-air-2-dias-desde-bali\/"},"modified":"2026-05-09T11:49:28","modified_gmt":"2026-05-09T03:49:28","slug":"tour-gili-air-2-dias-desde-bali","status":"publish","type":"product","link":"https:\/\/balisoultrips.com\/es\/producto\/tour-gili-air-2-dias-desde-bali\/","title":{"rendered":"Tour de 2 d\u00edas a Gili Air desde Bali \u2014 playas, snorkel y tortugas"},"content":{"rendered":"<h6 class=\"p1\"><strong>Idiomas<\/strong>: ingl\u00e9s, indonesio<\/h6>\n<h2>Descripci\u00f3n general<\/h2>\n<p class=\"p1\">Gili Air no es solo una isla de playas de arena blanca y vistas id\u00edlicas, sino tambi\u00e9n un aut\u00e9ntico acuario al aire libre. Sus aguas albergan numerosas criaturas asombrosas: grandes tortugas que nadan casi al alcance de la mano y una gran variedad de peces de colores que ofrecen una experiencia submarina vibrante.<\/p>\n<p class=\"p1\">Hacer snorkel en Gili Air ofrece no solo la posibilidad de ver estatuas submarinas y corales vibrantes, sino tambi\u00e9n de comprender m\u00e1s a fondo el mundo que se extiende bajo tus pies. Es un reino de belleza silenciosa y descubrimientos sorprendentes que espera a todos los que se animen a sumergirse en sus aguas.<\/p>\n<h3 class=\"p1\">Ofrecemos varias opciones de hotel:<\/h3>\n<ul>\n<li><strong>Royal Regantris Villa Karang 3*<\/strong> (<a href=\"https:\/\/maps.app.goo.gl\/SByEE5RPNyXEqmRt5\" target=\"_blank\" rel=\"noopener\">Google Maps<\/a>)<\/li>\n<li class=\"p1\"><strong>Oceans 5 Gili Air 3*<\/strong> (<a href=\"https:\/\/maps.app.goo.gl\/QcR8chDiMjsRqCa2A\" target=\"_blank\" rel=\"noopener\">Google Maps<\/a>)<\/li>\n<\/ul>\n<h3>Informaci\u00f3n importante<\/h3>\n<ul>\n<li>La reserva se realiza con pago total por adelantado.<\/li>\n<li class=\"p1\">Durante la temporada alta tur\u00edstica, del 16 de junio al 15 de octubre y del 16 de diciembre al 15 de enero, se aplica un recargo de 600 000 IDR (~37 USD).<\/li>\n<li class=\"p1\">Los ni\u00f1os menores de 2 a\u00f1os no necesitan billete.<\/li>\n<li class=\"p1\">En el muelle, antes de salir hacia Gili y en el regreso antes de embarcar en el barco de vuelta a Bali, se cobra una tasa gubernamental: 10 000 IDR por persona antes de la salida hacia las islas Gili, y 20 000 IDR por persona en el regreso (un total de 30 000 IDR por persona para ambos trayectos). Los impuestos no est\u00e1n incluidos en el precio del billete y se pagan por separado<\/li>\n<li class=\"p1\">El traslado de regreso puede ser m\u00e1s complicado de organizar y durar aproximadamente 4 o 5 horas. La duraci\u00f3n depende del tr\u00e1fico, los retrasos del barco y la lejan\u00eda de tu hotel, as\u00ed que te pedimos paciencia.<\/li>\n<li class=\"p1\">La compa\u00f1\u00eda Ostina no garantiza el traslado de regreso directamente a tu hotel, sino solo hasta un punto c\u00e9ntrico de la zona.<\/li>\n<li class=\"p1\">Debido a las condiciones meteorol\u00f3gicas adversas en el estrecho de Lombok y por motivos de seguridad, la compa\u00f1\u00eda de barcos puede trasladarte a un ferry para realizar la traves\u00eda desde las islas Gili hasta Bali, o viceversa (caso de fuerza mayor).<\/li>\n<li class=\"p1\">No recomendamos planificar viajes a otras islas si te quedan menos de dos d\u00edas antes de tu vuelo desde Bali.<\/li>\n<li class=\"p1\">La compa\u00f1\u00eda de barcos se reserva el derecho de trasladarte al barco de otra compa\u00f1\u00eda si se ha vendido menos del 50 % de todas las plazas.<\/li>\n<li>Actuamos como servicio de reserva e intermediario entre el cliente y el proveedor que presta los servicios en Indonesia.<\/li>\n<li>Garantizamos precios y condiciones p\u00fablicos y transparentes, sin cargos ocultos.<\/li>\n<li>Seleccionamos cuidadosamente a los mejores proveedores y trabajamos de forma continua en la mejora de nuestro servicio.<\/li>\n<\/ul>\n","protected":false},"excerpt":{"rendered":"<p>Idiomas: ingl\u00e9s, indonesio Descripci\u00f3n general Gili Air no es solo una isla de playas de arena blanca y vistas id\u00edlicas, sino tambi\u00e9n un aut\u00e9ntico acuario al aire libre. Sus aguas albergan numerosas criaturas asombrosas: grandes tortugas que nadan casi al alcance de la mano y una gran variedad de peces de colores que ofrecen una [&hellip;]<\/p>\n","protected":false},"featured_media":20475,"comment_status":"open","ping_status":"closed","template":"","meta":{"_acf_changed":false},"product_brand":[],"product_cat":[526,557],"product_tag":[],"class_list":{"0":"post-20481","1":"product","2":"type-product","3":"status-publish","4":"has-post-thumbnail","6":"brw_tour_types-tour-privado","7":"product_cat-islas","8":"product_cat-snorkel","10":"first","11":"instock","12":"shipping-taxable","13":"purchasable","14":"product-type-ovabrw_car_rental"},"acf":[],"_links":{"self":[{"href":"https:\/\/balisoultrips.com\/es\/wp-json\/wp\/v2\/product\/20481","targetHints":{"allow":["GET"]}}],"collection":[{"href":"https:\/\/balisoultrips.com\/es\/wp-json\/wp\/v2\/product"}],"about":[{"href":"https:\/\/balisoultrips.com\/es\/wp-json\/wp\/v2\/types\/product"}],"replies":[{"embeddable":true,"href":"https:\/\/balisoultrips.com\/es\/wp-json\/wp\/v2\/comments?post=20481"}],"wp:featuredmedia":[{"embeddable":true,"href":"https:\/\/balisoultrips.com\/es\/wp-json\/wp\/v2\/media\/20475"}],"wp:attachment":[{"href":"https:\/\/balisoultrips.com\/es\/wp-json\/wp\/v2\/media?parent=20481"}],"wp:term":[{"taxonomy":"product_brand","embeddable":true,"href":"https:\/\/balisoultrips.com\/es\/wp-json\/wp\/v2\/product_brand?post=20481"},{"taxonomy":"product_cat","embeddable":true,"href":"https:\/\/balisoultrips.com\/es\/wp-json\/wp\/v2\/product_cat?post=20481"},{"taxonomy":"product_tag","embeddable":true,"href":"https:\/\/balisoultrips.com\/es\/wp-json\/wp\/v2\/product_tag?post=20481"}],"curies":[{"name":"wp","href":"https:\/\/api.w.org\/{rel}","templated":true}]}}