{"id":20424,"date":"2025-10-25T17:31:38","date_gmt":"2025-10-25T09:31:38","guid":{"rendered":"https:\/\/balisoultrips.com\/product\/alquiler-coche-con-chofer-nusa-penida\/"},"modified":"2026-05-08T16:01:17","modified_gmt":"2026-05-08T08:01:17","slug":"alquiler-coche-con-chofer-nusa-penida","status":"publish","type":"product","link":"https:\/\/balisoultrips.com\/es\/producto\/alquiler-coche-con-chofer-nusa-penida\/","title":{"rendered":"Alquiler de coche privado con chofer en Nusa Penida"},"content":{"rendered":"<h6 class=\"p1\"><strong>Idiomas<\/strong>: ingl\u00e9s, indonesio<\/h6>\n<h2>Descripci\u00f3n general<\/h2>\n<p class=\"p1\">\u00bfTe gustar\u00eda explorar Nusa Penida sin l\u00edmites de tiempo ni una ruta fija? Alquilar un coche con chofer es la forma perfecta de viajar a tu propio ritmo, disfrutando de comodidad y total libertad de movimiento. Los choferes locales indonesios, que conocen bien la isla, te ayudar\u00e1n a elegir la mejor ruta para que tu viaje sea lo m\u00e1s c\u00f3modo y satisfactorio posible.<\/p>\n<p class=\"p1\">Planifica tu viaje a tu manera: detente donde quieras y qu\u00e9date todo el tiempo que desees. Disfruta de la naturaleza \u00fanica de Nusa Penida sin prisas y explora la isla a tu propio ritmo.<\/p>\n<h3 class=\"p1\">Ofrecemos 2 opciones:<\/h3>\n<h5>6 horas<\/h5>\n<ul>\n<li class=\"p1\">Con el tiempo m\u00ednimo de alquiler (6 horas), solo podr\u00e1s explorar la parte oeste o la parte este de la isla. Si dispones de m\u00e1s tiempo, te recomendamos dividir tu visita a Nusa Penida en dos d\u00edas.<\/li>\n<li class=\"p1\">El coste de cada hora adicional es de 75 000 IDR.<\/li>\n<li class=\"p1\">Si tu ruta incluye tanto la parte oeste como la parte este de la isla, se aplica un recargo de 200 000 IDR.<\/li>\n<li class=\"p1\">Si tu punto de partida est\u00e1 en el oeste y tu ruta se dirige al este (o viceversa), se aplica un recargo de 200 000 IDR.<\/li>\n<li class=\"p1\">Los pagos adicionales se abonan directamente al chofer en efectivo (rupias indonesias).<\/li>\n<li class=\"p1\">Ten en cuenta que los caminos que llevan a las playas y atracciones naturales de Nusa Penida no cuentan con iluminaci\u00f3n. Recomendamos terminar las visitas y regresar al hotel justo despu\u00e9s de la puesta de sol.<\/li>\n<\/ul>\n<h5>10 horas<\/h5>\n<ul>\n<li class=\"p1\">El coste de cada hora adicional es de 75 000 IDR.<\/li>\n<li class=\"p1\">Los pagos adicionales se abonan directamente al chofer en efectivo (rupias indonesias).<\/li>\n<li class=\"p1\">Please note: there is no lighting on the paths leading to the beaches and natural attractions on Nusa Penida. We recommend finishing your visits and returning to the hotel right after sunset.<\/li>\n<\/ul>\n<h3>Informaci\u00f3n importante<\/h3>\n<ul>\n<li>La reserva se realiza con pago total por adelantado.<\/li>\n<li class=\"p1\">Capacidad del veh\u00edculo: hasta 4 personas con equipaje.<\/li>\n<li class=\"p1\">Si viajas con un ni\u00f1o que no ocupa un asiento por separado, no es necesario incluirlo en el formulario de reserva.<\/li>\n<li class=\"p1\">Si necesitas un modelo de coche espec\u00edfico, consulta la disponibilidad con tu gestor.<\/li>\n<li class=\"p1\">Los choferes en Indonesia no siempre hablan ingl\u00e9s, por lo que es posible que tengas que tomar la iniciativa utilizando un traductor o coordinando la ruta de antemano a trav\u00e9s de tu gestor.<\/li>\n<li class=\"p1\">Cargo por hora adicional: 75 000 IDR.<\/li>\n<li class=\"p1\">Se aplica un recargo de 200 000 IDR si cambias la ruta del oeste al este o viceversa (en alquileres de 6 horas).<\/li>\n<li class=\"p1\">Todos los pagos adicionales se abonan directamente al chofer en efectivo (rupias indonesias).<\/li>\n<li class=\"p1\">Se recomienda retirar efectivo con antelaci\u00f3n para los gastos durante el viaje, ya que los cajeros autom\u00e1ticos en Nusa Penida no siempre est\u00e1n disponibles.<\/li>\n<li>Actuamos como servicio de reserva e intermediario entre el cliente y el proveedor que presta los servicios en Indonesia.<\/li>\n<li>Garantizamos precios y condiciones p\u00fablicos y transparentes, sin cargos ocultos.<\/li>\n<li>Seleccionamos cuidadosamente a los mejores proveedores y trabajamos de forma continua en la mejora de nuestro servicio.<\/li>\n<\/ul>\n","protected":false},"excerpt":{"rendered":"<p>Idiomas: ingl\u00e9s, indonesio Descripci\u00f3n general \u00bfTe gustar\u00eda explorar Nusa Penida sin l\u00edmites de tiempo ni una ruta fija? Alquilar un coche con chofer es la forma perfecta de viajar a tu propio ritmo, disfrutando de comodidad y total libertad de movimiento. Los choferes locales indonesios, que conocen bien la isla, te ayudar\u00e1n a elegir la [&hellip;]<\/p>\n","protected":false},"featured_media":20421,"comment_status":"open","ping_status":"closed","template":"","meta":{"_acf_changed":false},"product_brand":[],"product_cat":[526,573],"product_tag":[],"class_list":{"0":"post-20424","1":"product","2":"type-product","3":"status-publish","4":"has-post-thumbnail","6":"brw_tour_types-tour-privado","7":"product_cat-islas","8":"product_cat-transporte-con-conductor","10":"first","11":"instock","12":"shipping-taxable","13":"purchasable","14":"product-type-ovabrw_car_rental"},"acf":[],"_links":{"self":[{"href":"https:\/\/balisoultrips.com\/es\/wp-json\/wp\/v2\/product\/20424","targetHints":{"allow":["GET"]}}],"collection":[{"href":"https:\/\/balisoultrips.com\/es\/wp-json\/wp\/v2\/product"}],"about":[{"href":"https:\/\/balisoultrips.com\/es\/wp-json\/wp\/v2\/types\/product"}],"replies":[{"embeddable":true,"href":"https:\/\/balisoultrips.com\/es\/wp-json\/wp\/v2\/comments?post=20424"}],"wp:featuredmedia":[{"embeddable":true,"href":"https:\/\/balisoultrips.com\/es\/wp-json\/wp\/v2\/media\/20421"}],"wp:attachment":[{"href":"https:\/\/balisoultrips.com\/es\/wp-json\/wp\/v2\/media?parent=20424"}],"wp:term":[{"taxonomy":"product_brand","embeddable":true,"href":"https:\/\/balisoultrips.com\/es\/wp-json\/wp\/v2\/product_brand?post=20424"},{"taxonomy":"product_cat","embeddable":true,"href":"https:\/\/balisoultrips.com\/es\/wp-json\/wp\/v2\/product_cat?post=20424"},{"taxonomy":"product_tag","embeddable":true,"href":"https:\/\/balisoultrips.com\/es\/wp-json\/wp\/v2\/product_tag?post=20424"}],"curies":[{"name":"wp","href":"https:\/\/api.w.org\/{rel}","templated":true}]}}