{"id":20212,"date":"2025-10-03T12:04:31","date_gmt":"2025-10-03T04:04:31","guid":{"rendered":"https:\/\/balisoultrips.com\/product\/tickets-to-the-gili-islands-ostina-fastboat\/"},"modified":"2025-10-03T12:04:31","modified_gmt":"2025-10-03T04:04:31","slug":"tickets-to-the-gili-islands-ostina-fastboat","status":"publish","type":"product","link":"https:\/\/balisoultrips.com\/es\/producto\/tickets-to-the-gili-islands-ostina-fastboat\/","title":{"rendered":"Billetes a las islas Gili \u2013 Ostina Fastboat"},"content":{"rendered":"<h2>Descripci\u00f3n general<\/h2>\n<p class=\"p1\">Emprende un viaje inolvidable a las paradis\u00edacas islas Gili a bordo de nuestras lanchas r\u00e1pidas. Descubre interminables playas de arena blanca, sum\u00e9rgete en aguas cristalinas y disfruta del c\u00e1lido sol tropical <\/p>\n<p><strong>El barco r\u00e1pido sale del puerto de Padang Bai en Bali <a href=\"https:\/\/maps.app.goo.gl\/AJe3hqw78ZYMKsxLA\" target=\"_blank\" rel=\"noopener\">(Google Maps)<\/a>. Duraci\u00f3n del trayecto: 2,5 horas <\/strong><\/p>\n<p class=\"p1\">Ostina Fastboat ofrece:<\/p>\n<ul>\n<li class=\"p1\">Seguridad y comodidad: nuestras modernas lanchas r\u00e1pidas garantizan traslados r\u00e1pidos y seguros entre las islas<\/li>\n<li class=\"p1\">Servicio profesional: capitanes con experiencia y personal atento garantizan un viaje c\u00f3modo<\/li>\n<li class=\"p1\">Flexibilidad: un horario pr\u00e1ctico con horas y lugares de salida que se adaptan a ti<\/li>\n<\/ul>\n<h3 class=\"p1\">Horario del barco:<\/h3>\n<ul>\n<li>Desde Bali (puerto de Padang Bai) a Gili Trawangan, Gili Air, Lombok (puerto de Bangsal): 09:00, 12:30<\/li>\n<\/ul>\n<h3 class=\"p1\">Viajes de regreso:<\/h3>\n<ul>\n<li class=\"p1\">Desde Lombok (puerto de Bangsal) a Bali (puerto de Padang Bai): 13:00<\/li>\n<li class=\"p1\">Desde Gili Air a Bali (puerto de Padang Bai) : 12:30<\/li>\n<li class=\"p1\">Desde Gili Trawangan a Bali (puerto de Padang Bai) : 12:00<\/li>\n<\/ul>\n<h3>Informaci\u00f3n importante<\/h3>\n<ul>\n<li class=\"p1\">La reserva se realiza con pago total por adelantado.<\/li>\n<li class=\"p1\">Ni\u00f1os menores de 5 a\u00f1os \u2014 billete gratuito<\/li>\n<li class=\"p1\">La informaci\u00f3n de los billetes presentada en el sitio web es solo orientativa. La disponibilidad para una fecha y hora concretas debe confirmarse con el manager <\/li>\n<li class=\"p1\">Los impuestos no est\u00e1n incluidos en el precio del billete y se pagan por separado<\/li>\n<li class=\"p1\">Si no haces el registro en la oficina de la compa\u00f1\u00eda antes del viaje desde las islas Gili, el coste de la barca local durante la marea baja, desde la lancha r\u00e1pida hasta la orilla, puede variar<\/li>\n<li class=\"p1\">Debido al mal tiempo en el estrecho de Lombok, por razones de seguridad, la compa\u00f1\u00eda naviera tiene derecho a trasladarte a un ferry para cruzar desde las islas Gili a Bali o desde Bali a las islas Gili<\/li>\n<li class=\"p1\">La compa\u00f1\u00eda naviera se reserva el derecho de trasladarte a una embarcaci\u00f3n de otra compa\u00f1\u00eda si se vende menos del 50% de los asientos disponibles<\/li>\n<li class=\"p1\">El transporte de animales en lanchas r\u00e1pidas hacia las islas Gili \/ Lombok est\u00e1 prohibido por la ley de Indonesia<\/li>\n<li class=\"p1\">Importante: no recomendamos planificar viajes a otras islas si faltan menos de dos d\u00edas para tu salida de Bali<\/li>\n<li>Actuamos como servicio de reserva e intermediario entre el cliente y el proveedor que presta los servicios en Indonesia.<\/li>\n<li>Garantizamos precios y condiciones p\u00fablicos y transparentes, sin cargos ocultos.<\/li>\n<li>Seleccionamos cuidadosamente a los mejores proveedores y trabajamos de forma continua en la mejora de nuestro servicio.<\/li>\n<\/ul>\n","protected":false},"excerpt":{"rendered":"<p>Descripci\u00f3n general Emprende un viaje inolvidable a las paradis\u00edacas islas Gili a bordo de nuestras lanchas r\u00e1pidas. Descubre interminables playas de arena blanca, sum\u00e9rgete en aguas cristalinas y disfruta del c\u00e1lido sol tropical El barco r\u00e1pido sale del puerto de Padang Bai en Bali (Google Maps). Duraci\u00f3n del trayecto: 2,5 horas Ostina Fastboat ofrece: Seguridad [&hellip;]<\/p>\n","protected":false},"featured_media":11166,"comment_status":"open","ping_status":"closed","template":"","meta":{"_acf_changed":false},"product_brand":[],"product_cat":[565,526],"product_tag":[],"class_list":{"0":"post-20212","1":"product","2":"type-product","3":"status-publish","4":"has-post-thumbnail","6":"brw_tour_types-viaje-en-grupo","7":"product_cat-boletos-de-lancha-rapida","8":"product_cat-islas","10":"first","11":"instock","12":"shipping-taxable","13":"purchasable","14":"product-type-ovabrw_car_rental"},"acf":[],"_links":{"self":[{"href":"https:\/\/balisoultrips.com\/es\/wp-json\/wp\/v2\/product\/20212","targetHints":{"allow":["GET"]}}],"collection":[{"href":"https:\/\/balisoultrips.com\/es\/wp-json\/wp\/v2\/product"}],"about":[{"href":"https:\/\/balisoultrips.com\/es\/wp-json\/wp\/v2\/types\/product"}],"replies":[{"embeddable":true,"href":"https:\/\/balisoultrips.com\/es\/wp-json\/wp\/v2\/comments?post=20212"}],"wp:featuredmedia":[{"embeddable":true,"href":"https:\/\/balisoultrips.com\/es\/wp-json\/wp\/v2\/media\/11166"}],"wp:attachment":[{"href":"https:\/\/balisoultrips.com\/es\/wp-json\/wp\/v2\/media?parent=20212"}],"wp:term":[{"taxonomy":"product_brand","embeddable":true,"href":"https:\/\/balisoultrips.com\/es\/wp-json\/wp\/v2\/product_brand?post=20212"},{"taxonomy":"product_cat","embeddable":true,"href":"https:\/\/balisoultrips.com\/es\/wp-json\/wp\/v2\/product_cat?post=20212"},{"taxonomy":"product_tag","embeddable":true,"href":"https:\/\/balisoultrips.com\/es\/wp-json\/wp\/v2\/product_tag?post=20212"}],"curies":[{"name":"wp","href":"https:\/\/api.w.org\/{rel}","templated":true}]}}