{"id":20035,"date":"2026-03-27T13:43:03","date_gmt":"2026-03-27T05:43:03","guid":{"rendered":"https:\/\/balisoultrips.com\/?post_type=product&#038;p=20035"},"modified":"2026-03-27T16:47:22","modified_gmt":"2026-03-27T08:47:22","slug":"tickets-to-the-gili-islands-eka-jaya","status":"publish","type":"product","link":"https:\/\/balisoultrips.com\/es\/producto\/tickets-to-the-gili-islands-eka-jaya\/","title":{"rendered":"Billetes a las islas Gili \u2013 Eka Jaya"},"content":{"rendered":"<h2>Descripci\u00f3n general<\/h2>\n<p class=\"p1\">Eka Jaya Fast Ferry es uno de los operadores de ferris r\u00e1pidos m\u00e1s fiables de Bali y ofrece traslados mar\u00edtimos seguros entre Bali, las islas Gili y Lombok<\/p>\n<p class=\"p1\">Fundada en 1999, la compa\u00f1\u00eda cuenta con muchos a\u00f1os de experiencia en transporte mar\u00edtimo y servicios tur\u00edsticos. Adem\u00e1s de los traslados en ferry, Eka Jaya tambi\u00e9n ayuda a los viajeros con la organizaci\u00f3n del viaje y servicios de alojamiento <\/p>\n<p class=\"p1\">Todas las embarcaciones son ferris de aluminio de 34 metros, equipados con 4 motores nuevos Volvo D16 de 750 HP, lo que garantiza seguridad y un funcionamiento fiable. Est\u00e1n dise\u00f1ados para transportar c\u00f3modamente hasta 210 pasajeros, navegan a velocidades de hasta 35 nudos y cuentan con todo el equipo de seguridad necesario <\/p>\n<p class=\"p1\"><strong>El barco r\u00e1pido sale del puerto de Padang Bai en Bali <a href=\"https:\/\/maps.app.goo.gl\/AJe3hqw78ZYMKsxLA\" target=\"_blank\" rel=\"noopener\">(Google Maps)<\/a>. Duraci\u00f3n del trayecto: 2,5 horas <\/strong><\/p>\n<h3 class=\"p1\">Horario del barco:<\/h3>\n<ul>\n<li>Desde Bali (puerto de Padang Bai) a Gili Trawangan, Gili Air, Lombok (puerto de Bangsal): 09:00<\/li>\n<\/ul>\n<h3 class=\"p1\">Viajes de regreso:<\/h3>\n<ul>\n<li class=\"p1\">Desde Lombok (puerto de Bangsal) a Bali (puerto de Padang Bai) : 08:00<\/li>\n<li class=\"p1\">Desde Gili Air a Bali (puerto de Padang Bai) : 08:15<\/li>\n<li>Desde Gili Meno a Bali (puerto de Padang Bai) : 08:30<\/li>\n<li class=\"p1\">Desde Gili Trawangan a Bali (puerto de Padang Bai) : 09:00, 10:00, 15:00<\/li>\n<\/ul>\n<h3>Informaci\u00f3n importante<\/h3>\n<ul>\n<li class=\"p1\">La reserva se realiza con pago total por adelantado.<\/li>\n<li class=\"p1\">Ni\u00f1os menores de 3 a\u00f1os \u2014 billete gratuito<\/li>\n<li class=\"p1\">La informaci\u00f3n de los billetes presentada en el sitio web es solo orientativa. La disponibilidad para una fecha y hora concretas debe confirmarse con el manager <\/li>\n<li class=\"p1\">Si no haces el registro en la oficina de la compa\u00f1\u00eda antes del viaje desde las islas Gili, el coste de la barca local durante la marea baja, desde la lancha r\u00e1pida hasta la orilla, puede variar<\/li>\n<li class=\"p1\">Debido al mal tiempo en el estrecho de Lombok, por razones de seguridad, la compa\u00f1\u00eda naviera tiene derecho a trasladarte a un ferry para cruzar desde las islas Gili a Bali o desde Bali a las islas Gili<\/li>\n<li class=\"p1\">La compa\u00f1\u00eda naviera se reserva el derecho de trasladarte a una embarcaci\u00f3n de otra compa\u00f1\u00eda si se vende menos del 50% de los asientos disponibles<\/li>\n<li class=\"p1\">El transporte de animales en lanchas r\u00e1pidas hacia las islas Gili \/ Lombok est\u00e1 prohibido por la ley de Indonesia<\/li>\n<li class=\"p1\">Importante: no recomendamos planificar viajes a otras islas si faltan menos de dos d\u00edas para tu salida de Bali<\/li>\n<li>Actuamos como servicio de reserva e intermediario entre el cliente y el proveedor que presta los servicios en Indonesia.<\/li>\n<li>Garantizamos precios y condiciones p\u00fablicos y transparentes, sin cargos ocultos.<\/li>\n<li>Seleccionamos cuidadosamente a los mejores proveedores y trabajamos de forma continua en la mejora de nuestro servicio.<\/li>\n<\/ul>\n","protected":false},"excerpt":{"rendered":"<p>Descripci\u00f3n general Eka Jaya Fast Ferry es uno de los operadores de ferris r\u00e1pidos m\u00e1s fiables de Bali y ofrece traslados mar\u00edtimos seguros entre Bali, las islas Gili y Lombok Fundada en 1999, la compa\u00f1\u00eda cuenta con muchos a\u00f1os de experiencia en transporte mar\u00edtimo y servicios tur\u00edsticos. Adem\u00e1s de los traslados en ferry, Eka Jaya [&hellip;]<\/p>\n","protected":false},"featured_media":20047,"comment_status":"open","ping_status":"closed","template":"","meta":{"_acf_changed":false},"product_brand":[],"product_cat":[565,526],"product_tag":[],"class_list":{"0":"post-20035","1":"product","2":"type-product","3":"status-publish","4":"has-post-thumbnail","6":"product_cat-boletos-de-lancha-rapida","7":"product_cat-islas","9":"first","10":"instock","11":"featured","12":"shipping-taxable","13":"purchasable","14":"product-type-ovabrw_car_rental"},"acf":[],"_links":{"self":[{"href":"https:\/\/balisoultrips.com\/es\/wp-json\/wp\/v2\/product\/20035","targetHints":{"allow":["GET"]}}],"collection":[{"href":"https:\/\/balisoultrips.com\/es\/wp-json\/wp\/v2\/product"}],"about":[{"href":"https:\/\/balisoultrips.com\/es\/wp-json\/wp\/v2\/types\/product"}],"replies":[{"embeddable":true,"href":"https:\/\/balisoultrips.com\/es\/wp-json\/wp\/v2\/comments?post=20035"}],"wp:featuredmedia":[{"embeddable":true,"href":"https:\/\/balisoultrips.com\/es\/wp-json\/wp\/v2\/media\/20047"}],"wp:attachment":[{"href":"https:\/\/balisoultrips.com\/es\/wp-json\/wp\/v2\/media?parent=20035"}],"wp:term":[{"taxonomy":"product_brand","embeddable":true,"href":"https:\/\/balisoultrips.com\/es\/wp-json\/wp\/v2\/product_brand?post=20035"},{"taxonomy":"product_cat","embeddable":true,"href":"https:\/\/balisoultrips.com\/es\/wp-json\/wp\/v2\/product_cat?post=20035"},{"taxonomy":"product_tag","embeddable":true,"href":"https:\/\/balisoultrips.com\/es\/wp-json\/wp\/v2\/product_tag?post=20035"}],"curies":[{"name":"wp","href":"https:\/\/api.w.org\/{rel}","templated":true}]}}