{"id":19233,"date":"2025-10-03T19:05:51","date_gmt":"2025-10-03T11:05:51","guid":{"rendered":"https:\/\/balisoultrips.com\/product\/tubing-in-bali\/"},"modified":"2026-01-20T16:34:36","modified_gmt":"2026-01-20T08:34:36","slug":"tubing-in-bali","status":"publish","type":"product","link":"https:\/\/balisoultrips.com\/es\/producto\/tubing-in-bali\/","title":{"rendered":"Tubing en Bali"},"content":{"rendered":"<h6 class=\"p1\"><strong>Idiomas<\/strong>: ingl\u00e9s, indonesio<\/h6>\n<h2>Descripci\u00f3n general<\/h2>\n<p class=\"p1\">Te deslizas suavemente por un r\u00edo serpenteante a trav\u00e9s de una jungla virgen: los rayos del sol se filtran entre el follaje, el agua roza tu flotador de tubing, y cada curva revela una nueva \u201cescena\u201d \u2014 arcos verdes de lianas, tranquilos pasillos naturales y salpicaduras refrescantes<\/p>\n<p class=\"p1\">El tubing en Bali es mucho m\u00e1s que una actividad al aire libre: es un momento de conexi\u00f3n real con la naturaleza y emociones que se quedan contigo durante mucho tiempo<\/p>\n<h3 class=\"p1\">Programas disponibles y horarios de inicio del tour:<\/h3>\n<p class=\"p1\">(Ten en cuenta que la hora del traslado y la hora de inicio del programa son diferentes)<\/p>\n<ul>\n<li class=\"p1\">\n<p class=\"p1\"><b>Tubing on the Tegalalang River<\/b><span class=\"s1\"> \u2013 45 minutes \/ 1.5 km<br \/>\n<\/span>Opciones de hora de inicio del tour: 09:00, 16:30<br \/>\nEl punto de inicio est\u00e1 <a href=\"https:\/\/maps.app.goo.gl\/BGPLbhKdALvdgFjx5\" target=\"_blank\" rel=\"noopener\">aqu\u00ed<\/a><\/p>\n<\/li>\n<li>\n<p class=\"p1\"><b>Tubing on the Sukawati River<\/b><span class=\"s1\"> \u2013 60 minutes \/ 4 km<br \/>\n<\/span>Opciones de hora de inicio del tour: 09:00, 16:00<br \/>\nEl punto de inicio est\u00e1 <a href=\"https:\/\/maps.app.goo.gl\/tMrBXeQuTKutddEM6\" target=\"_blank\" rel=\"noopener\">aqu\u00ed<\/a><\/p>\n<\/li>\n<li>\n<p class=\"p1\"><b>Tubing on the Tampaksiring River<\/b><span class=\"s1\"> \u2013 1.5 hours \/ 4.5 km<br \/>\n<\/span>Opciones de hora de inicio del tour: 09:00, 11:00, 13:00, 15:00<br \/>\nEl punto de inicio est\u00e1 <a href=\"https:\/\/maps.app.goo.gl\/3QLrYiZjmgNPeZc88\" target=\"_blank\" rel=\"noopener\">aqu\u00ed<\/a><\/p>\n<\/li>\n<\/ul>\n<h3>Informaci\u00f3n importante<\/h3>\n<ul>\n<li>Se requiere un dep\u00f3sito del 20% al reservar, y el resto se paga en efectivo en el lugar<\/li>\n<li>Si lo prefieres, puedes pagar el importe total por adelantado utilizando cualquiera de los m\u00e9todos de pago en l\u00ednea disponibles.<\/li>\n<li class=\"p1\">Edad m\u00ednima del participante: 5 a\u00f1os (seguro no incluido)<\/li>\n<li>Actuamos como servicio de reserva e intermediario entre el cliente y el proveedor que presta los servicios en Indonesia.<\/li>\n<li>Garantizamos precios y condiciones p\u00fablicos y transparentes, sin cargos ocultos.<\/li>\n<li>Seleccionamos cuidadosamente a los mejores proveedores y trabajamos de forma continua en la mejora de nuestro servicio.<\/li>\n<\/ul>\n","protected":false},"excerpt":{"rendered":"<p>Idiomas: ingl\u00e9s, indonesio Descripci\u00f3n general Te deslizas suavemente por un r\u00edo serpenteante a trav\u00e9s de una jungla virgen: los rayos del sol se filtran entre el follaje, el agua roza tu flotador de tubing, y cada curva revela una nueva \u201cescena\u201d \u2014 arcos verdes de lianas, tranquilos pasillos naturales y salpicaduras refrescantes El tubing en [&hellip;]<\/p>\n","protected":false},"featured_media":19229,"comment_status":"open","ping_status":"closed","template":"","meta":{"_acf_changed":false},"product_brand":[],"product_cat":[144,518],"product_tag":[],"class_list":{"0":"post-19233","1":"product","2":"type-product","3":"status-publish","4":"has-post-thumbnail","6":"brw_tour_types-viaje-en-grupo","7":"brw_parent_child-parent","8":"product_cat-adventures","9":"product_cat-familiar","11":"first","12":"instock","13":"shipping-taxable","14":"purchasable","15":"product-type-ovabrw_car_rental"},"acf":[],"_links":{"self":[{"href":"https:\/\/balisoultrips.com\/es\/wp-json\/wp\/v2\/product\/19233","targetHints":{"allow":["GET"]}}],"collection":[{"href":"https:\/\/balisoultrips.com\/es\/wp-json\/wp\/v2\/product"}],"about":[{"href":"https:\/\/balisoultrips.com\/es\/wp-json\/wp\/v2\/types\/product"}],"replies":[{"embeddable":true,"href":"https:\/\/balisoultrips.com\/es\/wp-json\/wp\/v2\/comments?post=19233"}],"wp:featuredmedia":[{"embeddable":true,"href":"https:\/\/balisoultrips.com\/es\/wp-json\/wp\/v2\/media\/19229"}],"wp:attachment":[{"href":"https:\/\/balisoultrips.com\/es\/wp-json\/wp\/v2\/media?parent=19233"}],"wp:term":[{"taxonomy":"product_brand","embeddable":true,"href":"https:\/\/balisoultrips.com\/es\/wp-json\/wp\/v2\/product_brand?post=19233"},{"taxonomy":"product_cat","embeddable":true,"href":"https:\/\/balisoultrips.com\/es\/wp-json\/wp\/v2\/product_cat?post=19233"},{"taxonomy":"product_tag","embeddable":true,"href":"https:\/\/balisoultrips.com\/es\/wp-json\/wp\/v2\/product_tag?post=19233"}],"curies":[{"name":"wp","href":"https:\/\/api.w.org\/{rel}","templated":true}]}}