{"id":19125,"date":"2025-09-29T16:41:08","date_gmt":"2025-09-29T08:41:08","guid":{"rendered":"https:\/\/balisoultrips.com\/product\/waterfall-tours-in-bali-discover-the-islands-hidden-gems\/"},"modified":"2026-01-19T17:11:41","modified_gmt":"2026-01-19T09:11:41","slug":"waterfall-tours-in-bali-discover-the-islands-hidden-gems","status":"publish","type":"product","link":"https:\/\/balisoultrips.com\/es\/producto\/waterfall-tours-in-bali-discover-the-islands-hidden-gems\/","title":{"rendered":"Tours de cascadas en Bali \u2013 descubre las joyas ocultas de la isla"},"content":{"rendered":"<p class=\"p1\">Sum\u00e9rgete en la belleza de las cascadas de Bali con nuestros tours. Visita las cascadas m\u00e1s pintorescas y apartadas acompa\u00f1ado por gu\u00edas profesionales<\/p>\n","protected":false},"excerpt":{"rendered":"[products ids=\"10029,10023,10017\" columns=\"3\"]\n","protected":false},"featured_media":19124,"comment_status":"open","ping_status":"closed","template":"","meta":{"_acf_changed":false},"product_brand":[],"product_cat":[589],"product_tag":[],"class_list":{"0":"post-19125","1":"product","2":"type-product","3":"status-publish","4":"has-post-thumbnail","6":"brw_tour_types-tour-privado","7":"brw_parent_child-parent","8":"product_cat-cultura","10":"first","11":"instock","12":"shipping-taxable","13":"purchasable","14":"product-type-ovabrw_car_rental"},"acf":[],"_links":{"self":[{"href":"https:\/\/balisoultrips.com\/es\/wp-json\/wp\/v2\/product\/19125","targetHints":{"allow":["GET"]}}],"collection":[{"href":"https:\/\/balisoultrips.com\/es\/wp-json\/wp\/v2\/product"}],"about":[{"href":"https:\/\/balisoultrips.com\/es\/wp-json\/wp\/v2\/types\/product"}],"replies":[{"embeddable":true,"href":"https:\/\/balisoultrips.com\/es\/wp-json\/wp\/v2\/comments?post=19125"}],"wp:featuredmedia":[{"embeddable":true,"href":"https:\/\/balisoultrips.com\/es\/wp-json\/wp\/v2\/media\/19124"}],"wp:attachment":[{"href":"https:\/\/balisoultrips.com\/es\/wp-json\/wp\/v2\/media?parent=19125"}],"wp:term":[{"taxonomy":"product_brand","embeddable":true,"href":"https:\/\/balisoultrips.com\/es\/wp-json\/wp\/v2\/product_brand?post=19125"},{"taxonomy":"product_cat","embeddable":true,"href":"https:\/\/balisoultrips.com\/es\/wp-json\/wp\/v2\/product_cat?post=19125"},{"taxonomy":"product_tag","embeddable":true,"href":"https:\/\/balisoultrips.com\/es\/wp-json\/wp\/v2\/product_tag?post=19125"}],"curies":[{"name":"wp","href":"https:\/\/api.w.org\/{rel}","templated":true}]}}