{"id":19106,"date":"2025-09-29T16:24:52","date_gmt":"2025-09-29T08:24:52","guid":{"rendered":"https:\/\/balisoultrips.com\/product\/guided-cultural-excursions-in-bali\/"},"modified":"2026-01-19T16:28:25","modified_gmt":"2026-01-19T08:28:25","slug":"guided-cultural-excursions-in-bali","status":"publish","type":"product","link":"https:\/\/balisoultrips.com\/es\/producto\/guided-cultural-excursions-in-bali\/","title":{"rendered":"Excursiones culturales guiadas en Bali"},"content":{"rendered":"<p class=\"p1\">Descubre la cultura y la naturaleza de Bali en nuestros tours tur\u00edsticos. Visita templos, terrazas de arroz y pueblos tradicionales acompa\u00f1ado por gu\u00edas con experiencia<\/p>\n","protected":false},"excerpt":{"rendered":"[products ids=\"9926,9960,9966,9980,10008\" columns=\"3\"]\n","protected":false},"featured_media":19105,"comment_status":"open","ping_status":"closed","template":"","meta":{"_acf_changed":false},"product_brand":[],"product_cat":[589],"product_tag":[],"class_list":{"0":"post-19106","1":"product","2":"type-product","3":"status-publish","4":"has-post-thumbnail","6":"brw_tour_types-tour-privado","7":"brw_parent_child-parent","8":"product_cat-cultura","10":"first","11":"instock","12":"shipping-taxable","13":"purchasable","14":"product-type-ovabrw_car_rental"},"acf":[],"_links":{"self":[{"href":"https:\/\/balisoultrips.com\/es\/wp-json\/wp\/v2\/product\/19106","targetHints":{"allow":["GET"]}}],"collection":[{"href":"https:\/\/balisoultrips.com\/es\/wp-json\/wp\/v2\/product"}],"about":[{"href":"https:\/\/balisoultrips.com\/es\/wp-json\/wp\/v2\/types\/product"}],"replies":[{"embeddable":true,"href":"https:\/\/balisoultrips.com\/es\/wp-json\/wp\/v2\/comments?post=19106"}],"wp:featuredmedia":[{"embeddable":true,"href":"https:\/\/balisoultrips.com\/es\/wp-json\/wp\/v2\/media\/19105"}],"wp:attachment":[{"href":"https:\/\/balisoultrips.com\/es\/wp-json\/wp\/v2\/media?parent=19106"}],"wp:term":[{"taxonomy":"product_brand","embeddable":true,"href":"https:\/\/balisoultrips.com\/es\/wp-json\/wp\/v2\/product_brand?post=19106"},{"taxonomy":"product_cat","embeddable":true,"href":"https:\/\/balisoultrips.com\/es\/wp-json\/wp\/v2\/product_cat?post=19106"},{"taxonomy":"product_tag","embeddable":true,"href":"https:\/\/balisoultrips.com\/es\/wp-json\/wp\/v2\/product_tag?post=19106"}],"curies":[{"name":"wp","href":"https:\/\/api.w.org\/{rel}","templated":true}]}}