{"id":19074,"date":"2025-10-08T16:37:55","date_gmt":"2025-10-08T08:37:55","guid":{"rendered":"https:\/\/balisoultrips.com\/product\/cycling-tour\/"},"modified":"2026-01-15T17:58:03","modified_gmt":"2026-01-15T09:58:03","slug":"cycling-tour","status":"publish","type":"product","link":"https:\/\/balisoultrips.com\/es\/producto\/cycling-tour\/","title":{"rendered":"Tour en bicicleta"},"content":{"rendered":"<h6 class=\"p1\"><strong>Idiomas<\/strong>: ingl\u00e9s, indonesio<\/h6>\n<h2>Descripci\u00f3n general<\/h2>\n<p class=\"p1\">Prep\u00e1rate para un viaje inolvidable por algunos de los paisajes monta\u00f1osos m\u00e1s pintorescos de Bali. Este tour guiado en bicicleta te llevar\u00e1 por zonas tranquilas y muy fotog\u00e9nicas de la isla, lejos de las rutas tur\u00edsticas habituales<\/p>\n<p class=\"p1\">Nuestros gu\u00edas de habla inglesa, verdaderos expertos en la isla, compartir\u00e1n historias fascinantes sobre la historia, la cultura y la vida local de la regi\u00f3n<\/p>\n<p class=\"p1\">Recorrer\u00e1s plantaciones de frutas, donde podr\u00e1s detenerte y probar frutas ex\u00f3ticas reci\u00e9n cortadas de los \u00e1rboles. Luego, la ruta contin\u00faa hacia el bosque de bamb\u00fa de Taro, ofreciendo una experiencia natural \u00fanica. Por \u00faltimo, tu aventura en bicicleta termina en el restaurante Koko Bambu, donde te espera un delicioso almuerzo<\/p>\n<h3>Informaci\u00f3n importante<\/h3>\n<ul>\n<li>Se requiere un dep\u00f3sito del 20% al reservar, y el resto se paga en efectivo en el lugar<\/li>\n<li>Si lo prefieres, puedes pagar el importe total por adelantado utilizando cualquiera de los m\u00e9todos de pago en l\u00ednea disponibles.<\/li>\n<li>Apto para personas con una condici\u00f3n f\u00edsica media.<\/li>\n<li class=\"p1\">Longitud de la ruta: aproximadamente 20 km<\/li>\n<li>Actuamos como servicio de reserva e intermediario entre el cliente y el proveedor que presta los servicios en Indonesia.<\/li>\n<li>Garantizamos precios y condiciones p\u00fablicos y transparentes, sin cargos ocultos.<\/li>\n<li>Seleccionamos cuidadosamente a los mejores proveedores y trabajamos de forma continua en la mejora de nuestro servicio.<\/li>\n<\/ul>\n","protected":false},"excerpt":{"rendered":"<p>Idiomas: ingl\u00e9s, indonesio Descripci\u00f3n general Prep\u00e1rate para un viaje inolvidable por algunos de los paisajes monta\u00f1osos m\u00e1s pintorescos de Bali. Este tour guiado en bicicleta te llevar\u00e1 por zonas tranquilas y muy fotog\u00e9nicas de la isla, lejos de las rutas tur\u00edsticas habituales Nuestros gu\u00edas de habla inglesa, verdaderos expertos en la isla, compartir\u00e1n historias fascinantes [&hellip;]<\/p>\n","protected":false},"featured_media":19071,"comment_status":"open","ping_status":"closed","template":"","meta":{"_acf_changed":false},"product_brand":[],"product_cat":[144,518],"product_tag":[],"class_list":{"0":"post-19074","1":"product","2":"type-product","3":"status-publish","4":"has-post-thumbnail","6":"brw_tour_types-viaje-en-grupo","7":"brw_parent_child-parent","8":"product_cat-adventures","9":"product_cat-familiar","11":"first","12":"instock","13":"shipping-taxable","14":"purchasable","15":"product-type-ovabrw_car_rental"},"acf":[],"_links":{"self":[{"href":"https:\/\/balisoultrips.com\/es\/wp-json\/wp\/v2\/product\/19074","targetHints":{"allow":["GET"]}}],"collection":[{"href":"https:\/\/balisoultrips.com\/es\/wp-json\/wp\/v2\/product"}],"about":[{"href":"https:\/\/balisoultrips.com\/es\/wp-json\/wp\/v2\/types\/product"}],"replies":[{"embeddable":true,"href":"https:\/\/balisoultrips.com\/es\/wp-json\/wp\/v2\/comments?post=19074"}],"wp:featuredmedia":[{"embeddable":true,"href":"https:\/\/balisoultrips.com\/es\/wp-json\/wp\/v2\/media\/19071"}],"wp:attachment":[{"href":"https:\/\/balisoultrips.com\/es\/wp-json\/wp\/v2\/media?parent=19074"}],"wp:term":[{"taxonomy":"product_brand","embeddable":true,"href":"https:\/\/balisoultrips.com\/es\/wp-json\/wp\/v2\/product_brand?post=19074"},{"taxonomy":"product_cat","embeddable":true,"href":"https:\/\/balisoultrips.com\/es\/wp-json\/wp\/v2\/product_cat?post=19074"},{"taxonomy":"product_tag","embeddable":true,"href":"https:\/\/balisoultrips.com\/es\/wp-json\/wp\/v2\/product_tag?post=19074"}],"curies":[{"name":"wp","href":"https:\/\/api.w.org\/{rel}","templated":true}]}}