{"id":19013,"date":"2025-10-09T03:33:23","date_gmt":"2025-10-08T19:33:23","guid":{"rendered":"https:\/\/balisoultrips.com\/product\/diving-with-mantas-manta-point\/"},"modified":"2026-01-15T15:29:04","modified_gmt":"2026-01-15T07:29:04","slug":"diving-with-mantas-manta-point","status":"publish","type":"product","link":"https:\/\/balisoultrips.com\/es\/producto\/diving-with-mantas-manta-point\/","title":{"rendered":"Buceo con mantas"},"content":{"rendered":"<h6 class=\"p1\"><strong>Idiomas<\/strong>: ingl\u00e9s, ruso, indonesio<\/h6>\n<h2>Descripci\u00f3n general<\/h2>\n<p class=\"p1\">Manta Point es uno de los sitios de buceo m\u00e1s populares de Bali<\/p>\n<p class=\"p1\">El lugar es famoso por su impresionante paisaje submarino, con numerosas formaciones rocosas y fondos arenosos. Las mantas vienen aqu\u00ed para limpiarse y alimentarse, ya que la zona es rica en plancton concentrado en las capas superficiales del agua cerca de los altos acantilados de la isla de Nusa Penida<\/p>\n<p class=\"p1\">Otro punto destacado de este viaje es Crystal Bay, un sitio de buceo llamado as\u00ed por la claridad excepcional de su agua. Entre los arrecifes de coral se pueden ver peces payaso, nudibranquios, morenas, peces escorpi\u00f3n, barracudas y tortugas marinas. Sin embargo, la atracci\u00f3n principal de Crystal Bay es el mola-mola (pez luna), registrado en el Libro Guinness de los R\u00e9cords por su impresionante tama\u00f1o<\/p>\n<h3>Informaci\u00f3n importante<\/h3>\n<ul>\n<li class=\"p1\">La reserva se realiza con pago completo por adelantado.<\/li>\n<li class=\"p1\">Si el d\u00eda de tu salida de snorkel hay oleaje fuerte en Manta Point, el operador se reserva el derecho de cambiar uno de los puntos por una ubicaci\u00f3n alternativa por motivos de seguridad<\/li>\n<li class=\"p1\">La empresa no se hace responsable de la presencia de mantarrayas durante el snorkel o el buceo. Son animales salvajes y su aparici\u00f3n no puede garantizarse ni predecirse con precisi\u00f3n. Sin embargo, Manta Point es el lugar donde aparecen con mayor frecuencia, por lo que las probabilidades de verlas son muy altas<\/li>\n<li>Para ni\u00f1os a partir de 10 a\u00f1os<\/li>\n<li>Los vuelos y los viajes a zonas de gran altitud est\u00e1n prohibidos durante al menos 12 horas despu\u00e9s del buceo<\/li>\n<li>Si es necesario, se recomienda tomar medicaci\u00f3n contra el mareo<\/li>\n<li>El buceo est\u00e1 disponible para cualquier persona sin condiciones m\u00e9dicas graves<\/li>\n<li>Actuamos como servicio de reserva e intermediario entre el cliente y el proveedor que presta los servicios en Indonesia.<\/li>\n<li>Garantizamos precios y condiciones p\u00fablicos y transparentes, sin cargos ocultos.<\/li>\n<li>Seleccionamos cuidadosamente a los mejores proveedores y trabajamos de forma continua en la mejora de nuestro servicio.<\/li>\n<\/ul>\n","protected":false},"excerpt":{"rendered":"<p>Idiomas: ingl\u00e9s, ruso, indonesio Descripci\u00f3n general Manta Point es uno de los sitios de buceo m\u00e1s populares de Bali El lugar es famoso por su impresionante paisaje submarino, con numerosas formaciones rocosas y fondos arenosos. Las mantas vienen aqu\u00ed para limpiarse y alimentarse, ya que la zona es rica en plancton concentrado en las capas [&hellip;]<\/p>\n","protected":false},"featured_media":19008,"comment_status":"open","ping_status":"closed","template":"","meta":{"_acf_changed":false},"product_brand":[],"product_cat":[144,502,494,557],"product_tag":[],"class_list":{"0":"post-19013","1":"product","2":"type-product","3":"status-publish","4":"has-post-thumbnail","6":"brw_tour_types-viaje-en-grupo","7":"brw_parent_child-parent","8":"product_cat-adventures","9":"product_cat-buceo","10":"product_cat-balisoultrips-choice","11":"product_cat-snorkel","13":"first","14":"instock","15":"featured","16":"shipping-taxable","17":"purchasable","18":"product-type-ovabrw_car_rental"},"acf":[],"_links":{"self":[{"href":"https:\/\/balisoultrips.com\/es\/wp-json\/wp\/v2\/product\/19013","targetHints":{"allow":["GET"]}}],"collection":[{"href":"https:\/\/balisoultrips.com\/es\/wp-json\/wp\/v2\/product"}],"about":[{"href":"https:\/\/balisoultrips.com\/es\/wp-json\/wp\/v2\/types\/product"}],"replies":[{"embeddable":true,"href":"https:\/\/balisoultrips.com\/es\/wp-json\/wp\/v2\/comments?post=19013"}],"wp:featuredmedia":[{"embeddable":true,"href":"https:\/\/balisoultrips.com\/es\/wp-json\/wp\/v2\/media\/19008"}],"wp:attachment":[{"href":"https:\/\/balisoultrips.com\/es\/wp-json\/wp\/v2\/media?parent=19013"}],"wp:term":[{"taxonomy":"product_brand","embeddable":true,"href":"https:\/\/balisoultrips.com\/es\/wp-json\/wp\/v2\/product_brand?post=19013"},{"taxonomy":"product_cat","embeddable":true,"href":"https:\/\/balisoultrips.com\/es\/wp-json\/wp\/v2\/product_cat?post=19013"},{"taxonomy":"product_tag","embeddable":true,"href":"https:\/\/balisoultrips.com\/es\/wp-json\/wp\/v2\/product_tag?post=19013"}],"curies":[{"name":"wp","href":"https:\/\/api.w.org\/{rel}","templated":true}]}}