{"id":18967,"date":"2025-10-09T19:35:15","date_gmt":"2025-10-09T11:35:15","guid":{"rendered":"https:\/\/balisoultrips.com\/product\/surfing\/"},"modified":"2026-01-05T17:03:16","modified_gmt":"2026-01-05T09:03:16","slug":"surfing","status":"publish","type":"product","link":"https:\/\/balisoultrips.com\/es\/producto\/surfing\/","title":{"rendered":"Surf"},"content":{"rendered":"<h6 class=\"p1\"><strong>Idiomas<\/strong>: ingl\u00e9s, ruso, indonesio<\/h6>\n<h2>Descripci\u00f3n general<\/h2>\n<p class=\"p1\">El surf no es solo un deporte \u2014 es una forma de vida. La sensaci\u00f3n de deslizarte sobre una ola es imposible de describir \u2014 cada persona la vive de manera diferente<\/p>\n<p class=\"p1\">En cualquier caso, es una excelente manera de poner a prueba tus capacidades f\u00edsicas, sentir nuevas emociones, disfrutar de la soledad en medio del inmenso oc\u00e9ano y hacer nuevos amigos en la escuela de surf<\/p>\n<p class=\"p1\">La escuela de surf te invita a sumergirte en la atm\u00f3sfera de un estilo de vida playero activo. Aqu\u00ed trabajan \u00fanicamente instructores profesionales con experiencia. Puedes elegir clases grupales o clases privadas<\/p>\n<p class=\"p1\">Las clases se realizan en diferentes lugares seg\u00fan el pron\u00f3stico y las condiciones del oc\u00e9ano \u2014 principalmente en Jimbaran, Kuta, Nusa Dua y Sanur<\/p>\n<p class=\"p1\">La hora de inicio y el lugar se determinan por varios factores: mareas, altura de las olas y direcci\u00f3n del viento<\/p>\n<h3>Informaci\u00f3n importante<\/h3>\n<ul>\n<li>Se requiere un dep\u00f3sito del 20% al reservar, y el resto se paga en efectivo en el lugar<\/li>\n<li>Si lo prefieres, puedes pagar el importe total por adelantado utilizando cualquiera de los m\u00e9todos de pago en l\u00ednea disponibles.<\/li>\n<li>Apto para personas con una condici\u00f3n f\u00edsica media.<\/li>\n<li class=\"p1\">Duraci\u00f3n de la actividad: desde 2,5 horas<\/li>\n<li class=\"p1\">Hora y lugar de encuentro: dependen de las mareas, las olas y las condiciones del viento<\/li>\n<li class=\"p1\">Requisitos f\u00edsicos: apto para personas con un nivel de condici\u00f3n f\u00edsica medio<\/li>\n<li class=\"p1\">Tama\u00f1o del grupo: 1 instructor por grupo de 3\u20135 participantes<\/li>\n<li>Actuamos como servicio de reserva e intermediario entre el cliente y el proveedor que presta los servicios en Indonesia.<\/li>\n<li>Garantizamos precios y condiciones p\u00fablicos y transparentes, sin cargos ocultos.<\/li>\n<li>Seleccionamos cuidadosamente a los mejores proveedores y trabajamos de forma continua en la mejora de nuestro servicio.<\/li>\n<\/ul>\n","protected":false},"excerpt":{"rendered":"<p>Idiomas: ingl\u00e9s, ruso, indonesio Descripci\u00f3n general El surf no es solo un deporte \u2014 es una forma de vida. La sensaci\u00f3n de deslizarte sobre una ola es imposible de describir \u2014 cada persona la vive de manera diferente En cualquier caso, es una excelente manera de poner a prueba tus capacidades f\u00edsicas, sentir nuevas emociones, [&hellip;]<\/p>\n","protected":false},"featured_media":18963,"comment_status":"open","ping_status":"closed","template":"","meta":{"_acf_changed":false},"product_brand":[],"product_cat":[510],"product_tag":[],"class_list":{"0":"post-18967","1":"product","2":"type-product","3":"status-publish","4":"has-post-thumbnail","6":"brw_tour_types-tour-privado","7":"brw_tour_types-viaje-en-grupo","8":"brw_parent_child-parent","9":"product_cat-extremo","11":"first","12":"instock","13":"shipping-taxable","14":"purchasable","15":"product-type-ovabrw_car_rental"},"acf":[],"_links":{"self":[{"href":"https:\/\/balisoultrips.com\/es\/wp-json\/wp\/v2\/product\/18967","targetHints":{"allow":["GET"]}}],"collection":[{"href":"https:\/\/balisoultrips.com\/es\/wp-json\/wp\/v2\/product"}],"about":[{"href":"https:\/\/balisoultrips.com\/es\/wp-json\/wp\/v2\/types\/product"}],"replies":[{"embeddable":true,"href":"https:\/\/balisoultrips.com\/es\/wp-json\/wp\/v2\/comments?post=18967"}],"wp:featuredmedia":[{"embeddable":true,"href":"https:\/\/balisoultrips.com\/es\/wp-json\/wp\/v2\/media\/18963"}],"wp:attachment":[{"href":"https:\/\/balisoultrips.com\/es\/wp-json\/wp\/v2\/media?parent=18967"}],"wp:term":[{"taxonomy":"product_brand","embeddable":true,"href":"https:\/\/balisoultrips.com\/es\/wp-json\/wp\/v2\/product_brand?post=18967"},{"taxonomy":"product_cat","embeddable":true,"href":"https:\/\/balisoultrips.com\/es\/wp-json\/wp\/v2\/product_cat?post=18967"},{"taxonomy":"product_tag","embeddable":true,"href":"https:\/\/balisoultrips.com\/es\/wp-json\/wp\/v2\/product_tag?post=18967"}],"curies":[{"name":"wp","href":"https:\/\/api.w.org\/{rel}","templated":true}]}}