{"id":18887,"date":"2025-10-12T22:08:19","date_gmt":"2025-10-12T14:08:19","guid":{"rendered":"https:\/\/balisoultrips.com\/product\/mount-batur-sunrise-trekking\/"},"modified":"2025-12-25T17:50:36","modified_gmt":"2025-12-25T09:50:36","slug":"mount-batur-sunrise-trekking","status":"publish","type":"product","link":"https:\/\/balisoultrips.com\/es\/producto\/mount-batur-sunrise-trekking\/","title":{"rendered":"Trekking al amanecer en el monte Batur"},"content":{"rendered":"<p class=\"p1\">Si te atreves a subir de noche al monte Batur, un volc\u00e1n activo pero actualmente en reposo, de 1.818 metros de altura, al amanecer ser\u00e1s recompensado con vistas impresionantes de una de las calderas m\u00e1s grandes del Sudeste Asi\u00e1tico<\/p>\n","protected":false},"excerpt":{"rendered":"[products ids=\"11406,11400\" columns=\"3\"]\n","protected":false},"featured_media":18886,"comment_status":"open","ping_status":"closed","template":"","meta":{"_acf_changed":false},"product_brand":[],"product_cat":[144,581],"product_tag":[],"class_list":{"0":"post-18887","1":"product","2":"type-product","3":"status-publish","4":"has-post-thumbnail","6":"brw_tour_types-tour-privado","7":"brw_tour_types-viaje-en-grupo","8":"brw_parent_child-parent","9":"product_cat-adventures","10":"product_cat-volcanes","12":"first","13":"instock","14":"shipping-taxable","15":"purchasable","16":"product-type-ovabrw_car_rental"},"acf":[],"_links":{"self":[{"href":"https:\/\/balisoultrips.com\/es\/wp-json\/wp\/v2\/product\/18887","targetHints":{"allow":["GET"]}}],"collection":[{"href":"https:\/\/balisoultrips.com\/es\/wp-json\/wp\/v2\/product"}],"about":[{"href":"https:\/\/balisoultrips.com\/es\/wp-json\/wp\/v2\/types\/product"}],"replies":[{"embeddable":true,"href":"https:\/\/balisoultrips.com\/es\/wp-json\/wp\/v2\/comments?post=18887"}],"wp:featuredmedia":[{"embeddable":true,"href":"https:\/\/balisoultrips.com\/es\/wp-json\/wp\/v2\/media\/18886"}],"wp:attachment":[{"href":"https:\/\/balisoultrips.com\/es\/wp-json\/wp\/v2\/media?parent=18887"}],"wp:term":[{"taxonomy":"product_brand","embeddable":true,"href":"https:\/\/balisoultrips.com\/es\/wp-json\/wp\/v2\/product_brand?post=18887"},{"taxonomy":"product_cat","embeddable":true,"href":"https:\/\/balisoultrips.com\/es\/wp-json\/wp\/v2\/product_cat?post=18887"},{"taxonomy":"product_tag","embeddable":true,"href":"https:\/\/balisoultrips.com\/es\/wp-json\/wp\/v2\/product_tag?post=18887"}],"curies":[{"name":"wp","href":"https:\/\/api.w.org\/{rel}","templated":true}]}}