{"id":18869,"date":"2025-10-13T00:32:31","date_gmt":"2025-10-12T16:32:31","guid":{"rendered":"https:\/\/balisoultrips.com\/product\/mount-ijen-hiking\/"},"modified":"2025-12-25T15:50:16","modified_gmt":"2025-12-25T07:50:16","slug":"mount-ijen-hiking","status":"publish","type":"product","link":"https:\/\/balisoultrips.com\/es\/producto\/mount-ijen-hiking\/","title":{"rendered":"Senderismo en el monte Ijen"},"content":{"rendered":"<h6 class=\"p1\"><strong>Idiomas<\/strong>: ingl\u00e9s, indonesio<\/h6>\n<h2>Descripci\u00f3n general<\/h2>\n<p class=\"p1\">El monte Ijen se encuentra en la isla de Java, y su punto m\u00e1s alto alcanza los 2.370 metros<\/p>\n<p class=\"p1\">El viaje comienza por la noche. De camino a la cumbre, podr\u00e1s ver las fascinantes llamas azules \u2014 el resultado de la combusti\u00f3n del azufre. La vista es impresionante, y la experiencia de la caminata nocturna deja una huella inolvidable. Al llegar a la cima, descender\u00e1s al cr\u00e1ter<\/p>\n<p class=\"p1\">El paisaje desde el volc\u00e1n es espectacular, y muchos visitantes vienen especialmente para ver el amanecer. Dentro del cr\u00e1ter hay un lago \u00e1cido de color turquesa \u2014 el m\u00e1s grande de su tipo en el mundo<\/p>\n<p class=\"p1\">Tendr\u00e1s la oportunidad de sacar fotos incre\u00edbles!<\/p>\n<p class=\"p1\">El viaje es a la vez esc\u00e9nico y emocionante, acompa\u00f1ado por un gu\u00eda que te mostrar\u00e1 los mejores miradores y compartir\u00e1 la fascinante historia del volc\u00e1n<\/p>\n<h3>Informaci\u00f3n importante<\/h3>\n<ul>\n<li>La reserva se realiza con pago completo por adelantado.<\/li>\n<li class=\"p1\">Altura del volc\u00e1n: 2799 metros<\/li>\n<li>Este tour es adecuado para personas con un nivel medio de condici\u00f3n f\u00edsica<\/li>\n<li>Tiempo promedio de subida y bajada: aproximadamente 6\u20137 horas<\/li>\n<li>Se permiten ni\u00f1os a partir de 12 a\u00f1os bajo la responsabilidad de sus padres<\/li>\n<li>El descenso al cr\u00e1ter hasta el lago no est\u00e1 acondicionado para un acceso seguro, por lo que no recomendamos bajar al cr\u00e1ter. En caso de descenso, el organizador del tour no se hace responsable de ninguna consecuencia<\/li>\n<li>La caminata al monte Ijen no se recomienda a personas con enfermedades respiratorias como asma, bronquitis cr\u00f3nica, enfermedad pulmonar obstructiva y otras afecciones respiratorias, as\u00ed como a mujeres embarazadas y a personas con insuficiencia card\u00edaca<\/li>\n<li>Si es necesario, puedes comprar o alquilar ropa de abrigo en el lugar (chaquetas, pantalones, gorros)<\/li>\n<li>Este tour incluye traslados largos en coche; para que tu viaje sea m\u00e1s c\u00f3modo, considera el \u201ctour de 2 d\u00edas a Ijen y al m\u00e1gico bosque Javatun Benchuluk\u201d<\/li>\n<li>Actuamos como servicio de reserva e intermediario entre el cliente y el proveedor que presta los servicios en Indonesia.<\/li>\n<li>Garantizamos precios y condiciones p\u00fablicos y transparentes, sin cargos ocultos.<\/li>\n<li>Seleccionamos cuidadosamente a los mejores proveedores y trabajamos de forma continua en la mejora de nuestro servicio.<\/li>\n<\/ul>\n","protected":false},"excerpt":{"rendered":"<p>Idiomas: ingl\u00e9s, indonesio Descripci\u00f3n general El monte Ijen se encuentra en la isla de Java, y su punto m\u00e1s alto alcanza los 2.370 metros El viaje comienza por la noche. De camino a la cumbre, podr\u00e1s ver las fascinantes llamas azules \u2014 el resultado de la combusti\u00f3n del azufre. La vista es impresionante, y la [&hellip;]<\/p>\n","protected":false},"featured_media":18863,"comment_status":"open","ping_status":"closed","template":"","meta":{"_acf_changed":false},"product_brand":[],"product_cat":[144,581],"product_tag":[],"class_list":{"0":"post-18869","1":"product","2":"type-product","3":"status-publish","4":"has-post-thumbnail","6":"brw_tour_types-tour-privado","7":"brw_parent_child-parent","8":"product_cat-adventures","9":"product_cat-volcanes","11":"first","12":"instock","13":"shipping-taxable","14":"purchasable","15":"product-type-ovabrw_car_rental"},"acf":[],"_links":{"self":[{"href":"https:\/\/balisoultrips.com\/es\/wp-json\/wp\/v2\/product\/18869","targetHints":{"allow":["GET"]}}],"collection":[{"href":"https:\/\/balisoultrips.com\/es\/wp-json\/wp\/v2\/product"}],"about":[{"href":"https:\/\/balisoultrips.com\/es\/wp-json\/wp\/v2\/types\/product"}],"replies":[{"embeddable":true,"href":"https:\/\/balisoultrips.com\/es\/wp-json\/wp\/v2\/comments?post=18869"}],"wp:featuredmedia":[{"embeddable":true,"href":"https:\/\/balisoultrips.com\/es\/wp-json\/wp\/v2\/media\/18863"}],"wp:attachment":[{"href":"https:\/\/balisoultrips.com\/es\/wp-json\/wp\/v2\/media?parent=18869"}],"wp:term":[{"taxonomy":"product_brand","embeddable":true,"href":"https:\/\/balisoultrips.com\/es\/wp-json\/wp\/v2\/product_brand?post=18869"},{"taxonomy":"product_cat","embeddable":true,"href":"https:\/\/balisoultrips.com\/es\/wp-json\/wp\/v2\/product_cat?post=18869"},{"taxonomy":"product_tag","embeddable":true,"href":"https:\/\/balisoultrips.com\/es\/wp-json\/wp\/v2\/product_tag?post=18869"}],"curies":[{"name":"wp","href":"https:\/\/api.w.org\/{rel}","templated":true}]}}