{"id":18797,"date":"2025-10-13T18:39:18","date_gmt":"2025-10-13T10:39:18","guid":{"rendered":"https:\/\/balisoultrips.com\/product\/climbing-mount-agung\/"},"modified":"2025-12-23T18:19:48","modified_gmt":"2025-12-23T10:19:48","slug":"climbing-mount-agung","status":"publish","type":"product","link":"https:\/\/balisoultrips.com\/es\/producto\/climbing-mount-agung\/","title":{"rendered":"Ascenso al Monte Agung"},"content":{"rendered":"<h6 class=\"p1\"><strong>Idiomas<\/strong>: ingl\u00e9s, indonesio<\/h6>\n<h2>Descripci\u00f3n general<\/h2>\n<p class=\"p1\">El Agung es uno de los volcanes activos de Indonesia y el punto m\u00e1s alto de Bali, con 3.142 metros sobre el nivel del mar. Los locales creen que los dioses habitan en su cima y lo llaman la \u201cGran Monta\u00f1a\u201d. Existen muchas leyendas sobre el Agung \u2014 todas dicen que el volc\u00e1n protege Bali de las fuerzas del mal y sirve como centro espiritual de la isla<\/p>\n<p class=\"p1\">Peregrinos y viajeros siempre han intentado conquistarlo. Subir al Monte Agung es un desaf\u00edo serio, incluso para quienes est\u00e1n en excelente forma f\u00edsica. El ascenso sigue una pendiente empinada y rocosa con una inclinaci\u00f3n de unos 45 grados. La subida dura de 4 a 6 horas y el descenso requiere aproximadamente el mismo tiempo. Durante todo el recorrido, las rodillas soportar\u00e1n una carga considerable<\/p>\n<p class=\"p1\">Pero el amanecer en la cima de la \u201cGran Monta\u00f1a\u201d vale cada paso. Por encima de las nubes \u2014 donde habitan los dioses \u2014 ver\u00e1s c\u00f3mo el sol despierta y toca la tierra con sus primeros rayos. \u00a1Son momentos realmente m\u00e1gicos!<\/p>\n<h3>Informaci\u00f3n importante<\/h3>\n<ul>\n<li>La reserva se realiza con pago completo por adelantado.<\/li>\n<li>Altura del volc\u00e1n: 3142 metros<\/li>\n<li>Un gu\u00eda acompa\u00f1a a dos o tres personas<\/li>\n<li>El tiempo promedio de subida y bajada es de aproximadamente 14\u201316 horas<\/li>\n<li>La longitud de la ruta hasta el cr\u00e1ter es de 14,5 km<\/li>\n<li class=\"p1\">Subir al Monte Agung es un desaf\u00edo f\u00edsico serio que requiere una buena preparaci\u00f3n<\/li>\n<li class=\"p1\">Las personas con problemas articulares o card\u00edacos tienen prohibido realizar la subida<\/li>\n<li class=\"p1\">Los gu\u00edas que te ayudar\u00e1n durante el ascenso pueden no hablar ingl\u00e9s y puede que no tengan habilidades profesionales de guiado. Por lo tanto, la seguridad de la subida depende en gran medida de tu condici\u00f3n f\u00edsica y de tu preparaci\u00f3n<\/li>\n<li>No hay lugares para comprar agua mineral o snacks en las laderas del volc\u00e1n, por lo que es mejor prepararlos con antelaci\u00f3n<\/li>\n<li>Importante: BaliSoulTrips.com no se hace responsable de las condiciones meteorol\u00f3gicas en las fechas en las que hayas reservado el tour. El clima en la caldera del volc\u00e1n Agung es impredecible \u2014 durante el ascenso pueden aparecer niebla, lluvia y baja visibilidad, especialmente en la temporada de lluvias<\/li>\n<li>Actuamos como servicio de reserva e intermediario entre el cliente y el proveedor que presta los servicios en Indonesia.<\/li>\n<li>Garantizamos precios y condiciones p\u00fablicos y transparentes, sin cargos ocultos.<\/li>\n<li>Seleccionamos cuidadosamente a los mejores proveedores y trabajamos de forma continua en la mejora de nuestro servicio.<\/li>\n<\/ul>\n","protected":false},"excerpt":{"rendered":"<p>Idiomas: ingl\u00e9s, indonesio Descripci\u00f3n general El Agung es uno de los volcanes activos de Indonesia y el punto m\u00e1s alto de Bali, con 3.142 metros sobre el nivel del mar. Los locales creen que los dioses habitan en su cima y lo llaman la \u201cGran Monta\u00f1a\u201d. Existen muchas leyendas sobre el Agung \u2014 todas dicen [&hellip;]<\/p>\n","protected":false},"featured_media":18792,"comment_status":"open","ping_status":"closed","template":"","meta":{"_acf_changed":false},"product_brand":[],"product_cat":[144,581],"product_tag":[],"class_list":{"0":"post-18797","1":"product","2":"type-product","3":"status-publish","4":"has-post-thumbnail","6":"brw_tour_types-tour-privado","7":"brw_parent_child-parent","8":"product_cat-adventures","9":"product_cat-volcanes","11":"first","12":"instock","13":"shipping-taxable","14":"purchasable","15":"product-type-ovabrw_car_rental"},"acf":[],"_links":{"self":[{"href":"https:\/\/balisoultrips.com\/es\/wp-json\/wp\/v2\/product\/18797","targetHints":{"allow":["GET"]}}],"collection":[{"href":"https:\/\/balisoultrips.com\/es\/wp-json\/wp\/v2\/product"}],"about":[{"href":"https:\/\/balisoultrips.com\/es\/wp-json\/wp\/v2\/types\/product"}],"replies":[{"embeddable":true,"href":"https:\/\/balisoultrips.com\/es\/wp-json\/wp\/v2\/comments?post=18797"}],"wp:featuredmedia":[{"embeddable":true,"href":"https:\/\/balisoultrips.com\/es\/wp-json\/wp\/v2\/media\/18792"}],"wp:attachment":[{"href":"https:\/\/balisoultrips.com\/es\/wp-json\/wp\/v2\/media?parent=18797"}],"wp:term":[{"taxonomy":"product_brand","embeddable":true,"href":"https:\/\/balisoultrips.com\/es\/wp-json\/wp\/v2\/product_brand?post=18797"},{"taxonomy":"product_cat","embeddable":true,"href":"https:\/\/balisoultrips.com\/es\/wp-json\/wp\/v2\/product_cat?post=18797"},{"taxonomy":"product_tag","embeddable":true,"href":"https:\/\/balisoultrips.com\/es\/wp-json\/wp\/v2\/product_tag?post=18797"}],"curies":[{"name":"wp","href":"https:\/\/api.w.org\/{rel}","templated":true}]}}